{"id":3302,"date":"2025-08-21T09:43:41","date_gmt":"2025-08-21T09:43:41","guid":{"rendered":"https:\/\/www.brikaelektrik.al\/?post_type=product&#038;p=3302"},"modified":"2025-08-21T09:43:41","modified_gmt":"2025-08-21T09:43:41","slug":"prize-inkaso-kuti-cp-3p-3x16a","status":"publish","type":"product","link":"https:\/\/www.brikaelektrik.al\/al\/produkt\/prize-inkaso-kuti-cp-3p-3x16a\/","title":{"rendered":"PRIZ\u00cb INKASO KUTI C+P 3P 3X16A"},"content":{"rendered":"<p><strong data-start=\"189\" data-end=\"198\">Seria<\/strong>: 27 COMBI<br data-start=\"235\" data-end=\"238\" \/><strong data-start=\"238\" data-end=\"247\">Lloji<\/strong>: Priz\u00eb industriale 2P+T, 16A, 230V AC, IP44<br data-start=\"291\" data-end=\"294\" \/><strong data-start=\"294\" data-end=\"304\">Ngjyra<\/strong>: Gri RAL 7035<br data-start=\"318\" data-end=\"321\" data-is-only-node=\"\" \/><strong data-start=\"321\" data-end=\"334\">Materiali<\/strong>: Teknopolimer i vet\u00eb-shuar\u00eb<br data-start=\"362\" data-end=\"365\" \/><strong data-start=\"365\" data-end=\"377\">Mbrojtje<\/strong>: IP44<br data-start=\"383\" data-end=\"386\" \/><strong data-start=\"386\" data-end=\"406\">Tensioni nominal<\/strong>: 230\u202fV AC<br data-start=\"416\" data-end=\"419\" \/><strong data-start=\"419\" data-end=\"439\">Currenti nominal<\/strong>: 16\u202fA<\/p>","protected":false},"excerpt":{"rendered":"<p>Seria: 27 COMBILloji: Priz\u00eb industriale 2P+T, 16A, 230V AC, IP44Ngjyra: Gri RAL 7035Materiali: Teknopolimer i vet\u00eb-shuar\u00ebMbrojtje: IP44Tensioni nominal: 230\u202fV ACCurrenti nominal: 16\u202fA<\/p>","protected":false},"featured_media":3303,"comment_status":"open","ping_status":"closed","template":"","meta":{"_acf_changed":false},"product_brand":[],"product_cat":[40,69],"product_tag":[],"class_list":{"0":"post-3302","1":"product","2":"type-product","3":"status-publish","4":"has-post-thumbnail","6":"product_cat-serite-civile","7":"product_cat-gewiss-system","9":"first","10":"instock","11":"shipping-taxable","12":"product-type-simple"},"acf":[],"_links":{"self":[{"href":"https:\/\/www.brikaelektrik.al\/al\/wp-json\/wp\/v2\/product\/3302","targetHints":{"allow":["GET"]}}],"collection":[{"href":"https:\/\/www.brikaelektrik.al\/al\/wp-json\/wp\/v2\/product"}],"about":[{"href":"https:\/\/www.brikaelektrik.al\/al\/wp-json\/wp\/v2\/types\/product"}],"replies":[{"embeddable":true,"href":"https:\/\/www.brikaelektrik.al\/al\/wp-json\/wp\/v2\/comments?post=3302"}],"wp:featuredmedia":[{"embeddable":true,"href":"https:\/\/www.brikaelektrik.al\/al\/wp-json\/wp\/v2\/media\/3303"}],"wp:attachment":[{"href":"https:\/\/www.brikaelektrik.al\/al\/wp-json\/wp\/v2\/media?parent=3302"}],"wp:term":[{"taxonomy":"product_brand","embeddable":true,"href":"https:\/\/www.brikaelektrik.al\/al\/wp-json\/wp\/v2\/product_brand?post=3302"},{"taxonomy":"product_cat","embeddable":true,"href":"https:\/\/www.brikaelektrik.al\/al\/wp-json\/wp\/v2\/product_cat?post=3302"},{"taxonomy":"product_tag","embeddable":true,"href":"https:\/\/www.brikaelektrik.al\/al\/wp-json\/wp\/v2\/product_tag?post=3302"}],"curies":[{"name":"wp","href":"https:\/\/api.w.org\/{rel}","templated":true}]}}