{"id":3305,"date":"2025-08-21T09:47:39","date_gmt":"2025-08-21T09:47:39","guid":{"rendered":"https:\/\/www.brikaelektrik.al\/?post_type=product&#038;p=3305"},"modified":"2025-08-21T09:47:39","modified_gmt":"2025-08-21T09:47:39","slug":"prize-inkaso-kuti-cp-3p-4x16a","status":"publish","type":"product","link":"https:\/\/www.brikaelektrik.al\/al\/produkt\/prize-inkaso-kuti-cp-3p-4x16a\/","title":{"rendered":"PRIZ\u00cb INKASO KUTI C+P 3P 4X16A"},"content":{"rendered":"<p><strong data-start=\"160\" data-end=\"169\">Seria<\/strong>: 27 COMBI<br data-start=\"206\" data-end=\"209\" \/><strong data-start=\"209\" data-end=\"218\">Lloji<\/strong>: Priz\u00eb industriale p\u00ebr mur, 3P+E, 16\u202fA, 400\u202fV AC, p\u00ebrputhje me IEC\u00a0309<br data-start=\"289\" data-end=\"292\" \/><strong data-start=\"292\" data-end=\"302\" data-is-only-node=\"\">Ngjyra<\/strong>: Gri RAL\u202f7035<br data-start=\"316\" data-end=\"319\" \/><strong data-start=\"319\" data-end=\"332\">Materiali<\/strong>: Plastike teknike (teknopolimer)<br data-start=\"365\" data-end=\"368\" \/><strong data-start=\"368\" data-end=\"380\">Mbrojtje<\/strong>: IP44 \u2013 mbrojtje nga uji plus pluhuri<br data-start=\"418\" data-end=\"421\" \/><strong data-start=\"421\" data-end=\"441\">Klasa e izolimit<\/strong>: II<br data-start=\"445\" data-end=\"448\" \/><strong data-start=\"448\" data-end=\"493\">P\u00ebrmasa (Gjer\u00ebsia \u00d7 Lart\u00ebsia \u00d7 Thell\u00ebsia)<\/strong>: 116\u202f\u00d7\u202f90\u202f\u00d7\u202f45\u202fmm<br data-start=\"511\" data-end=\"514\" \/><strong data-start=\"514\" data-end=\"534\">Tensioni nominal<\/strong>: 400\u202fV AC<br data-start=\"544\" data-end=\"547\" \/><strong data-start=\"547\" data-end=\"567\">Currenti nominal<\/strong>: 16\u202fA<br data-start=\"573\" data-end=\"576\" \/><strong data-start=\"576\" data-end=\"594\">Numri i poleve<\/strong>: 3P + E<\/p>","protected":false},"excerpt":{"rendered":"<p>Seria: 27 COMBILloji: Priz\u00eb industriale p\u00ebr mur, 3P+E, 16\u202fA, 400\u202fV AC, p\u00ebrputhje me IEC\u00a0309Ngjyra: Gri RAL\u202f7035Materiali: Plastike teknike (teknopolimer)Mbrojtje: IP44 \u2013 mbrojtje nga uji plus pluhuriKlasa e izolimit: IIP\u00ebrmasa (Gjer\u00ebsia \u00d7 Lart\u00ebsia \u00d7 Thell\u00ebsia): 116\u202f\u00d7\u202f90\u202f\u00d7\u202f45\u202fmmTensioni nominal: 400\u202fV ACCurrenti nominal: 16\u202fANumri i poleve: 3P + E<\/p>","protected":false},"featured_media":3306,"comment_status":"open","ping_status":"closed","template":"","meta":{"_acf_changed":false},"product_brand":[],"product_cat":[40,69],"product_tag":[],"class_list":{"0":"post-3305","1":"product","2":"type-product","3":"status-publish","4":"has-post-thumbnail","6":"product_cat-serite-civile","7":"product_cat-gewiss-system","9":"first","10":"instock","11":"shipping-taxable","12":"product-type-simple"},"acf":[],"_links":{"self":[{"href":"https:\/\/www.brikaelektrik.al\/al\/wp-json\/wp\/v2\/product\/3305","targetHints":{"allow":["GET"]}}],"collection":[{"href":"https:\/\/www.brikaelektrik.al\/al\/wp-json\/wp\/v2\/product"}],"about":[{"href":"https:\/\/www.brikaelektrik.al\/al\/wp-json\/wp\/v2\/types\/product"}],"replies":[{"embeddable":true,"href":"https:\/\/www.brikaelektrik.al\/al\/wp-json\/wp\/v2\/comments?post=3305"}],"wp:featuredmedia":[{"embeddable":true,"href":"https:\/\/www.brikaelektrik.al\/al\/wp-json\/wp\/v2\/media\/3306"}],"wp:attachment":[{"href":"https:\/\/www.brikaelektrik.al\/al\/wp-json\/wp\/v2\/media?parent=3305"}],"wp:term":[{"taxonomy":"product_brand","embeddable":true,"href":"https:\/\/www.brikaelektrik.al\/al\/wp-json\/wp\/v2\/product_brand?post=3305"},{"taxonomy":"product_cat","embeddable":true,"href":"https:\/\/www.brikaelektrik.al\/al\/wp-json\/wp\/v2\/product_cat?post=3305"},{"taxonomy":"product_tag","embeddable":true,"href":"https:\/\/www.brikaelektrik.al\/al\/wp-json\/wp\/v2\/product_tag?post=3305"}],"curies":[{"name":"wp","href":"https:\/\/api.w.org\/{rel}","templated":true}]}}