{"id":3308,"date":"2025-08-21T09:48:56","date_gmt":"2025-08-21T09:48:56","guid":{"rendered":"https:\/\/www.brikaelektrik.al\/?post_type=product&#038;p=3308"},"modified":"2025-08-21T09:48:57","modified_gmt":"2025-08-21T09:48:57","slug":"reostat-100-900v","status":"publish","type":"product","link":"https:\/\/www.brikaelektrik.al\/al\/produkt\/reostat-100-900v\/","title":{"rendered":"REOSTAT 100-900V"},"content":{"rendered":"<p><strong data-start=\"204\" data-end=\"213\">Seria<\/strong>: System Black<br data-start=\"254\" data-end=\"257\" \/><strong data-start=\"257\" data-end=\"266\">Lloji<\/strong>: Regulator elektronik rotativ (dimmer) p\u00ebr ngarkesa rezistive dhe induktive, 1 modul<br data-start=\"351\" data-end=\"354\" \/><strong data-start=\"354\" data-end=\"364\" data-is-only-node=\"\">Ngjyra<\/strong>: E zez\u00eb satin\u00eb<br data-start=\"379\" data-end=\"382\" \/><strong data-start=\"382\" data-end=\"395\">Materiali<\/strong>: Teknopolimer<br data-start=\"409\" data-end=\"412\" \/><strong data-start=\"412\" data-end=\"424\">Mbrojtje<\/strong>: IP20<br data-start=\"430\" data-end=\"433\" \/><strong data-start=\"433\" data-end=\"458\">Tensioni i furnizimit<\/strong>: 230\u202fV AC, 50\/60\u202fHz<br data-start=\"478\" data-end=\"481\" \/><strong data-start=\"481\" data-end=\"503\">Ngarkesa rezistive<\/strong>: 100\u202f\u2013\u202f900\u202fW<br data-start=\"516\" data-end=\"519\" \/><strong data-start=\"519\" data-end=\"541\">Ngarkesa induktive<\/strong>: 40\u202f\u2013\u202f300\u202fVA<br data-start=\"554\" data-end=\"557\" \/><strong data-start=\"557\" data-end=\"569\">Modulare<\/strong>: 1 modul<\/p>","protected":false},"excerpt":{"rendered":"<p>Seria: System BlackLloji: Regulator elektronik rotativ (dimmer) p\u00ebr ngarkesa rezistive dhe induktive, 1 modulNgjyra: E zez\u00eb satin\u00ebMateriali: TeknopolimerMbrojtje: IP20Tensioni i furnizimit: 230\u202fV AC, 50\/60\u202fHzNgarkesa rezistive: 100\u202f\u2013\u202f900\u202fWNgarkesa induktive: 40\u202f\u2013\u202f300\u202fVAModulare: 1 modul<\/p>","protected":false},"featured_media":3309,"comment_status":"open","ping_status":"closed","template":"","meta":{"_acf_changed":false},"product_brand":[],"product_cat":[40,69],"product_tag":[],"class_list":{"0":"post-3308","1":"product","2":"type-product","3":"status-publish","4":"has-post-thumbnail","6":"product_cat-serite-civile","7":"product_cat-gewiss-system","9":"first","10":"instock","11":"shipping-taxable","12":"product-type-simple"},"acf":[],"_links":{"self":[{"href":"https:\/\/www.brikaelektrik.al\/al\/wp-json\/wp\/v2\/product\/3308","targetHints":{"allow":["GET"]}}],"collection":[{"href":"https:\/\/www.brikaelektrik.al\/al\/wp-json\/wp\/v2\/product"}],"about":[{"href":"https:\/\/www.brikaelektrik.al\/al\/wp-json\/wp\/v2\/types\/product"}],"replies":[{"embeddable":true,"href":"https:\/\/www.brikaelektrik.al\/al\/wp-json\/wp\/v2\/comments?post=3308"}],"wp:featuredmedia":[{"embeddable":true,"href":"https:\/\/www.brikaelektrik.al\/al\/wp-json\/wp\/v2\/media\/3309"}],"wp:attachment":[{"href":"https:\/\/www.brikaelektrik.al\/al\/wp-json\/wp\/v2\/media?parent=3308"}],"wp:term":[{"taxonomy":"product_brand","embeddable":true,"href":"https:\/\/www.brikaelektrik.al\/al\/wp-json\/wp\/v2\/product_brand?post=3308"},{"taxonomy":"product_cat","embeddable":true,"href":"https:\/\/www.brikaelektrik.al\/al\/wp-json\/wp\/v2\/product_cat?post=3308"},{"taxonomy":"product_tag","embeddable":true,"href":"https:\/\/www.brikaelektrik.al\/al\/wp-json\/wp\/v2\/product_tag?post=3308"}],"curies":[{"name":"wp","href":"https:\/\/api.w.org\/{rel}","templated":true}]}}