{"id":3312,"date":"2025-08-21T09:51:20","date_gmt":"2025-08-21T09:51:20","guid":{"rendered":"https:\/\/www.brikaelektrik.al\/?post_type=product&#038;p=3312"},"modified":"2025-08-21T09:51:20","modified_gmt":"2025-08-21T09:51:20","slug":"prize-tv-pasante","status":"publish","type":"product","link":"https:\/\/www.brikaelektrik.al\/al\/produkt\/prize-tv-pasante\/","title":{"rendered":"PRIZ\u00cb TV PASANTE"},"content":{"rendered":"<p><strong data-start=\"258\" data-end=\"267\">Seria<\/strong>: System White<br data-start=\"308\" data-end=\"311\" \/><strong data-start=\"311\" data-end=\"320\">Lloji<\/strong>: Priz\u00eb e kalueshme TV koaksiale, konketor IEC fem\u00ebr 9,5 mm, 1 modul<br data-start=\"388\" data-end=\"391\" \/><strong data-start=\"391\" data-end=\"401\" data-is-only-node=\"\">Ngjyra<\/strong>: E bardh\u00eb (e ndritshme)<br data-start=\"425\" data-end=\"428\" \/><strong data-start=\"428\" data-end=\"441\">Materiali<\/strong>: Teknopolimer<br data-start=\"455\" data-end=\"458\" \/><strong data-start=\"483\" data-end=\"504\">Frekuenca e pun\u00ebs<\/strong>: 40\u2013860\u202fMHz<br data-start=\"516\" data-end=\"519\" \/><strong data-start=\"519\" data-end=\"541\">Kapacitet lidhjeje<\/strong>: Me vida<br data-start=\"550\" data-end=\"553\" \/><strong data-start=\"553\" data-end=\"565\">Mbrojtje<\/strong>: IP20<br data-start=\"571\" data-end=\"574\" \/><strong data-start=\"574\" data-end=\"588\">Nr. module<\/strong>: 1<\/p>","protected":false},"excerpt":{"rendered":"<p>Seria: System WhiteLloji: Priz\u00eb e kalueshme TV koaksiale, konketor IEC fem\u00ebr 9,5 mm, 1 modulNgjyra: E bardh\u00eb (e ndritshme)Materiali: TeknopolimerFrekuenca e pun\u00ebs: 40\u2013860\u202fMHzKapacitet lidhjeje: Me vidaMbrojtje: IP20Nr. module: 1<\/p>","protected":false},"featured_media":3313,"comment_status":"open","ping_status":"closed","template":"","meta":{"_acf_changed":false},"product_brand":[],"product_cat":[40,69],"product_tag":[],"class_list":{"0":"post-3312","1":"product","2":"type-product","3":"status-publish","4":"has-post-thumbnail","6":"product_cat-serite-civile","7":"product_cat-gewiss-system","9":"first","10":"instock","11":"shipping-taxable","12":"product-type-simple"},"acf":[],"_links":{"self":[{"href":"https:\/\/www.brikaelektrik.al\/al\/wp-json\/wp\/v2\/product\/3312","targetHints":{"allow":["GET"]}}],"collection":[{"href":"https:\/\/www.brikaelektrik.al\/al\/wp-json\/wp\/v2\/product"}],"about":[{"href":"https:\/\/www.brikaelektrik.al\/al\/wp-json\/wp\/v2\/types\/product"}],"replies":[{"embeddable":true,"href":"https:\/\/www.brikaelektrik.al\/al\/wp-json\/wp\/v2\/comments?post=3312"}],"wp:featuredmedia":[{"embeddable":true,"href":"https:\/\/www.brikaelektrik.al\/al\/wp-json\/wp\/v2\/media\/3313"}],"wp:attachment":[{"href":"https:\/\/www.brikaelektrik.al\/al\/wp-json\/wp\/v2\/media?parent=3312"}],"wp:term":[{"taxonomy":"product_brand","embeddable":true,"href":"https:\/\/www.brikaelektrik.al\/al\/wp-json\/wp\/v2\/product_brand?post=3312"},{"taxonomy":"product_cat","embeddable":true,"href":"https:\/\/www.brikaelektrik.al\/al\/wp-json\/wp\/v2\/product_cat?post=3312"},{"taxonomy":"product_tag","embeddable":true,"href":"https:\/\/www.brikaelektrik.al\/al\/wp-json\/wp\/v2\/product_tag?post=3312"}],"curies":[{"name":"wp","href":"https:\/\/api.w.org\/{rel}","templated":true}]}}