{"id":3323,"date":"2025-08-21T09:58:55","date_gmt":"2025-08-21T09:58:55","guid":{"rendered":"https:\/\/www.brikaelektrik.al\/?post_type=product&#038;p=3323"},"modified":"2025-08-21T09:58:55","modified_gmt":"2025-08-21T09:58:55","slug":"pulsant-3-modulare-e-zeze","status":"publish","type":"product","link":"https:\/\/www.brikaelektrik.al\/al\/produkt\/pulsant-3-modulare-e-zeze\/","title":{"rendered":"PULSANT 3 MODULARE E ZEZ\u00cb"},"content":{"rendered":"<p><strong data-start=\"171\" data-end=\"180\">Seria<\/strong>: System Black<br data-start=\"221\" data-end=\"224\" \/><strong data-start=\"224\" data-end=\"233\">Lloji<\/strong>: Buton 1P NO me em\u00ebrtim t\u00eb ndri\u00e7uesh\u00ebm nga prapa (backlit), 10\u202fA, 250\u202fV AC<br data-start=\"308\" data-end=\"311\" \/><strong data-start=\"311\" data-end=\"321\" data-is-only-node=\"\">Ngjyra<\/strong>: E zez\u00eb satin\u00eb<br data-start=\"336\" data-end=\"339\" \/><strong data-start=\"339\" data-end=\"352\">Materiali<\/strong>: Teknopolimer<br data-start=\"366\" data-end=\"369\" \/><strong data-start=\"369\" data-end=\"381\">Mbrojtje<\/strong>: IP20<br data-start=\"387\" data-end=\"390\" \/><strong data-start=\"390\" data-end=\"410\">Tensioni nominal<\/strong>: 250\u202fV AC<br data-start=\"420\" data-end=\"423\" \/><strong data-start=\"423\" data-end=\"443\">Currenti nominal<\/strong>: 10\u202fA<br data-start=\"449\" data-end=\"452\" \/><strong data-start=\"452\" data-end=\"466\">Nr. module<\/strong>: 3<\/p>","protected":false},"excerpt":{"rendered":"<p>Seria: System BlackLloji: Buton 1P NO me em\u00ebrtim t\u00eb ndri\u00e7uesh\u00ebm nga prapa (backlit), 10\u202fA, 250\u202fV ACNgjyra: E zez\u00eb satin\u00ebMateriali: TeknopolimerMbrojtje: IP20Tensioni nominal: 250\u202fV ACCurrenti nominal: 10\u202fANr. module: 3<\/p>","protected":false},"featured_media":3324,"comment_status":"open","ping_status":"closed","template":"","meta":{"_acf_changed":false},"product_brand":[],"product_cat":[40,69],"product_tag":[],"class_list":{"0":"post-3323","1":"product","2":"type-product","3":"status-publish","4":"has-post-thumbnail","6":"product_cat-serite-civile","7":"product_cat-gewiss-system","9":"first","10":"instock","11":"shipping-taxable","12":"product-type-simple"},"acf":[],"_links":{"self":[{"href":"https:\/\/www.brikaelektrik.al\/al\/wp-json\/wp\/v2\/product\/3323","targetHints":{"allow":["GET"]}}],"collection":[{"href":"https:\/\/www.brikaelektrik.al\/al\/wp-json\/wp\/v2\/product"}],"about":[{"href":"https:\/\/www.brikaelektrik.al\/al\/wp-json\/wp\/v2\/types\/product"}],"replies":[{"embeddable":true,"href":"https:\/\/www.brikaelektrik.al\/al\/wp-json\/wp\/v2\/comments?post=3323"}],"wp:featuredmedia":[{"embeddable":true,"href":"https:\/\/www.brikaelektrik.al\/al\/wp-json\/wp\/v2\/media\/3324"}],"wp:attachment":[{"href":"https:\/\/www.brikaelektrik.al\/al\/wp-json\/wp\/v2\/media?parent=3323"}],"wp:term":[{"taxonomy":"product_brand","embeddable":true,"href":"https:\/\/www.brikaelektrik.al\/al\/wp-json\/wp\/v2\/product_brand?post=3323"},{"taxonomy":"product_cat","embeddable":true,"href":"https:\/\/www.brikaelektrik.al\/al\/wp-json\/wp\/v2\/product_cat?post=3323"},{"taxonomy":"product_tag","embeddable":true,"href":"https:\/\/www.brikaelektrik.al\/al\/wp-json\/wp\/v2\/product_tag?post=3323"}],"curies":[{"name":"wp","href":"https:\/\/api.w.org\/{rel}","templated":true}]}}