{"id":3326,"date":"2025-08-21T09:59:54","date_gmt":"2025-08-21T09:59:54","guid":{"rendered":"https:\/\/www.brikaelektrik.al\/?post_type=product&#038;p=3326"},"modified":"2025-08-21T09:59:54","modified_gmt":"2025-08-21T09:59:54","slug":"pulsant-me-litar-2","status":"publish","type":"product","link":"https:\/\/www.brikaelektrik.al\/al\/produkt\/pulsant-me-litar-2\/","title":{"rendered":"PULSANT ME LITAR"},"content":{"rendered":"<p><strong data-start=\"162\" data-end=\"171\">Seria<\/strong>: System White<br data-start=\"212\" data-end=\"215\" \/><strong data-start=\"215\" data-end=\"224\">Lloji<\/strong>: Buton bipolar (2P NO), 10\u202fA, 250\u202fV, me cordon t\u00ebrheq\u00ebs, 1 modul<br data-start=\"289\" data-end=\"292\" \/><strong data-start=\"292\" data-end=\"302\" data-is-only-node=\"\">Ngjyra<\/strong>: E bardh\u00eb (Gloss White)<br data-start=\"326\" data-end=\"329\" \/><strong data-start=\"329\" data-end=\"342\">Materiali<\/strong>: Teknopolimer<br data-start=\"356\" data-end=\"359\" \/><strong data-start=\"359\" data-end=\"371\">Mbrojtje<\/strong>: IP20<br data-start=\"377\" data-end=\"380\" \/><strong data-start=\"380\" data-end=\"400\">Tensioni nominal<\/strong>: 250\u202fV AC<br data-start=\"410\" data-end=\"413\" \/><strong data-start=\"413\" data-end=\"433\">Currenti nominal<\/strong>: 10\u202fA<\/p>","protected":false},"excerpt":{"rendered":"<p>Seria: System WhiteLloji: Buton bipolar (2P NO), 10\u202fA, 250\u202fV, me cordon t\u00ebrheq\u00ebs, 1 modulNgjyra: E bardh\u00eb (Gloss White)Materiali: TeknopolimerMbrojtje: IP20Tensioni nominal: 250\u202fV ACCurrenti nominal: 10\u202fA<\/p>","protected":false},"featured_media":3327,"comment_status":"open","ping_status":"closed","template":"","meta":{"_acf_changed":false},"product_brand":[],"product_cat":[40,69],"product_tag":[],"class_list":{"0":"post-3326","1":"product","2":"type-product","3":"status-publish","4":"has-post-thumbnail","6":"product_cat-serite-civile","7":"product_cat-gewiss-system","9":"first","10":"instock","11":"shipping-taxable","12":"product-type-simple"},"acf":[],"_links":{"self":[{"href":"https:\/\/www.brikaelektrik.al\/al\/wp-json\/wp\/v2\/product\/3326","targetHints":{"allow":["GET"]}}],"collection":[{"href":"https:\/\/www.brikaelektrik.al\/al\/wp-json\/wp\/v2\/product"}],"about":[{"href":"https:\/\/www.brikaelektrik.al\/al\/wp-json\/wp\/v2\/types\/product"}],"replies":[{"embeddable":true,"href":"https:\/\/www.brikaelektrik.al\/al\/wp-json\/wp\/v2\/comments?post=3326"}],"wp:featuredmedia":[{"embeddable":true,"href":"https:\/\/www.brikaelektrik.al\/al\/wp-json\/wp\/v2\/media\/3327"}],"wp:attachment":[{"href":"https:\/\/www.brikaelektrik.al\/al\/wp-json\/wp\/v2\/media?parent=3326"}],"wp:term":[{"taxonomy":"product_brand","embeddable":true,"href":"https:\/\/www.brikaelektrik.al\/al\/wp-json\/wp\/v2\/product_brand?post=3326"},{"taxonomy":"product_cat","embeddable":true,"href":"https:\/\/www.brikaelektrik.al\/al\/wp-json\/wp\/v2\/product_cat?post=3326"},{"taxonomy":"product_tag","embeddable":true,"href":"https:\/\/www.brikaelektrik.al\/al\/wp-json\/wp\/v2\/product_tag?post=3326"}],"curies":[{"name":"wp","href":"https:\/\/api.w.org\/{rel}","templated":true}]}}