{"id":3332,"date":"2025-08-21T10:05:26","date_gmt":"2025-08-21T10:05:26","guid":{"rendered":"https:\/\/www.brikaelektrik.al\/?post_type=product&#038;p=3332"},"modified":"2025-08-21T10:05:26","modified_gmt":"2025-08-21T10:05:26","slug":"salvavit-2p-25a-30ma","status":"publish","type":"product","link":"https:\/\/www.brikaelektrik.al\/al\/produkt\/salvavit-2p-25a-30ma\/","title":{"rendered":"SALVAVIT 2P\/25A 30MA"},"content":{"rendered":"<p><strong data-start=\"225\" data-end=\"234\">Seria<\/strong>: 90\u202fRCD \u2013 IDP (Interruttore Differenziale Puro)<br data-start=\"309\" data-end=\"312\" \/><strong data-start=\"312\" data-end=\"321\">Lloji<\/strong>: \u00c7el\u00ebs diferencial i \u201cpast\u00ebr\u201d (RCD), 2P, 25\u202fA, tip AC, nd\u00ebrhyrje instant q\u00eb nuk nd\u00ebrpret furnizimin (ReStart)<br data-start=\"431\" data-end=\"434\" \/><strong data-start=\"434\" data-end=\"444\" data-is-only-node=\"\">Ngjyra<\/strong>: Standard gri p\u00ebr modula DIN<br data-start=\"473\" data-end=\"476\" \/><strong data-start=\"476\" data-end=\"489\">Materiali<\/strong>: Nuk specifikohet (plastik\u00eb teknike e rezistente)<br data-start=\"539\" data-end=\"542\" \/><strong data-start=\"542\" data-end=\"554\">Mbrojtje<\/strong>: IP20<br data-start=\"560\" data-end=\"563\" \/><strong data-start=\"563\" data-end=\"588\">Nr. module (EN 50022)<\/strong>: 2 modula<br data-start=\"598\" data-end=\"601\" \/><strong data-start=\"601\" data-end=\"621\">Tensioni nominal<\/strong>: 230\/240\u202fV AC<br data-start=\"635\" data-end=\"638\" \/><strong data-start=\"638\" data-end=\"656\">Fuqia nominale<\/strong>: 25\u202fA<br data-start=\"662\" data-end=\"665\" \/><strong data-start=\"665\" data-end=\"702\">Rryma diferenciale nominale (Idn)<\/strong>: 30\u202fmA (0,03\u202fA)<br data-start=\"718\" data-end=\"721\" \/><strong data-start=\"721\" data-end=\"729\">Tipi<\/strong>: AC (vet\u00ebm p\u00ebr rrjedh\u00eb alternative)<br data-start=\"765\" data-end=\"768\" \/><strong data-start=\"768\" data-end=\"781\">Frekuenca<\/strong>: 50\/60\u202fHz<br data-start=\"791\" data-end=\"794\" \/><strong data-start=\"794\" data-end=\"816\">Tension izolimi Ui<\/strong>: 500\u202fV<br data-start=\"823\" data-end=\"826\" \/><strong data-start=\"826\" data-end=\"850\">Tension impulse Uimp<\/strong>: 4\u202fkV<br data-start=\"856\" data-end=\"859\" \/><strong data-start=\"859\" data-end=\"884\">Kategoria mbingarkese<\/strong>: III<br data-start=\"889\" data-end=\"892\" \/><strong data-start=\"892\" data-end=\"929\">Rezistenc\u00eb ndaj impulsi (8\/20\u202f\u00b5s)<\/strong>: 250\u202fA<\/p>","protected":false},"excerpt":{"rendered":"<p>Seria: 90\u202fRCD \u2013 IDP (Interruttore Differenziale Puro)Lloji: \u00c7el\u00ebs diferencial i \u201cpast\u00ebr\u201d (RCD), 2P, 25\u202fA, tip AC, nd\u00ebrhyrje instant q\u00eb nuk nd\u00ebrpret furnizimin (ReStart)Ngjyra: Standard gri p\u00ebr modula DINMateriali: Nuk specifikohet (plastik\u00eb teknike e rezistente)Mbrojtje: IP20Nr. module (EN 50022): 2 modulaTensioni nominal: 230\/240\u202fV ACFuqia nominale: 25\u202fARryma diferenciale nominale (Idn): 30\u202fmA (0,03\u202fA)Tipi: AC (vet\u00ebm p\u00ebr rrjedh\u00eb alternative)Frekuenca: [&hellip;]<\/p>","protected":false},"featured_media":3333,"comment_status":"open","ping_status":"closed","template":"","meta":{"_acf_changed":false},"product_brand":[],"product_cat":[40,69],"product_tag":[],"class_list":{"0":"post-3332","1":"product","2":"type-product","3":"status-publish","4":"has-post-thumbnail","6":"product_cat-serite-civile","7":"product_cat-gewiss-system","9":"first","10":"instock","11":"shipping-taxable","12":"product-type-simple"},"acf":[],"_links":{"self":[{"href":"https:\/\/www.brikaelektrik.al\/al\/wp-json\/wp\/v2\/product\/3332","targetHints":{"allow":["GET"]}}],"collection":[{"href":"https:\/\/www.brikaelektrik.al\/al\/wp-json\/wp\/v2\/product"}],"about":[{"href":"https:\/\/www.brikaelektrik.al\/al\/wp-json\/wp\/v2\/types\/product"}],"replies":[{"embeddable":true,"href":"https:\/\/www.brikaelektrik.al\/al\/wp-json\/wp\/v2\/comments?post=3332"}],"wp:featuredmedia":[{"embeddable":true,"href":"https:\/\/www.brikaelektrik.al\/al\/wp-json\/wp\/v2\/media\/3333"}],"wp:attachment":[{"href":"https:\/\/www.brikaelektrik.al\/al\/wp-json\/wp\/v2\/media?parent=3332"}],"wp:term":[{"taxonomy":"product_brand","embeddable":true,"href":"https:\/\/www.brikaelektrik.al\/al\/wp-json\/wp\/v2\/product_brand?post=3332"},{"taxonomy":"product_cat","embeddable":true,"href":"https:\/\/www.brikaelektrik.al\/al\/wp-json\/wp\/v2\/product_cat?post=3332"},{"taxonomy":"product_tag","embeddable":true,"href":"https:\/\/www.brikaelektrik.al\/al\/wp-json\/wp\/v2\/product_tag?post=3332"}],"curies":[{"name":"wp","href":"https:\/\/api.w.org\/{rel}","templated":true}]}}