{"id":3335,"date":"2025-08-21T10:08:33","date_gmt":"2025-08-21T10:08:33","guid":{"rendered":"https:\/\/www.brikaelektrik.al\/?post_type=product&#038;p=3335"},"modified":"2025-08-21T10:08:33","modified_gmt":"2025-08-21T10:08:33","slug":"salvavit-2p-40a-30ma","status":"publish","type":"product","link":"https:\/\/www.brikaelektrik.al\/al\/produkt\/salvavit-2p-40a-30ma\/","title":{"rendered":"SALVAVIT 2P\/40A 30MA"},"content":{"rendered":"<p><strong data-start=\"194\" data-end=\"203\">Seria<\/strong>: 90 RCD \u2013 ReStart<br data-start=\"248\" data-end=\"251\" \/><strong data-start=\"251\" data-end=\"260\">Lloji<\/strong>: \u00c7el\u00ebs diferencial (RCD), 2P, 40\u202fA, me funksion \u201cReStart\u201d, tip AC, nd\u00ebrhyrje pa nd\u00ebrprerje<br data-start=\"351\" data-end=\"354\" \/><strong data-start=\"354\" data-end=\"364\" data-is-only-node=\"\">Ngjyra<\/strong>: Standard gri (modular DIN)<br data-start=\"392\" data-end=\"395\" \/><strong data-start=\"395\" data-end=\"408\">Materiali<\/strong>: Plastik\u00eb teknike e q\u00ebndrueshme<br data-start=\"440\" data-end=\"443\" \/><strong data-start=\"443\" data-end=\"455\">Mbrojtje<\/strong>: IP20<br data-start=\"461\" data-end=\"464\" \/><strong data-start=\"464\" data-end=\"478\">Nr. module<\/strong>: 2 modu\u0142a<br data-start=\"488\" data-end=\"491\" \/><strong data-start=\"491\" data-end=\"510\">Tension nominal<\/strong>: 230\/240\u202fV AC<br data-start=\"524\" data-end=\"527\" \/><strong data-start=\"527\" data-end=\"547\">Currenti nominal<\/strong>: 40\u202fA<br data-start=\"553\" data-end=\"556\" \/><strong data-start=\"556\" data-end=\"590\">Rryma residuale nominale (Idn)<\/strong>: 30\u202fmA<br data-start=\"597\" data-end=\"600\" \/><strong data-start=\"600\" data-end=\"613\">Frekuenca<\/strong>: 50\/60\u202fHz<br data-start=\"623\" data-end=\"626\" \/><strong data-start=\"626\" data-end=\"650\">Tension izolues (Ui)<\/strong>: 500\u202fV<br data-start=\"657\" data-end=\"660\" \/><strong data-start=\"660\" data-end=\"688\">Tension impulsesh (Uimp)<\/strong>: 4\u202fkV<br data-start=\"694\" data-end=\"697\" \/><strong data-start=\"697\" data-end=\"721\">Kategori mbingarkese<\/strong>: III<br data-start=\"726\" data-end=\"729\" \/><strong data-start=\"729\" data-end=\"766\">Imunitet ndaj impulseve (8\/20 \u00b5s)<\/strong>: 250\u202fA<\/p>","protected":false},"excerpt":{"rendered":"<p>Seria: 90 RCD \u2013 ReStartLloji: \u00c7el\u00ebs diferencial (RCD), 2P, 40\u202fA, me funksion \u201cReStart\u201d, tip AC, nd\u00ebrhyrje pa nd\u00ebrprerjeNgjyra: Standard gri (modular DIN)Materiali: Plastik\u00eb teknike e q\u00ebndrueshmeMbrojtje: IP20Nr. module: 2 modu\u0142aTension nominal: 230\/240\u202fV ACCurrenti nominal: 40\u202fARryma residuale nominale (Idn): 30\u202fmAFrekuenca: 50\/60\u202fHzTension izolues (Ui): 500\u202fVTension impulsesh (Uimp): 4\u202fkVKategori mbingarkese: IIIImunitet ndaj impulseve (8\/20 \u00b5s): 250\u202fA<\/p>","protected":false},"featured_media":3336,"comment_status":"open","ping_status":"closed","template":"","meta":{"_acf_changed":false},"product_brand":[],"product_cat":[40,69],"product_tag":[],"class_list":{"0":"post-3335","1":"product","2":"type-product","3":"status-publish","4":"has-post-thumbnail","6":"product_cat-serite-civile","7":"product_cat-gewiss-system","9":"first","10":"instock","11":"shipping-taxable","12":"product-type-simple"},"acf":[],"_links":{"self":[{"href":"https:\/\/www.brikaelektrik.al\/al\/wp-json\/wp\/v2\/product\/3335","targetHints":{"allow":["GET"]}}],"collection":[{"href":"https:\/\/www.brikaelektrik.al\/al\/wp-json\/wp\/v2\/product"}],"about":[{"href":"https:\/\/www.brikaelektrik.al\/al\/wp-json\/wp\/v2\/types\/product"}],"replies":[{"embeddable":true,"href":"https:\/\/www.brikaelektrik.al\/al\/wp-json\/wp\/v2\/comments?post=3335"}],"wp:featuredmedia":[{"embeddable":true,"href":"https:\/\/www.brikaelektrik.al\/al\/wp-json\/wp\/v2\/media\/3336"}],"wp:attachment":[{"href":"https:\/\/www.brikaelektrik.al\/al\/wp-json\/wp\/v2\/media?parent=3335"}],"wp:term":[{"taxonomy":"product_brand","embeddable":true,"href":"https:\/\/www.brikaelektrik.al\/al\/wp-json\/wp\/v2\/product_brand?post=3335"},{"taxonomy":"product_cat","embeddable":true,"href":"https:\/\/www.brikaelektrik.al\/al\/wp-json\/wp\/v2\/product_cat?post=3335"},{"taxonomy":"product_tag","embeddable":true,"href":"https:\/\/www.brikaelektrik.al\/al\/wp-json\/wp\/v2\/product_tag?post=3335"}],"curies":[{"name":"wp","href":"https:\/\/api.w.org\/{rel}","templated":true}]}}