{"id":3341,"date":"2025-08-21T10:28:13","date_gmt":"2025-08-21T10:28:13","guid":{"rendered":"https:\/\/www.brikaelektrik.al\/?post_type=product&#038;p=3341"},"modified":"2025-08-21T10:28:13","modified_gmt":"2025-08-21T10:28:13","slug":"salvavit-4p-40a-30ma","status":"publish","type":"product","link":"https:\/\/www.brikaelektrik.al\/al\/produkt\/salvavit-4p-40a-30ma\/","title":{"rendered":"SALVAVIT 4P\/40A 30MA"},"content":{"rendered":"<p><strong data-start=\"141\" data-end=\"151\">Seria:<\/strong> 90 RCD<br data-start=\"158\" data-end=\"161\" \/><strong data-start=\"161\" data-end=\"171\">Lloji:<\/strong> \u00c7ky\u00e7 i mbrojtjes nga rrjedhjet e tok\u00ebs (RCD) i tipit AC, 4 pole, 40 A, 30 mA<br data-start=\"248\" data-end=\"251\" \/><strong data-start=\"251\" data-end=\"263\" data-is-only-node=\"\">P\u00ebrmasa:<\/strong> 4 module<br data-start=\"272\" data-end=\"275\" \/><strong data-start=\"275\" data-end=\"296\">Tensioni i pun\u00ebs:<\/strong> 400\/415 V AC<br data-start=\"309\" data-end=\"312\" \/><strong data-start=\"312\" data-end=\"326\">Frekvenca:<\/strong> 50\/60 Hz<br data-start=\"335\" data-end=\"338\" \/><strong data-start=\"338\" data-end=\"367\">Tensioni i izolimit (Ui):<\/strong> 500 V<\/p>","protected":false},"excerpt":{"rendered":"<p>Seria: 90 RCDLloji: \u00c7ky\u00e7 i mbrojtjes nga rrjedhjet e tok\u00ebs (RCD) i tipit AC, 4 pole, 40 A, 30 mAP\u00ebrmasa: 4 moduleTensioni i pun\u00ebs: 400\/415 V ACFrekvenca: 50\/60 HzTensioni i izolimit (Ui): 500 V<\/p>","protected":false},"featured_media":3342,"comment_status":"open","ping_status":"closed","template":"","meta":{"_acf_changed":false},"product_brand":[],"product_cat":[40,69],"product_tag":[],"class_list":{"0":"post-3341","1":"product","2":"type-product","3":"status-publish","4":"has-post-thumbnail","6":"product_cat-serite-civile","7":"product_cat-gewiss-system","9":"first","10":"instock","11":"shipping-taxable","12":"product-type-simple"},"acf":[],"_links":{"self":[{"href":"https:\/\/www.brikaelektrik.al\/al\/wp-json\/wp\/v2\/product\/3341","targetHints":{"allow":["GET"]}}],"collection":[{"href":"https:\/\/www.brikaelektrik.al\/al\/wp-json\/wp\/v2\/product"}],"about":[{"href":"https:\/\/www.brikaelektrik.al\/al\/wp-json\/wp\/v2\/types\/product"}],"replies":[{"embeddable":true,"href":"https:\/\/www.brikaelektrik.al\/al\/wp-json\/wp\/v2\/comments?post=3341"}],"wp:featuredmedia":[{"embeddable":true,"href":"https:\/\/www.brikaelektrik.al\/al\/wp-json\/wp\/v2\/media\/3342"}],"wp:attachment":[{"href":"https:\/\/www.brikaelektrik.al\/al\/wp-json\/wp\/v2\/media?parent=3341"}],"wp:term":[{"taxonomy":"product_brand","embeddable":true,"href":"https:\/\/www.brikaelektrik.al\/al\/wp-json\/wp\/v2\/product_brand?post=3341"},{"taxonomy":"product_cat","embeddable":true,"href":"https:\/\/www.brikaelektrik.al\/al\/wp-json\/wp\/v2\/product_cat?post=3341"},{"taxonomy":"product_tag","embeddable":true,"href":"https:\/\/www.brikaelektrik.al\/al\/wp-json\/wp\/v2\/product_tag?post=3341"}],"curies":[{"name":"wp","href":"https:\/\/api.w.org\/{rel}","templated":true}]}}