{"id":3350,"date":"2025-08-21T11:41:45","date_gmt":"2025-08-21T11:41:45","guid":{"rendered":"https:\/\/www.brikaelektrik.al\/?post_type=product&#038;p=3350"},"modified":"2025-08-21T11:41:45","modified_gmt":"2025-08-21T11:41:45","slug":"salvavit-modulare-2p-16a","status":"publish","type":"product","link":"https:\/\/www.brikaelektrik.al\/al\/produkt\/salvavit-modulare-2p-16a\/","title":{"rendered":"SALVAVIT MODULARE 2P 16A"},"content":{"rendered":"<p><strong data-start=\"142\" data-end=\"152\">Seria:<\/strong> System White<br data-start=\"165\" data-end=\"168\" \/><strong data-start=\"168\" data-end=\"178\">Lloji:<\/strong> \u00c7ky\u00e7 diferencial magnetotermik, 1P+N, 16A, 30mA, 3kA, karakteristika C<br data-start=\"249\" data-end=\"252\" \/><strong data-start=\"252\" data-end=\"263\" data-is-only-node=\"\">Ngjyra:<\/strong> E bardh\u00eb<br data-start=\"272\" data-end=\"275\" \/><strong data-start=\"275\" data-end=\"287\">P\u00ebrmasa:<\/strong> 2 module<br data-start=\"296\" data-end=\"299\" \/><strong data-start=\"299\" data-end=\"320\">Tensioni i pun\u00ebs:<\/strong> 230V AC<br data-start=\"328\" data-end=\"331\" \/><strong data-start=\"331\" data-end=\"345\">Frekvenca:<\/strong> 50\/60 Hz<br data-start=\"354\" data-end=\"357\" \/><strong data-start=\"357\" data-end=\"379\">Klasa e mbrojtjes:<\/strong> A<br data-start=\"381\" data-end=\"384\" \/><strong data-start=\"384\" data-end=\"412\">Kapaciteti i shk\u00ebputjes:<\/strong> 3 kA<\/p>","protected":false},"excerpt":{"rendered":"<p>Seria: System WhiteLloji: \u00c7ky\u00e7 diferencial magnetotermik, 1P+N, 16A, 30mA, 3kA, karakteristika CNgjyra: E bardh\u00ebP\u00ebrmasa: 2 moduleTensioni i pun\u00ebs: 230V ACFrekvenca: 50\/60 HzKlasa e mbrojtjes: AKapaciteti i shk\u00ebputjes: 3 kA<\/p>","protected":false},"featured_media":3353,"comment_status":"open","ping_status":"closed","template":"","meta":{"_acf_changed":false},"product_brand":[],"product_cat":[40,69],"product_tag":[],"class_list":{"0":"post-3350","1":"product","2":"type-product","3":"status-publish","4":"has-post-thumbnail","6":"product_cat-serite-civile","7":"product_cat-gewiss-system","9":"first","10":"instock","11":"shipping-taxable","12":"product-type-simple"},"acf":[],"_links":{"self":[{"href":"https:\/\/www.brikaelektrik.al\/al\/wp-json\/wp\/v2\/product\/3350","targetHints":{"allow":["GET"]}}],"collection":[{"href":"https:\/\/www.brikaelektrik.al\/al\/wp-json\/wp\/v2\/product"}],"about":[{"href":"https:\/\/www.brikaelektrik.al\/al\/wp-json\/wp\/v2\/types\/product"}],"replies":[{"embeddable":true,"href":"https:\/\/www.brikaelektrik.al\/al\/wp-json\/wp\/v2\/comments?post=3350"}],"wp:featuredmedia":[{"embeddable":true,"href":"https:\/\/www.brikaelektrik.al\/al\/wp-json\/wp\/v2\/media\/3353"}],"wp:attachment":[{"href":"https:\/\/www.brikaelektrik.al\/al\/wp-json\/wp\/v2\/media?parent=3350"}],"wp:term":[{"taxonomy":"product_brand","embeddable":true,"href":"https:\/\/www.brikaelektrik.al\/al\/wp-json\/wp\/v2\/product_brand?post=3350"},{"taxonomy":"product_cat","embeddable":true,"href":"https:\/\/www.brikaelektrik.al\/al\/wp-json\/wp\/v2\/product_cat?post=3350"},{"taxonomy":"product_tag","embeddable":true,"href":"https:\/\/www.brikaelektrik.al\/al\/wp-json\/wp\/v2\/product_tag?post=3350"}],"curies":[{"name":"wp","href":"https:\/\/api.w.org\/{rel}","templated":true}]}}