{"id":3356,"date":"2025-08-21T11:50:30","date_gmt":"2025-08-21T11:50:30","guid":{"rendered":"https:\/\/www.brikaelektrik.al\/?post_type=product&#038;p=3356"},"modified":"2025-08-21T11:50:30","modified_gmt":"2025-08-21T11:50:30","slug":"shuko-2pt-16a-e-zeze","status":"publish","type":"product","link":"https:\/\/www.brikaelektrik.al\/al\/produkt\/shuko-2pt-16a-e-zeze\/","title":{"rendered":"SHUKO 2P+T 16A E ZEZ\u00cb"},"content":{"rendered":"<p><strong data-start=\"141\" data-end=\"151\">Seria:<\/strong> System Black<br data-start=\"164\" data-end=\"167\" \/><strong data-start=\"167\" data-end=\"177\">Lloji:<\/strong> Priz\u00eb standarde 2P+T, 16A, 250V AC, bivalente (Italiano\/Tedesco)<br data-start=\"242\" data-end=\"245\" \/><strong data-start=\"245\" data-end=\"256\" data-is-only-node=\"\">Ngjyra:<\/strong> E zez\u00eb (satin)<br data-start=\"271\" data-end=\"274\" \/><strong data-start=\"274\" data-end=\"286\">P\u00ebrmasa:<\/strong> 2 module<br data-start=\"295\" data-end=\"298\" \/><strong data-start=\"298\" data-end=\"312\">Materiali:<\/strong> Teknopolimer<br data-start=\"325\" data-end=\"328\" \/><strong data-start=\"328\" data-end=\"340\">Morsete:<\/strong> A vidh\u00eb<br data-start=\"348\" data-end=\"351\" \/><strong data-start=\"351\" data-end=\"366\">Standardet:<\/strong> CEI 23-50 \/ IEC 60884-1<br data-start=\"390\" data-end=\"393\" \/><strong data-start=\"393\" data-end=\"417\">Temperatura e pun\u00ebs:<\/strong> \u201325 \u00b0C deri +60 \u00b0C<br data-start=\"436\" data-end=\"439\" \/><strong data-start=\"439\" data-end=\"470\">Rezistenca ndaj nxeht\u00ebsis\u00eb:<\/strong> 125 \u00b0C (topi termik), 850 \u00b0C<\/p>","protected":false},"excerpt":{"rendered":"<p>Seria: System BlackLloji: Priz\u00eb standarde 2P+T, 16A, 250V AC, bivalente (Italiano\/Tedesco)Ngjyra: E zez\u00eb (satin)P\u00ebrmasa: 2 moduleMateriali: TeknopolimerMorsete: A vidh\u00ebStandardet: CEI 23-50 \/ IEC 60884-1Temperatura e pun\u00ebs: \u201325 \u00b0C deri +60 \u00b0CRezistenca ndaj nxeht\u00ebsis\u00eb: 125 \u00b0C (topi termik), 850 \u00b0C<\/p>","protected":false},"featured_media":3357,"comment_status":"open","ping_status":"closed","template":"","meta":{"_acf_changed":false},"product_brand":[],"product_cat":[40,69],"product_tag":[],"class_list":{"0":"post-3356","1":"product","2":"type-product","3":"status-publish","4":"has-post-thumbnail","6":"product_cat-serite-civile","7":"product_cat-gewiss-system","9":"first","10":"instock","11":"shipping-taxable","12":"product-type-simple"},"acf":[],"_links":{"self":[{"href":"https:\/\/www.brikaelektrik.al\/al\/wp-json\/wp\/v2\/product\/3356","targetHints":{"allow":["GET"]}}],"collection":[{"href":"https:\/\/www.brikaelektrik.al\/al\/wp-json\/wp\/v2\/product"}],"about":[{"href":"https:\/\/www.brikaelektrik.al\/al\/wp-json\/wp\/v2\/types\/product"}],"replies":[{"embeddable":true,"href":"https:\/\/www.brikaelektrik.al\/al\/wp-json\/wp\/v2\/comments?post=3356"}],"wp:featuredmedia":[{"embeddable":true,"href":"https:\/\/www.brikaelektrik.al\/al\/wp-json\/wp\/v2\/media\/3357"}],"wp:attachment":[{"href":"https:\/\/www.brikaelektrik.al\/al\/wp-json\/wp\/v2\/media?parent=3356"}],"wp:term":[{"taxonomy":"product_brand","embeddable":true,"href":"https:\/\/www.brikaelektrik.al\/al\/wp-json\/wp\/v2\/product_brand?post=3356"},{"taxonomy":"product_cat","embeddable":true,"href":"https:\/\/www.brikaelektrik.al\/al\/wp-json\/wp\/v2\/product_cat?post=3356"},{"taxonomy":"product_tag","embeddable":true,"href":"https:\/\/www.brikaelektrik.al\/al\/wp-json\/wp\/v2\/product_tag?post=3356"}],"curies":[{"name":"wp","href":"https:\/\/api.w.org\/{rel}","templated":true}]}}