{"id":3365,"date":"2025-08-21T12:02:17","date_gmt":"2025-08-21T12:02:17","guid":{"rendered":"https:\/\/www.brikaelektrik.al\/?post_type=product&#038;p=3365"},"modified":"2025-08-21T12:02:17","modified_gmt":"2025-08-21T12:02:17","slug":"suportkapak-3p-hermetik-ip65-i-bardhe","status":"publish","type":"product","link":"https:\/\/www.brikaelektrik.al\/al\/produkt\/suportkapak-3p-hermetik-ip65-i-bardhe\/","title":{"rendered":"SUPORT+KAPAK 3P HERMETIK IP65 I BARDH\u00cb"},"content":{"rendered":"<p><strong data-start=\"141\" data-end=\"151\">Seria:<\/strong> 27 COMBI<br data-start=\"160\" data-end=\"163\" \/><strong data-start=\"163\" data-end=\"173\">Lloji:<\/strong> Plak\u00eb e vet\u00ebmb\u00ebshtetur, e pap\u00ebrshkueshme nga uji, 3 module, ngjyr\u00eb e bardh\u00eb si re (cloud white), p\u00ebr p\u00ebrdorim n\u00eb ambiente t\u00eb jashtme<br data-start=\"306\" data-end=\"309\" \/><strong data-start=\"309\" data-end=\"323\" data-is-only-node=\"\">Materiali:<\/strong> Teknopolimer i q\u00ebndruesh\u00ebm ndaj UV<br data-start=\"358\" data-end=\"361\" \/><strong data-start=\"361\" data-end=\"372\">Finish:<\/strong> I shk\u00eblqyer (glossy)<br data-start=\"393\" data-end=\"396\" \/><strong data-start=\"396\" data-end=\"429\">P\u00ebrputhshm\u00ebria me standardet:<\/strong> EN 60669-1<br data-start=\"440\" data-end=\"443\" \/><strong data-start=\"443\" data-end=\"467\">Temperatura e pun\u00ebs:<\/strong> \u201325 \u00b0C deri +60 \u00b0C<br data-start=\"486\" data-end=\"489\" \/><strong data-start=\"489\" data-end=\"512\">Rezistenca ndaj UV:<\/strong> Po (ISO 4892-2)<\/p>","protected":false},"excerpt":{"rendered":"<p>Seria: 27 COMBILloji: Plak\u00eb e vet\u00ebmb\u00ebshtetur, e pap\u00ebrshkueshme nga uji, 3 module, ngjyr\u00eb e bardh\u00eb si re (cloud white), p\u00ebr p\u00ebrdorim n\u00eb ambiente t\u00eb jashtmeMateriali: Teknopolimer i q\u00ebndruesh\u00ebm ndaj UVFinish: I shk\u00eblqyer (glossy)P\u00ebrputhshm\u00ebria me standardet: EN 60669-1Temperatura e pun\u00ebs: \u201325 \u00b0C deri +60 \u00b0CRezistenca ndaj UV: Po (ISO 4892-2)<\/p>","protected":false},"featured_media":3367,"comment_status":"open","ping_status":"closed","template":"","meta":{"_acf_changed":false},"product_brand":[],"product_cat":[40,69],"product_tag":[],"class_list":{"0":"post-3365","1":"product","2":"type-product","3":"status-publish","4":"has-post-thumbnail","6":"product_cat-serite-civile","7":"product_cat-gewiss-system","9":"first","10":"instock","11":"shipping-taxable","12":"product-type-simple"},"acf":[],"_links":{"self":[{"href":"https:\/\/www.brikaelektrik.al\/al\/wp-json\/wp\/v2\/product\/3365","targetHints":{"allow":["GET"]}}],"collection":[{"href":"https:\/\/www.brikaelektrik.al\/al\/wp-json\/wp\/v2\/product"}],"about":[{"href":"https:\/\/www.brikaelektrik.al\/al\/wp-json\/wp\/v2\/types\/product"}],"replies":[{"embeddable":true,"href":"https:\/\/www.brikaelektrik.al\/al\/wp-json\/wp\/v2\/comments?post=3365"}],"wp:featuredmedia":[{"embeddable":true,"href":"https:\/\/www.brikaelektrik.al\/al\/wp-json\/wp\/v2\/media\/3367"}],"wp:attachment":[{"href":"https:\/\/www.brikaelektrik.al\/al\/wp-json\/wp\/v2\/media?parent=3365"}],"wp:term":[{"taxonomy":"product_brand","embeddable":true,"href":"https:\/\/www.brikaelektrik.al\/al\/wp-json\/wp\/v2\/product_brand?post=3365"},{"taxonomy":"product_cat","embeddable":true,"href":"https:\/\/www.brikaelektrik.al\/al\/wp-json\/wp\/v2\/product_cat?post=3365"},{"taxonomy":"product_tag","embeddable":true,"href":"https:\/\/www.brikaelektrik.al\/al\/wp-json\/wp\/v2\/product_tag?post=3365"}],"curies":[{"name":"wp","href":"https:\/\/api.w.org\/{rel}","templated":true}]}}