{"id":3368,"date":"2025-08-21T12:14:23","date_gmt":"2025-08-21T12:14:23","guid":{"rendered":"https:\/\/www.brikaelektrik.al\/?post_type=product&#038;p=3368"},"modified":"2025-08-21T12:14:23","modified_gmt":"2025-08-21T12:14:23","slug":"suport-12-module-2-rreshta","status":"publish","type":"product","link":"https:\/\/www.brikaelektrik.al\/al\/produkt\/suport-12-module-2-rreshta\/","title":{"rendered":"SUPORT 12 MODULE 2 RRESHTA"},"content":{"rendered":"<p><strong data-start=\"141\" data-end=\"151\">Seria:<\/strong> System<br data-start=\"158\" data-end=\"161\" \/><strong data-start=\"161\" data-end=\"171\">Lloji:<\/strong> Plak\u00eb mb\u00ebshtet\u00ebse p\u00ebr 12 module (6+6), konfigurim i mbivendosur<br data-start=\"235\" data-end=\"238\" \/><strong data-start=\"238\" data-end=\"249\" data-is-only-node=\"\">Ngjyra:<\/strong> E zez\u00eb (satin)<br data-start=\"264\" data-end=\"267\" \/><strong data-start=\"267\" data-end=\"281\">Materiali:<\/strong> Teknopolimer, pa halogjen<br data-start=\"307\" data-end=\"310\" \/><strong data-start=\"310\" data-end=\"322\">Fiksimi:<\/strong> 4 vida (t\u00eb p\u00ebrfshira)<br data-start=\"344\" data-end=\"347\" \/><strong data-start=\"347\" data-end=\"380\">P\u00ebrputhshm\u00ebria me standardet:<\/strong> CE, REACH<\/p>","protected":false},"excerpt":{"rendered":"<p>Seria: SystemLloji: Plak\u00eb mb\u00ebshtet\u00ebse p\u00ebr 12 module (6+6), konfigurim i mbivendosurNgjyra: E zez\u00eb (satin)Materiali: Teknopolimer, pa halogjenFiksimi: 4 vida (t\u00eb p\u00ebrfshira)P\u00ebrputhshm\u00ebria me standardet: CE, REACH<\/p>","protected":false},"featured_media":3369,"comment_status":"open","ping_status":"closed","template":"","meta":{"_acf_changed":false},"product_brand":[],"product_cat":[40,69],"product_tag":[],"class_list":{"0":"post-3368","1":"product","2":"type-product","3":"status-publish","4":"has-post-thumbnail","6":"product_cat-serite-civile","7":"product_cat-gewiss-system","9":"first","10":"instock","11":"shipping-taxable","12":"product-type-simple"},"acf":[],"_links":{"self":[{"href":"https:\/\/www.brikaelektrik.al\/al\/wp-json\/wp\/v2\/product\/3368","targetHints":{"allow":["GET"]}}],"collection":[{"href":"https:\/\/www.brikaelektrik.al\/al\/wp-json\/wp\/v2\/product"}],"about":[{"href":"https:\/\/www.brikaelektrik.al\/al\/wp-json\/wp\/v2\/types\/product"}],"replies":[{"embeddable":true,"href":"https:\/\/www.brikaelektrik.al\/al\/wp-json\/wp\/v2\/comments?post=3368"}],"wp:featuredmedia":[{"embeddable":true,"href":"https:\/\/www.brikaelektrik.al\/al\/wp-json\/wp\/v2\/media\/3369"}],"wp:attachment":[{"href":"https:\/\/www.brikaelektrik.al\/al\/wp-json\/wp\/v2\/media?parent=3368"}],"wp:term":[{"taxonomy":"product_brand","embeddable":true,"href":"https:\/\/www.brikaelektrik.al\/al\/wp-json\/wp\/v2\/product_brand?post=3368"},{"taxonomy":"product_cat","embeddable":true,"href":"https:\/\/www.brikaelektrik.al\/al\/wp-json\/wp\/v2\/product_cat?post=3368"},{"taxonomy":"product_tag","embeddable":true,"href":"https:\/\/www.brikaelektrik.al\/al\/wp-json\/wp\/v2\/product_tag?post=3368"}],"curies":[{"name":"wp","href":"https:\/\/api.w.org\/{rel}","templated":true}]}}