{"id":3370,"date":"2025-08-21T12:33:11","date_gmt":"2025-08-21T12:33:11","guid":{"rendered":"https:\/\/www.brikaelektrik.al\/?post_type=product&#038;p=3370"},"modified":"2025-08-21T12:33:12","modified_gmt":"2025-08-21T12:33:12","slug":"suport-4-poste","status":"publish","type":"product","link":"https:\/\/www.brikaelektrik.al\/al\/produkt\/suport-4-poste\/","title":{"rendered":"SUPORT 4 POSTE"},"content":{"rendered":"<p><strong data-start=\"241\" data-end=\"251\">Seria:<\/strong> System<br data-start=\"258\" data-end=\"261\" \/><strong data-start=\"261\" data-end=\"271\">Lloji:<\/strong> Plak\u00eb mb\u00ebshtet\u00ebse p\u00ebr 4 module, p\u00ebr p\u00ebrdorim n\u00eb ambiente t\u00eb brendshme<br data-start=\"341\" data-end=\"344\" \/><strong data-start=\"344\" data-end=\"355\" data-is-only-node=\"\">Ngjyra:<\/strong> E zez\u00eb (satin)<br data-start=\"370\" data-end=\"373\" \/><strong data-start=\"373\" data-end=\"387\">Materiali:<\/strong> Teknopolimer i q\u00ebndruesh\u00ebm ndaj UV, pa halogjen<br data-start=\"435\" data-end=\"438\" \/><strong data-start=\"438\" data-end=\"449\">Finish:<\/strong> I shk\u00eblqyer (glossy)<br data-start=\"470\" data-end=\"473\" \/><strong data-start=\"473\" data-end=\"506\">P\u00ebrputhshm\u00ebria me standardet:<\/strong> CE, REACH, RoHS<br data-start=\"522\" data-end=\"525\" \/><strong data-start=\"525\" data-end=\"549\">Temperatura e pun\u00ebs:<\/strong> \u201325 \u00b0C deri +60 \u00b0C<br data-start=\"568\" data-end=\"571\" \/><strong data-start=\"571\" data-end=\"594\">Rezistenca ndaj UV:<\/strong> Po (ISO 4892-2)<\/p>","protected":false},"excerpt":{"rendered":"<p>Seria: SystemLloji: Plak\u00eb mb\u00ebshtet\u00ebse p\u00ebr 4 module, p\u00ebr p\u00ebrdorim n\u00eb ambiente t\u00eb brendshmeNgjyra: E zez\u00eb (satin)Materiali: Teknopolimer i q\u00ebndruesh\u00ebm ndaj UV, pa halogjenFinish: I shk\u00eblqyer (glossy)P\u00ebrputhshm\u00ebria me standardet: CE, REACH, RoHSTemperatura e pun\u00ebs: \u201325 \u00b0C deri +60 \u00b0CRezistenca ndaj UV: Po (ISO 4892-2)<\/p>","protected":false},"featured_media":3371,"comment_status":"open","ping_status":"closed","template":"","meta":{"_acf_changed":false},"product_brand":[],"product_cat":[40,69],"product_tag":[],"class_list":{"0":"post-3370","1":"product","2":"type-product","3":"status-publish","4":"has-post-thumbnail","6":"product_cat-serite-civile","7":"product_cat-gewiss-system","9":"first","10":"instock","11":"shipping-taxable","12":"product-type-simple"},"acf":[],"_links":{"self":[{"href":"https:\/\/www.brikaelektrik.al\/al\/wp-json\/wp\/v2\/product\/3370","targetHints":{"allow":["GET"]}}],"collection":[{"href":"https:\/\/www.brikaelektrik.al\/al\/wp-json\/wp\/v2\/product"}],"about":[{"href":"https:\/\/www.brikaelektrik.al\/al\/wp-json\/wp\/v2\/types\/product"}],"replies":[{"embeddable":true,"href":"https:\/\/www.brikaelektrik.al\/al\/wp-json\/wp\/v2\/comments?post=3370"}],"wp:featuredmedia":[{"embeddable":true,"href":"https:\/\/www.brikaelektrik.al\/al\/wp-json\/wp\/v2\/media\/3371"}],"wp:attachment":[{"href":"https:\/\/www.brikaelektrik.al\/al\/wp-json\/wp\/v2\/media?parent=3370"}],"wp:term":[{"taxonomy":"product_brand","embeddable":true,"href":"https:\/\/www.brikaelektrik.al\/al\/wp-json\/wp\/v2\/product_brand?post=3370"},{"taxonomy":"product_cat","embeddable":true,"href":"https:\/\/www.brikaelektrik.al\/al\/wp-json\/wp\/v2\/product_cat?post=3370"},{"taxonomy":"product_tag","embeddable":true,"href":"https:\/\/www.brikaelektrik.al\/al\/wp-json\/wp\/v2\/product_tag?post=3370"}],"curies":[{"name":"wp","href":"https:\/\/api.w.org\/{rel}","templated":true}]}}