{"id":3372,"date":"2025-08-21T12:38:54","date_gmt":"2025-08-21T12:38:54","guid":{"rendered":"https:\/\/www.brikaelektrik.al\/?post_type=product&#038;p=3372"},"modified":"2025-08-21T12:38:54","modified_gmt":"2025-08-21T12:38:54","slug":"suport-6-poste","status":"publish","type":"product","link":"https:\/\/www.brikaelektrik.al\/al\/produkt\/suport-6-poste\/","title":{"rendered":"SUPORT 6 POSTE"},"content":{"rendered":"<p><strong data-start=\"194\" data-end=\"204\">Seria:<\/strong> System<br data-start=\"211\" data-end=\"214\" \/><strong data-start=\"214\" data-end=\"224\" data-is-only-node=\"\">Lloji:<\/strong> Plak\u00eb mb\u00ebshtet\u00ebse p\u00ebr 6 module, p\u00ebr p\u00ebrdorim n\u00eb ambiente t\u00eb brendshme<br data-start=\"294\" data-end=\"297\" \/><strong data-start=\"297\" data-end=\"308\">Ngjyra:<\/strong> E zez\u00eb (satin)<br data-start=\"323\" data-end=\"326\" \/><strong data-start=\"326\" data-end=\"340\">Materiali:<\/strong> Teknopolimer i q\u00ebndruesh\u00ebm ndaj UV, pa halogjen<br data-start=\"388\" data-end=\"391\" \/><strong data-start=\"391\" data-end=\"402\">Finish:<\/strong> I shk\u00eblqyer (glossy)<br data-start=\"423\" data-end=\"426\" \/><strong data-start=\"426\" data-end=\"459\">P\u00ebrputhshm\u00ebria me standardet:<\/strong> CE, REACH, RoHS<br data-start=\"475\" data-end=\"478\" \/><strong data-start=\"478\" data-end=\"502\">Temperatura e pun\u00ebs:<\/strong> \u201325 \u00b0C deri +60 \u00b0C<\/p>","protected":false},"excerpt":{"rendered":"<p>Seria: SystemLloji: Plak\u00eb mb\u00ebshtet\u00ebse p\u00ebr 6 module, p\u00ebr p\u00ebrdorim n\u00eb ambiente t\u00eb brendshmeNgjyra: E zez\u00eb (satin)Materiali: Teknopolimer i q\u00ebndruesh\u00ebm ndaj UV, pa halogjenFinish: I shk\u00eblqyer (glossy)P\u00ebrputhshm\u00ebria me standardet: CE, REACH, RoHSTemperatura e pun\u00ebs: \u201325 \u00b0C deri +60 \u00b0C<\/p>","protected":false},"featured_media":3373,"comment_status":"open","ping_status":"closed","template":"","meta":{"_acf_changed":false},"product_brand":[],"product_cat":[40,69],"product_tag":[],"class_list":{"0":"post-3372","1":"product","2":"type-product","3":"status-publish","4":"has-post-thumbnail","6":"product_cat-serite-civile","7":"product_cat-gewiss-system","9":"first","10":"instock","11":"shipping-taxable","12":"product-type-simple"},"acf":[],"_links":{"self":[{"href":"https:\/\/www.brikaelektrik.al\/al\/wp-json\/wp\/v2\/product\/3372","targetHints":{"allow":["GET"]}}],"collection":[{"href":"https:\/\/www.brikaelektrik.al\/al\/wp-json\/wp\/v2\/product"}],"about":[{"href":"https:\/\/www.brikaelektrik.al\/al\/wp-json\/wp\/v2\/types\/product"}],"replies":[{"embeddable":true,"href":"https:\/\/www.brikaelektrik.al\/al\/wp-json\/wp\/v2\/comments?post=3372"}],"wp:featuredmedia":[{"embeddable":true,"href":"https:\/\/www.brikaelektrik.al\/al\/wp-json\/wp\/v2\/media\/3373"}],"wp:attachment":[{"href":"https:\/\/www.brikaelektrik.al\/al\/wp-json\/wp\/v2\/media?parent=3372"}],"wp:term":[{"taxonomy":"product_brand","embeddable":true,"href":"https:\/\/www.brikaelektrik.al\/al\/wp-json\/wp\/v2\/product_brand?post=3372"},{"taxonomy":"product_cat","embeddable":true,"href":"https:\/\/www.brikaelektrik.al\/al\/wp-json\/wp\/v2\/product_cat?post=3372"},{"taxonomy":"product_tag","embeddable":true,"href":"https:\/\/www.brikaelektrik.al\/al\/wp-json\/wp\/v2\/product_tag?post=3372"}],"curies":[{"name":"wp","href":"https:\/\/api.w.org\/{rel}","templated":true}]}}