{"id":3374,"date":"2025-08-21T12:45:05","date_gmt":"2025-08-21T12:45:05","guid":{"rendered":"https:\/\/www.brikaelektrik.al\/?post_type=product&#038;p=3374"},"modified":"2025-08-21T12:45:05","modified_gmt":"2025-08-21T12:45:05","slug":"suporte-3-poste-ipp300","status":"publish","type":"product","link":"https:\/\/www.brikaelektrik.al\/al\/produkt\/suporte-3-poste-ipp300\/","title":{"rendered":"SUPORTE 3 POSTE (IPP300)"},"content":{"rendered":"<p><strong data-start=\"218\" data-end=\"228\">Seria:<\/strong> System<br data-start=\"235\" data-end=\"238\" \/><strong data-start=\"238\" data-end=\"248\">Lloji:<\/strong> Plak\u00eb mb\u00ebshtet\u00ebse p\u00ebr 3 module, p\u00ebr p\u00ebrdorim n\u00eb ambiente t\u00eb brendshme<br data-start=\"356\" data-end=\"359\" \/><strong data-start=\"359\" data-end=\"370\">Ngjyra:<\/strong> E zez\u00eb (satin) \u2013 (mb\u00ebshtet pllaka n\u00eb 14 nuanca t\u00eb ndryshme, sipas linj\u00ebs Top System\/Virna)\u00a0<br data-start=\"499\" data-end=\"502\" data-is-only-node=\"\" \/><strong data-start=\"502\" data-end=\"516\">Materiali:<\/strong> Teknopolimer, pa halogjen (Halogen free)\u00a0<br data-start=\"595\" data-end=\"598\" \/><strong data-start=\"598\" data-end=\"609\">Finish:<\/strong> I shk\u00eblqyer (glossy)\u00a0<br data-start=\"668\" data-end=\"671\" \/><strong data-start=\"671\" data-end=\"704\">P\u00ebrputhshm\u00ebria me standardet:<\/strong> CE, REACH, RoHS\u00a0<br data-start=\"758\" data-end=\"761\" \/><strong data-start=\"761\" data-end=\"785\">Temperatura e pun\u00ebs:<\/strong> \u201325\u202f\u00b0C deri +60\u202f\u00b0C<\/p>","protected":false},"excerpt":{"rendered":"<p>Seria: SystemLloji: Plak\u00eb mb\u00ebshtet\u00ebse p\u00ebr 3 module, p\u00ebr p\u00ebrdorim n\u00eb ambiente t\u00eb brendshmeNgjyra: E zez\u00eb (satin) \u2013 (mb\u00ebshtet pllaka n\u00eb 14 nuanca t\u00eb ndryshme, sipas linj\u00ebs Top System\/Virna)\u00a0Materiali: Teknopolimer, pa halogjen (Halogen free)\u00a0Finish: I shk\u00eblqyer (glossy)\u00a0P\u00ebrputhshm\u00ebria me standardet: CE, REACH, RoHS\u00a0Temperatura e pun\u00ebs: \u201325\u202f\u00b0C deri +60\u202f\u00b0C<\/p>","protected":false},"featured_media":3375,"comment_status":"open","ping_status":"closed","template":"","meta":{"_acf_changed":false},"product_brand":[],"product_cat":[40,69],"product_tag":[],"class_list":{"0":"post-3374","1":"product","2":"type-product","3":"status-publish","4":"has-post-thumbnail","6":"product_cat-serite-civile","7":"product_cat-gewiss-system","9":"first","10":"instock","11":"shipping-taxable","12":"product-type-simple"},"acf":[],"_links":{"self":[{"href":"https:\/\/www.brikaelektrik.al\/al\/wp-json\/wp\/v2\/product\/3374","targetHints":{"allow":["GET"]}}],"collection":[{"href":"https:\/\/www.brikaelektrik.al\/al\/wp-json\/wp\/v2\/product"}],"about":[{"href":"https:\/\/www.brikaelektrik.al\/al\/wp-json\/wp\/v2\/types\/product"}],"replies":[{"embeddable":true,"href":"https:\/\/www.brikaelektrik.al\/al\/wp-json\/wp\/v2\/comments?post=3374"}],"wp:featuredmedia":[{"embeddable":true,"href":"https:\/\/www.brikaelektrik.al\/al\/wp-json\/wp\/v2\/media\/3375"}],"wp:attachment":[{"href":"https:\/\/www.brikaelektrik.al\/al\/wp-json\/wp\/v2\/media?parent=3374"}],"wp:term":[{"taxonomy":"product_brand","embeddable":true,"href":"https:\/\/www.brikaelektrik.al\/al\/wp-json\/wp\/v2\/product_brand?post=3374"},{"taxonomy":"product_cat","embeddable":true,"href":"https:\/\/www.brikaelektrik.al\/al\/wp-json\/wp\/v2\/product_cat?post=3374"},{"taxonomy":"product_tag","embeddable":true,"href":"https:\/\/www.brikaelektrik.al\/al\/wp-json\/wp\/v2\/product_tag?post=3374"}],"curies":[{"name":"wp","href":"https:\/\/api.w.org\/{rel}","templated":true}]}}