{"id":3376,"date":"2025-08-21T12:49:35","date_gmt":"2025-08-21T12:49:35","guid":{"rendered":"https:\/\/www.brikaelektrik.al\/?post_type=product&#038;p=3376"},"modified":"2025-08-21T12:49:35","modified_gmt":"2025-08-21T12:49:35","slug":"suport-modular-2m-kuadri","status":"publish","type":"product","link":"https:\/\/www.brikaelektrik.al\/al\/produkt\/suport-modular-2m-kuadri\/","title":{"rendered":"SUPORT MODULAR 2M KUADRI"},"content":{"rendered":"<p><strong data-start=\"189\" data-end=\"199\">Seria:<\/strong> System<br data-start=\"206\" data-end=\"209\" \/><strong data-start=\"209\" data-end=\"219\">Lloji:<\/strong> Mb\u00ebshtet\u00ebs p\u00ebr montim n\u00eb shin\u00eb DIN (DIN rail), p\u00ebr 2 module (3 modulet EN 50022)<br data-start=\"333\" data-end=\"336\" \/><strong data-start=\"336\" data-end=\"350\" data-is-only-node=\"\">Materiali:<\/strong> Teknopolimer<br data-start=\"363\" data-end=\"366\" \/><strong data-start=\"396\" data-end=\"429\">P\u00ebrputhshm\u00ebria me standardet:<\/strong> CE, REACH<\/p>","protected":false},"excerpt":{"rendered":"<p>Seria: SystemLloji: Mb\u00ebshtet\u00ebs p\u00ebr montim n\u00eb shin\u00eb DIN (DIN rail), p\u00ebr 2 module (3 modulet EN 50022)Materiali: TeknopolimerP\u00ebrputhshm\u00ebria me standardet: CE, REACH<\/p>","protected":false},"featured_media":3377,"comment_status":"open","ping_status":"closed","template":"","meta":{"_acf_changed":false},"product_brand":[],"product_cat":[40,69],"product_tag":[],"class_list":{"0":"post-3376","1":"product","2":"type-product","3":"status-publish","4":"has-post-thumbnail","6":"product_cat-serite-civile","7":"product_cat-gewiss-system","9":"first","10":"instock","11":"shipping-taxable","12":"product-type-simple"},"acf":[],"_links":{"self":[{"href":"https:\/\/www.brikaelektrik.al\/al\/wp-json\/wp\/v2\/product\/3376","targetHints":{"allow":["GET"]}}],"collection":[{"href":"https:\/\/www.brikaelektrik.al\/al\/wp-json\/wp\/v2\/product"}],"about":[{"href":"https:\/\/www.brikaelektrik.al\/al\/wp-json\/wp\/v2\/types\/product"}],"replies":[{"embeddable":true,"href":"https:\/\/www.brikaelektrik.al\/al\/wp-json\/wp\/v2\/comments?post=3376"}],"wp:featuredmedia":[{"embeddable":true,"href":"https:\/\/www.brikaelektrik.al\/al\/wp-json\/wp\/v2\/media\/3377"}],"wp:attachment":[{"href":"https:\/\/www.brikaelektrik.al\/al\/wp-json\/wp\/v2\/media?parent=3376"}],"wp:term":[{"taxonomy":"product_brand","embeddable":true,"href":"https:\/\/www.brikaelektrik.al\/al\/wp-json\/wp\/v2\/product_brand?post=3376"},{"taxonomy":"product_cat","embeddable":true,"href":"https:\/\/www.brikaelektrik.al\/al\/wp-json\/wp\/v2\/product_cat?post=3376"},{"taxonomy":"product_tag","embeddable":true,"href":"https:\/\/www.brikaelektrik.al\/al\/wp-json\/wp\/v2\/product_tag?post=3376"}],"curies":[{"name":"wp","href":"https:\/\/api.w.org\/{rel}","templated":true}]}}