{"id":3378,"date":"2025-08-21T12:53:43","date_gmt":"2025-08-21T12:53:43","guid":{"rendered":"https:\/\/www.brikaelektrik.al\/?post_type=product&#038;p=3378"},"modified":"2025-08-21T12:53:43","modified_gmt":"2025-08-21T12:53:43","slug":"zbare-toke-nul-12m","status":"publish","type":"product","link":"https:\/\/www.brikaelektrik.al\/al\/produkt\/zbare-toke-nul-12m\/","title":{"rendered":"ZBARE TOKE + NUL 12M"},"content":{"rendered":"<p><strong data-start=\"157\" data-end=\"167\">Seria:<\/strong> 40 CDE<br data-start=\"174\" data-end=\"177\" \/><strong data-start=\"177\" data-end=\"187\">Lloji:<\/strong> Terminal p\u00ebr mb\u00ebshtetje n\u00eb mbajt\u00ebsen DIN, p\u00ebr 1 modul neutral (N) dhe 7 module tok\u00eb (E)<br data-start=\"275\" data-end=\"278\" \/><strong data-start=\"278\" data-end=\"289\">Ngjyra:<\/strong> E bardh\u00eb<br data-start=\"298\" data-end=\"301\" \/><strong data-start=\"301\" data-end=\"315\" data-is-only-node=\"\">Materiali:<\/strong> Teknopolimer i q\u00ebndruesh\u00ebm ndaj UV, pa halogjen<br data-start=\"363\" data-end=\"366\" \/><strong data-start=\"366\" data-end=\"377\">Finish:<\/strong> I shk\u00eblqyer (glossy)<br data-start=\"398\" data-end=\"401\" \/><strong data-start=\"401\" data-end=\"434\">P\u00ebrputhshm\u00ebria me standardet:<\/strong> CE, REACH<br data-start=\"444\" data-end=\"447\" \/><strong data-start=\"447\" data-end=\"471\">Temperatura e pun\u00ebs:<\/strong> \u201325 \u00b0C deri +60 \u00b0C<br data-start=\"490\" data-end=\"493\" \/><strong data-start=\"493\" data-end=\"516\">Rezistenca ndaj UV:<\/strong> Po<\/p>","protected":false},"excerpt":{"rendered":"<p>Seria: 40 CDELloji: Terminal p\u00ebr mb\u00ebshtetje n\u00eb mbajt\u00ebsen DIN, p\u00ebr 1 modul neutral (N) dhe 7 module tok\u00eb (E)Ngjyra: E bardh\u00ebMateriali: Teknopolimer i q\u00ebndruesh\u00ebm ndaj UV, pa halogjenFinish: I shk\u00eblqyer (glossy)P\u00ebrputhshm\u00ebria me standardet: CE, REACHTemperatura e pun\u00ebs: \u201325 \u00b0C deri +60 \u00b0CRezistenca ndaj UV: Po<\/p>","protected":false},"featured_media":3379,"comment_status":"open","ping_status":"closed","template":"","meta":{"_acf_changed":false},"product_brand":[],"product_cat":[40,69],"product_tag":[],"class_list":{"0":"post-3378","1":"product","2":"type-product","3":"status-publish","4":"has-post-thumbnail","6":"product_cat-serite-civile","7":"product_cat-gewiss-system","9":"first","10":"instock","11":"shipping-taxable","12":"product-type-simple"},"acf":[],"_links":{"self":[{"href":"https:\/\/www.brikaelektrik.al\/al\/wp-json\/wp\/v2\/product\/3378","targetHints":{"allow":["GET"]}}],"collection":[{"href":"https:\/\/www.brikaelektrik.al\/al\/wp-json\/wp\/v2\/product"}],"about":[{"href":"https:\/\/www.brikaelektrik.al\/al\/wp-json\/wp\/v2\/types\/product"}],"replies":[{"embeddable":true,"href":"https:\/\/www.brikaelektrik.al\/al\/wp-json\/wp\/v2\/comments?post=3378"}],"wp:featuredmedia":[{"embeddable":true,"href":"https:\/\/www.brikaelektrik.al\/al\/wp-json\/wp\/v2\/media\/3379"}],"wp:attachment":[{"href":"https:\/\/www.brikaelektrik.al\/al\/wp-json\/wp\/v2\/media?parent=3378"}],"wp:term":[{"taxonomy":"product_brand","embeddable":true,"href":"https:\/\/www.brikaelektrik.al\/al\/wp-json\/wp\/v2\/product_brand?post=3378"},{"taxonomy":"product_cat","embeddable":true,"href":"https:\/\/www.brikaelektrik.al\/al\/wp-json\/wp\/v2\/product_cat?post=3378"},{"taxonomy":"product_tag","embeddable":true,"href":"https:\/\/www.brikaelektrik.al\/al\/wp-json\/wp\/v2\/product_tag?post=3378"}],"curies":[{"name":"wp","href":"https:\/\/api.w.org\/{rel}","templated":true}]}}