{"id":3380,"date":"2025-08-21T12:57:56","date_gmt":"2025-08-21T12:57:56","guid":{"rendered":"https:\/\/www.brikaelektrik.al\/?post_type=product&#038;p=3380"},"modified":"2025-08-21T12:57:56","modified_gmt":"2025-08-21T12:57:56","slug":"tapa-fallco-e-zeze","status":"publish","type":"product","link":"https:\/\/www.brikaelektrik.al\/al\/produkt\/tapa-fallco-e-zeze\/","title":{"rendered":"TAPA FALLCO E ZEZ\u00cb"},"content":{"rendered":"<p><strong data-start=\"157\" data-end=\"167\">Seria:<\/strong> System Black<br data-start=\"180\" data-end=\"183\" \/><strong data-start=\"183\" data-end=\"193\">Lloji:<\/strong> Tast\u00eb e verb\u00ebr p\u00ebr 1 modul, p\u00ebr p\u00ebrdorim n\u00eb ambiente t\u00eb brendshme<br data-start=\"259\" data-end=\"262\" \/><strong data-start=\"262\" data-end=\"273\">Ngjyra:<\/strong> E zez\u00eb (satin)<br data-start=\"288\" data-end=\"291\" \/><strong data-start=\"291\" data-end=\"305\" data-is-only-node=\"\">Materiali:<\/strong> Teknopolimer i q\u00ebndruesh\u00ebm ndaj UV<br data-start=\"340\" data-end=\"343\" \/><strong data-start=\"343\" data-end=\"354\">Finish:<\/strong> I shk\u00eblqyer (glossy)<br data-start=\"375\" data-end=\"378\" \/><strong data-start=\"378\" data-end=\"411\">P\u00ebrputhshm\u00ebria me standardet:<\/strong> CE, REACH<br data-start=\"421\" data-end=\"424\" \/><strong data-start=\"424\" data-end=\"448\">Temperatura e pun\u00ebs:<\/strong> \u201325\u202f\u00b0C deri +60\u202f\u00b0C<br data-start=\"467\" data-end=\"470\" \/><strong data-start=\"470\" data-end=\"493\">Rezistenca ndaj UV:<\/strong> Po<\/p>","protected":false},"excerpt":{"rendered":"<p>Seria: System BlackLloji: Tast\u00eb e verb\u00ebr p\u00ebr 1 modul, p\u00ebr p\u00ebrdorim n\u00eb ambiente t\u00eb brendshmeNgjyra: E zez\u00eb (satin)Materiali: Teknopolimer i q\u00ebndruesh\u00ebm ndaj UVFinish: I shk\u00eblqyer (glossy)P\u00ebrputhshm\u00ebria me standardet: CE, REACHTemperatura e pun\u00ebs: \u201325\u202f\u00b0C deri +60\u202f\u00b0CRezistenca ndaj UV: Po<\/p>","protected":false},"featured_media":3382,"comment_status":"open","ping_status":"closed","template":"","meta":{"_acf_changed":false},"product_brand":[],"product_cat":[40,69],"product_tag":[],"class_list":{"0":"post-3380","1":"product","2":"type-product","3":"status-publish","4":"has-post-thumbnail","6":"product_cat-serite-civile","7":"product_cat-gewiss-system","9":"first","10":"instock","11":"shipping-taxable","12":"product-type-simple"},"acf":[],"_links":{"self":[{"href":"https:\/\/www.brikaelektrik.al\/al\/wp-json\/wp\/v2\/product\/3380","targetHints":{"allow":["GET"]}}],"collection":[{"href":"https:\/\/www.brikaelektrik.al\/al\/wp-json\/wp\/v2\/product"}],"about":[{"href":"https:\/\/www.brikaelektrik.al\/al\/wp-json\/wp\/v2\/types\/product"}],"replies":[{"embeddable":true,"href":"https:\/\/www.brikaelektrik.al\/al\/wp-json\/wp\/v2\/comments?post=3380"}],"wp:featuredmedia":[{"embeddable":true,"href":"https:\/\/www.brikaelektrik.al\/al\/wp-json\/wp\/v2\/media\/3382"}],"wp:attachment":[{"href":"https:\/\/www.brikaelektrik.al\/al\/wp-json\/wp\/v2\/media?parent=3380"}],"wp:term":[{"taxonomy":"product_brand","embeddable":true,"href":"https:\/\/www.brikaelektrik.al\/al\/wp-json\/wp\/v2\/product_brand?post=3380"},{"taxonomy":"product_cat","embeddable":true,"href":"https:\/\/www.brikaelektrik.al\/al\/wp-json\/wp\/v2\/product_cat?post=3380"},{"taxonomy":"product_tag","embeddable":true,"href":"https:\/\/www.brikaelektrik.al\/al\/wp-json\/wp\/v2\/product_tag?post=3380"}],"curies":[{"name":"wp","href":"https:\/\/api.w.org\/{rel}","templated":true}]}}