{"id":3384,"date":"2025-08-21T13:01:37","date_gmt":"2025-08-21T13:01:37","guid":{"rendered":"https:\/\/www.brikaelektrik.al\/?post_type=product&#038;p=3384"},"modified":"2025-08-21T13:01:38","modified_gmt":"2025-08-21T13:01:38","slug":"zile-230v","status":"publish","type":"product","link":"https:\/\/www.brikaelektrik.al\/al\/produkt\/zile-230v\/","title":{"rendered":"ZILE 230V"},"content":{"rendered":"<p><strong data-start=\"123\" data-end=\"133\">Seria:<\/strong> System White<br data-start=\"146\" data-end=\"149\" \/><strong data-start=\"149\" data-end=\"159\">Lloji:<\/strong> Zhurmues (bell) p\u00ebr p\u00ebrdorim n\u00eb ambiente t\u00eb brendshme<br data-start=\"213\" data-end=\"216\" \/><strong data-start=\"216\" data-end=\"227\">Ngjyra:<\/strong> E bardh\u00eb (glossy)<br data-start=\"245\" data-end=\"248\" \/><strong data-start=\"248\" data-end=\"262\" data-is-only-node=\"\">Materiali:<\/strong> Teknopolimer i q\u00ebndruesh\u00ebm ndaj UV<br data-start=\"297\" data-end=\"300\" \/><strong data-start=\"300\" data-end=\"311\">Finish:<\/strong> I shk\u00eblqyer (glossy)<br data-start=\"332\" data-end=\"335\" \/><strong data-start=\"335\" data-end=\"368\">P\u00ebrputhshm\u00ebria me standardet:<\/strong> CE, REACH<br data-start=\"378\" data-end=\"381\" \/><strong data-start=\"381\" data-end=\"405\">Temperatura e pun\u00ebs:<\/strong> \u201325\u202f\u00b0C deri +60\u202f\u00b0C<br data-start=\"424\" data-end=\"427\" \/><strong data-start=\"427\" data-end=\"450\">Rezistenca ndaj UV:<\/strong> Po<\/p>","protected":false},"excerpt":{"rendered":"<p>Seria: System WhiteLloji: Zhurmues (bell) p\u00ebr p\u00ebrdorim n\u00eb ambiente t\u00eb brendshmeNgjyra: E bardh\u00eb (glossy)Materiali: Teknopolimer i q\u00ebndruesh\u00ebm ndaj UVFinish: I shk\u00eblqyer (glossy)P\u00ebrputhshm\u00ebria me standardet: CE, REACHTemperatura e pun\u00ebs: \u201325\u202f\u00b0C deri +60\u202f\u00b0CRezistenca ndaj UV: Po<\/p>","protected":false},"featured_media":3385,"comment_status":"open","ping_status":"closed","template":"","meta":{"_acf_changed":false},"product_brand":[],"product_cat":[40,69],"product_tag":[],"class_list":{"0":"post-3384","1":"product","2":"type-product","3":"status-publish","4":"has-post-thumbnail","6":"product_cat-serite-civile","7":"product_cat-gewiss-system","9":"first","10":"instock","11":"shipping-taxable","12":"product-type-simple"},"acf":[],"_links":{"self":[{"href":"https:\/\/www.brikaelektrik.al\/al\/wp-json\/wp\/v2\/product\/3384","targetHints":{"allow":["GET"]}}],"collection":[{"href":"https:\/\/www.brikaelektrik.al\/al\/wp-json\/wp\/v2\/product"}],"about":[{"href":"https:\/\/www.brikaelektrik.al\/al\/wp-json\/wp\/v2\/types\/product"}],"replies":[{"embeddable":true,"href":"https:\/\/www.brikaelektrik.al\/al\/wp-json\/wp\/v2\/comments?post=3384"}],"wp:featuredmedia":[{"embeddable":true,"href":"https:\/\/www.brikaelektrik.al\/al\/wp-json\/wp\/v2\/media\/3385"}],"wp:attachment":[{"href":"https:\/\/www.brikaelektrik.al\/al\/wp-json\/wp\/v2\/media?parent=3384"}],"wp:term":[{"taxonomy":"product_brand","embeddable":true,"href":"https:\/\/www.brikaelektrik.al\/al\/wp-json\/wp\/v2\/product_brand?post=3384"},{"taxonomy":"product_cat","embeddable":true,"href":"https:\/\/www.brikaelektrik.al\/al\/wp-json\/wp\/v2\/product_cat?post=3384"},{"taxonomy":"product_tag","embeddable":true,"href":"https:\/\/www.brikaelektrik.al\/al\/wp-json\/wp\/v2\/product_tag?post=3384"}],"curies":[{"name":"wp","href":"https:\/\/api.w.org\/{rel}","templated":true}]}}