{"id":3386,"date":"2025-08-21T13:04:19","date_gmt":"2025-08-21T13:04:19","guid":{"rendered":"https:\/\/www.brikaelektrik.al\/?post_type=product&#038;p=3386"},"modified":"2025-08-21T13:04:19","modified_gmt":"2025-08-21T13:04:19","slug":"zile-230v-e-zeze","status":"publish","type":"product","link":"https:\/\/www.brikaelektrik.al\/al\/produkt\/zile-230v-e-zeze\/","title":{"rendered":"ZILE 230V E ZEZ\u00cb"},"content":{"rendered":"<p><strong data-start=\"1\" data-end=\"11\">Seria:<\/strong> <span class=\"relative -mx-px my-[-0.2rem] rounded px-px py-[0.2rem] transition-colors duration-100 ease-in-out\">System Black<\/span><br data-start=\"49\" data-end=\"52\" \/><strong data-start=\"52\" data-end=\"62\">Lloji:<\/strong> <span class=\"relative -mx-px my-[-0.2rem] rounded px-px py-[0.2rem] transition-colors duration-100 ease-in-out\">Zhurmues (bell) p\u00ebr p\u00ebrdorim n\u00eb ambiente t\u00eb brendshme<\/span><br data-start=\"100\" data-end=\"103\" \/><strong data-start=\"103\" data-end=\"114\">Ngjyra:<\/strong> <span class=\"relative -mx-px my-[-0.2rem] rounded px-px py-[0.2rem] transition-colors duration-100 ease-in-out\">E zez\u00eb (satin)<\/span><br data-start=\"152\" data-end=\"155\" \/><strong data-start=\"155\" data-end=\"169\">Materiali:<\/strong> <span class=\"relative -mx-px my-[-0.2rem] rounded px-px py-[0.2rem] transition-colors duration-100 ease-in-out\">Teknopolimer i q\u00ebndruesh\u00ebm ndaj UV<\/span><br data-start=\"209\" data-end=\"212\" \/><strong data-start=\"212\" data-end=\"223\">Finish:<\/strong> <span class=\"relative -mx-px my-[-0.2rem] rounded px-px py-[0.2rem] transition-colors duration-100 ease-in-out\">I shk\u00eblqyer (glossy)<\/span><br data-start=\"263\" data-end=\"266\" \/><strong data-start=\"266\" data-end=\"299\">P\u00ebrputhshm\u00ebria me standardet:<\/strong> <span class=\"relative -mx-px my-[-0.2rem] rounded px-px py-[0.2rem] transition-colors duration-100 ease-in-out\">CE, REACH<\/span><br data-start=\"339\" data-end=\"342\" \/><strong data-start=\"342\" data-end=\"366\">Temperatura e pun\u00ebs:<\/strong> <span class=\"relative -mx-px my-[-0.2rem] rounded px-px py-[0.2rem] transition-colors duration-100 ease-in-out\">\u201325\u202f\u00b0C deri +60\u202f\u00b0C<\/span><br data-start=\"406\" data-end=\"409\" \/><strong data-start=\"409\" data-end=\"432\">Rezistenca ndaj UV:<\/strong> <span class=\"relative -mx-px my-[-0.2rem] rounded px-px py-[0.2rem] transition-colors duration-100 ease-in-out\">Po<\/span><\/p>","protected":false},"excerpt":{"rendered":"<p>Seria: System BlackLloji: Zhurmues (bell) p\u00ebr p\u00ebrdorim n\u00eb ambiente t\u00eb brendshmeNgjyra: E zez\u00eb (satin)Materiali: Teknopolimer i q\u00ebndruesh\u00ebm ndaj UVFinish: I shk\u00eblqyer (glossy)P\u00ebrputhshm\u00ebria me standardet: CE, REACHTemperatura e pun\u00ebs: \u201325\u202f\u00b0C deri +60\u202f\u00b0CRezistenca ndaj UV: Po<\/p>","protected":false},"featured_media":3387,"comment_status":"open","ping_status":"closed","template":"","meta":{"_acf_changed":false},"product_brand":[],"product_cat":[40,69],"product_tag":[],"class_list":{"0":"post-3386","1":"product","2":"type-product","3":"status-publish","4":"has-post-thumbnail","6":"product_cat-serite-civile","7":"product_cat-gewiss-system","9":"first","10":"instock","11":"shipping-taxable","12":"product-type-simple"},"acf":[],"_links":{"self":[{"href":"https:\/\/www.brikaelektrik.al\/al\/wp-json\/wp\/v2\/product\/3386","targetHints":{"allow":["GET"]}}],"collection":[{"href":"https:\/\/www.brikaelektrik.al\/al\/wp-json\/wp\/v2\/product"}],"about":[{"href":"https:\/\/www.brikaelektrik.al\/al\/wp-json\/wp\/v2\/types\/product"}],"replies":[{"embeddable":true,"href":"https:\/\/www.brikaelektrik.al\/al\/wp-json\/wp\/v2\/comments?post=3386"}],"wp:featuredmedia":[{"embeddable":true,"href":"https:\/\/www.brikaelektrik.al\/al\/wp-json\/wp\/v2\/media\/3387"}],"wp:attachment":[{"href":"https:\/\/www.brikaelektrik.al\/al\/wp-json\/wp\/v2\/media?parent=3386"}],"wp:term":[{"taxonomy":"product_brand","embeddable":true,"href":"https:\/\/www.brikaelektrik.al\/al\/wp-json\/wp\/v2\/product_brand?post=3386"},{"taxonomy":"product_cat","embeddable":true,"href":"https:\/\/www.brikaelektrik.al\/al\/wp-json\/wp\/v2\/product_cat?post=3386"},{"taxonomy":"product_tag","embeddable":true,"href":"https:\/\/www.brikaelektrik.al\/al\/wp-json\/wp\/v2\/product_tag?post=3386"}],"curies":[{"name":"wp","href":"https:\/\/api.w.org\/{rel}","templated":true}]}}