{"id":3390,"date":"2025-08-21T13:09:27","date_gmt":"2025-08-21T13:09:27","guid":{"rendered":"https:\/\/www.brikaelektrik.al\/?post_type=product&#038;p=3390"},"modified":"2025-08-21T13:09:27","modified_gmt":"2025-08-21T13:09:27","slug":"kuti-automati-gipsi-24m","status":"publish","type":"product","link":"https:\/\/www.brikaelektrik.al\/al\/produkt\/kuti-automati-gipsi-24m\/","title":{"rendered":"KUTI AUTOMATI GIPSI 24M"},"content":{"rendered":"<p><strong data-start=\"121\" data-end=\"131\">Seria:<\/strong> <span class=\"relative -mx-px my-[-0.2rem] rounded px-px py-[0.2rem] transition-colors duration-100 ease-in-out\">Green Wall<\/span><br data-start=\"169\" data-end=\"172\" \/><strong data-start=\"172\" data-end=\"182\">Lloji:<\/strong> <span class=\"relative -mx-px my-[-0.2rem] rounded px-px py-[0.2rem] transition-colors duration-100 ease-in-out\">Tablo elektrike e mbyllur p\u00ebr mure gipsi, me 24 module (12&#215;2), me der\u00eb t\u00eb tymosur dhe korniz\u00eb t\u00eb nxjerrshme<\/span><br data-start=\"220\" data-end=\"223\" \/><strong data-start=\"223\" data-end=\"234\">Ngjyra:<\/strong> <span class=\"relative -mx-px my-[-0.2rem] rounded px-px py-[0.2rem] transition-colors duration-100 ease-in-out\">E bardh\u00eb (RAL 9016)<\/span><br data-start=\"274\" data-end=\"277\" \/><strong data-start=\"277\" data-end=\"291\">Materiali:<\/strong> <span class=\"relative -mx-px my-[-0.2rem] rounded px-px py-[0.2rem] transition-colors duration-100 ease-in-out\">Teknopolimer pa halogjen, i q\u00ebndruesh\u00ebm ndaj UV (GWT 850\u00b0C)<\/span><br data-start=\"331\" data-end=\"334\" \/><strong data-start=\"334\" data-end=\"345\">Finish:<\/strong> <span class=\"relative -mx-px my-[-0.2rem] rounded px-px py-[0.2rem] transition-colors duration-100 ease-in-out\">I shk\u00eblqyer (glossy)<\/span><br data-start=\"385\" data-end=\"388\" \/><strong data-start=\"388\" data-end=\"421\">P\u00ebrputhshm\u00ebria me standardet:<\/strong> <span class=\"relative -mx-px my-[-0.2rem] rounded px-px py-[0.2rem] transition-colors duration-100 ease-in-out\">CE, REACH<\/span><br data-start=\"461\" data-end=\"464\" \/><strong data-start=\"464\" data-end=\"488\">Temperatura e pun\u00ebs:<\/strong> <span class=\"relative -mx-px my-[-0.2rem] rounded px-px py-[0.2rem] transition-colors duration-100 ease-in-out\">\u201315\u202f\u00b0C deri +60\u202f\u00b0C<\/span><br data-start=\"528\" data-end=\"531\" \/><strong data-start=\"531\" data-end=\"554\">Rezistenca ndaj UV:<\/strong> <span class=\"relative -mx-px my-[-0.2rem] rounded px-px py-[0.2rem] transition-colors duration-100 ease-in-out\">Po<\/span><\/p>","protected":false},"excerpt":{"rendered":"<p>Seria: Green WallLloji: Tablo elektrike e mbyllur p\u00ebr mure gipsi, me 24 module (12&#215;2), me der\u00eb t\u00eb tymosur dhe korniz\u00eb t\u00eb nxjerrshmeNgjyra: E bardh\u00eb (RAL 9016)Materiali: Teknopolimer pa halogjen, i q\u00ebndruesh\u00ebm ndaj UV (GWT 850\u00b0C)Finish: I shk\u00eblqyer (glossy)P\u00ebrputhshm\u00ebria me standardet: CE, REACHTemperatura e pun\u00ebs: \u201315\u202f\u00b0C deri +60\u202f\u00b0CRezistenca ndaj UV: Po<\/p>","protected":false},"featured_media":3391,"comment_status":"open","ping_status":"closed","template":"","meta":{"_acf_changed":false},"product_brand":[],"product_cat":[40,69],"product_tag":[],"class_list":{"0":"post-3390","1":"product","2":"type-product","3":"status-publish","4":"has-post-thumbnail","6":"product_cat-serite-civile","7":"product_cat-gewiss-system","9":"first","10":"instock","11":"shipping-taxable","12":"product-type-simple"},"acf":[],"_links":{"self":[{"href":"https:\/\/www.brikaelektrik.al\/al\/wp-json\/wp\/v2\/product\/3390","targetHints":{"allow":["GET"]}}],"collection":[{"href":"https:\/\/www.brikaelektrik.al\/al\/wp-json\/wp\/v2\/product"}],"about":[{"href":"https:\/\/www.brikaelektrik.al\/al\/wp-json\/wp\/v2\/types\/product"}],"replies":[{"embeddable":true,"href":"https:\/\/www.brikaelektrik.al\/al\/wp-json\/wp\/v2\/comments?post=3390"}],"wp:featuredmedia":[{"embeddable":true,"href":"https:\/\/www.brikaelektrik.al\/al\/wp-json\/wp\/v2\/media\/3391"}],"wp:attachment":[{"href":"https:\/\/www.brikaelektrik.al\/al\/wp-json\/wp\/v2\/media?parent=3390"}],"wp:term":[{"taxonomy":"product_brand","embeddable":true,"href":"https:\/\/www.brikaelektrik.al\/al\/wp-json\/wp\/v2\/product_brand?post=3390"},{"taxonomy":"product_cat","embeddable":true,"href":"https:\/\/www.brikaelektrik.al\/al\/wp-json\/wp\/v2\/product_cat?post=3390"},{"taxonomy":"product_tag","embeddable":true,"href":"https:\/\/www.brikaelektrik.al\/al\/wp-json\/wp\/v2\/product_tag?post=3390"}],"curies":[{"name":"wp","href":"https:\/\/api.w.org\/{rel}","templated":true}]}}