{"id":3392,"date":"2025-08-21T13:11:36","date_gmt":"2025-08-21T13:11:36","guid":{"rendered":"https:\/\/www.brikaelektrik.al\/?post_type=product&#038;p=3392"},"modified":"2025-08-21T13:11:36","modified_gmt":"2025-08-21T13:11:36","slug":"ndares-i-brendshem-per-kuti-shperndarese-pt","status":"publish","type":"product","link":"https:\/\/www.brikaelektrik.al\/al\/produkt\/ndares-i-brendshem-per-kuti-shperndarese-pt\/","title":{"rendered":"NDAR\u00cbS I BRENDSH\u00cbM P\u00cbR KUTI SHPERNDAR\u00cbSE PT"},"content":{"rendered":"<p><strong data-start=\"47\" data-end=\"57\">Seria:<\/strong> 48 PT \/ PT DIN<br data-start=\"72\" data-end=\"75\" \/><strong data-start=\"75\" data-end=\"85\" data-is-only-node=\"\">Lloji:<\/strong> Separatore i brendsh\u00ebm p\u00ebr kaseta derivimi t\u00eb montuara n\u00eb mur<br data-start=\"147\" data-end=\"150\" \/><strong data-start=\"227\" data-end=\"241\">Materiali:<\/strong> Teknopolimer pa halogjen<br data-start=\"266\" data-end=\"269\" \/><strong data-start=\"269\" data-end=\"282\">Gjat\u00ebsia:<\/strong> 129 mm<br data-start=\"289\" data-end=\"292\" \/><strong data-start=\"292\" data-end=\"305\">Gjer\u00ebsia:<\/strong> 58 mm<br data-start=\"311\" data-end=\"314\" \/><strong data-start=\"314\" data-end=\"325\">Ngjyra:<\/strong> E kuqe<br data-start=\"332\" data-end=\"335\" \/><strong data-start=\"335\" data-end=\"347\">Montimi:<\/strong> I ngjeshur (pa nevoj\u00eb p\u00ebr vida)<br data-start=\"379\" data-end=\"382\" \/><strong data-start=\"382\" data-end=\"406\">Temperatura e pun\u00ebs:<\/strong> \u201325\u202f\u00b0C deri +60\u202f\u00b0C<br data-start=\"425\" data-end=\"428\" \/><strong data-start=\"428\" data-end=\"451\">Rezistenca ndaj UV:<\/strong> Po<\/p>","protected":false},"excerpt":{"rendered":"<p>Seria: 48 PT \/ PT DINLloji: Separatore i brendsh\u00ebm p\u00ebr kaseta derivimi t\u00eb montuara n\u00eb murMateriali: Teknopolimer pa halogjenGjat\u00ebsia: 129 mmGjer\u00ebsia: 58 mmNgjyra: E kuqeMontimi: I ngjeshur (pa nevoj\u00eb p\u00ebr vida)Temperatura e pun\u00ebs: \u201325\u202f\u00b0C deri +60\u202f\u00b0CRezistenca ndaj UV: Po<\/p>","protected":false},"featured_media":3393,"comment_status":"open","ping_status":"closed","template":"","meta":{"_acf_changed":false},"product_brand":[],"product_cat":[40,69],"product_tag":[],"class_list":{"0":"post-3392","1":"product","2":"type-product","3":"status-publish","4":"has-post-thumbnail","6":"product_cat-serite-civile","7":"product_cat-gewiss-system","9":"first","10":"instock","11":"shipping-taxable","12":"product-type-simple"},"acf":[],"_links":{"self":[{"href":"https:\/\/www.brikaelektrik.al\/al\/wp-json\/wp\/v2\/product\/3392","targetHints":{"allow":["GET"]}}],"collection":[{"href":"https:\/\/www.brikaelektrik.al\/al\/wp-json\/wp\/v2\/product"}],"about":[{"href":"https:\/\/www.brikaelektrik.al\/al\/wp-json\/wp\/v2\/types\/product"}],"replies":[{"embeddable":true,"href":"https:\/\/www.brikaelektrik.al\/al\/wp-json\/wp\/v2\/comments?post=3392"}],"wp:featuredmedia":[{"embeddable":true,"href":"https:\/\/www.brikaelektrik.al\/al\/wp-json\/wp\/v2\/media\/3393"}],"wp:attachment":[{"href":"https:\/\/www.brikaelektrik.al\/al\/wp-json\/wp\/v2\/media?parent=3392"}],"wp:term":[{"taxonomy":"product_brand","embeddable":true,"href":"https:\/\/www.brikaelektrik.al\/al\/wp-json\/wp\/v2\/product_brand?post=3392"},{"taxonomy":"product_cat","embeddable":true,"href":"https:\/\/www.brikaelektrik.al\/al\/wp-json\/wp\/v2\/product_cat?post=3392"},{"taxonomy":"product_tag","embeddable":true,"href":"https:\/\/www.brikaelektrik.al\/al\/wp-json\/wp\/v2\/product_tag?post=3392"}],"curies":[{"name":"wp","href":"https:\/\/api.w.org\/{rel}","templated":true}]}}