{"id":3394,"date":"2025-08-21T13:13:37","date_gmt":"2025-08-21T13:13:37","guid":{"rendered":"https:\/\/www.brikaelektrik.al\/?post_type=product&#038;p=3394"},"modified":"2025-08-21T13:13:37","modified_gmt":"2025-08-21T13:13:37","slug":"adaptor-1-hyrje-2-dalje-4x16a","status":"publish","type":"product","link":"https:\/\/www.brikaelektrik.al\/al\/produkt\/adaptor-1-hyrje-2-dalje-4x16a\/","title":{"rendered":"ADAPTOR 1 HYRJE &#8211; 2 DALJE 4X16A"},"content":{"rendered":"<p><strong data-start=\"183\" data-end=\"193\">Seria:<\/strong> IEC 309 MA<br data-start=\"204\" data-end=\"207\" \/><strong data-start=\"207\" data-end=\"217\">Lloji:<\/strong> Moltiplikator mobil me 2 dalje IP67 \u2013 16A \u2013 3P+E \u2013 400V \u2013 50\/60Hz \u2013 i kuq \u2013 pozicioni 6H<br data-start=\"306\" data-end=\"309\" data-is-only-node=\"\" \/><strong data-start=\"309\" data-end=\"320\">Ngjyra:<\/strong> E kuqe (RAL 3020)<br data-start=\"338\" data-end=\"341\" \/><strong data-start=\"341\" data-end=\"355\">Materiali:<\/strong> Teknopolimer pa halogjen, i q\u00ebndruesh\u00ebm ndaj UV<br data-start=\"403\" data-end=\"406\" \/><strong data-start=\"406\" data-end=\"417\">Finish:<\/strong> I shk\u00eblqyer (glossy)<br data-start=\"438\" data-end=\"441\" \/><strong data-start=\"441\" data-end=\"474\">P\u00ebrputhshm\u00ebria me standardet:<\/strong> CE, REACH<br data-start=\"484\" data-end=\"487\" \/><strong data-start=\"487\" data-end=\"511\">Temperatura e pun\u00ebs:<\/strong> \u201325\u202f\u00b0C deri +60\u202f\u00b0C<br data-start=\"530\" data-end=\"533\" \/><strong data-start=\"533\" data-end=\"556\">Rezistenca ndaj UV:<\/strong> Po<\/p>","protected":false},"excerpt":{"rendered":"<p>Seria: IEC 309 MALloji: Moltiplikator mobil me 2 dalje IP67 \u2013 16A \u2013 3P+E \u2013 400V \u2013 50\/60Hz \u2013 i kuq \u2013 pozicioni 6HNgjyra: E kuqe (RAL 3020)Materiali: Teknopolimer pa halogjen, i q\u00ebndruesh\u00ebm ndaj UVFinish: I shk\u00eblqyer (glossy)P\u00ebrputhshm\u00ebria me standardet: CE, REACHTemperatura e pun\u00ebs: \u201325\u202f\u00b0C deri +60\u202f\u00b0CRezistenca ndaj UV: Po<\/p>","protected":false},"featured_media":3395,"comment_status":"open","ping_status":"closed","template":"","meta":{"_acf_changed":false},"product_brand":[],"product_cat":[40,69],"product_tag":[],"class_list":{"0":"post-3394","1":"product","2":"type-product","3":"status-publish","4":"has-post-thumbnail","6":"product_cat-serite-civile","7":"product_cat-gewiss-system","9":"first","10":"instock","11":"shipping-taxable","12":"product-type-simple"},"acf":[],"_links":{"self":[{"href":"https:\/\/www.brikaelektrik.al\/al\/wp-json\/wp\/v2\/product\/3394","targetHints":{"allow":["GET"]}}],"collection":[{"href":"https:\/\/www.brikaelektrik.al\/al\/wp-json\/wp\/v2\/product"}],"about":[{"href":"https:\/\/www.brikaelektrik.al\/al\/wp-json\/wp\/v2\/types\/product"}],"replies":[{"embeddable":true,"href":"https:\/\/www.brikaelektrik.al\/al\/wp-json\/wp\/v2\/comments?post=3394"}],"wp:featuredmedia":[{"embeddable":true,"href":"https:\/\/www.brikaelektrik.al\/al\/wp-json\/wp\/v2\/media\/3395"}],"wp:attachment":[{"href":"https:\/\/www.brikaelektrik.al\/al\/wp-json\/wp\/v2\/media?parent=3394"}],"wp:term":[{"taxonomy":"product_brand","embeddable":true,"href":"https:\/\/www.brikaelektrik.al\/al\/wp-json\/wp\/v2\/product_brand?post=3394"},{"taxonomy":"product_cat","embeddable":true,"href":"https:\/\/www.brikaelektrik.al\/al\/wp-json\/wp\/v2\/product_cat?post=3394"},{"taxonomy":"product_tag","embeddable":true,"href":"https:\/\/www.brikaelektrik.al\/al\/wp-json\/wp\/v2\/product_tag?post=3394"}],"curies":[{"name":"wp","href":"https:\/\/api.w.org\/{rel}","templated":true}]}}