{"id":3396,"date":"2025-08-21T13:15:49","date_gmt":"2025-08-21T13:15:49","guid":{"rendered":"https:\/\/www.brikaelektrik.al\/?post_type=product&#038;p=3396"},"modified":"2025-08-21T13:15:49","modified_gmt":"2025-08-21T13:15:49","slug":"kuti-automati-j-m-24m-ip40","status":"publish","type":"product","link":"https:\/\/www.brikaelektrik.al\/al\/produkt\/kuti-automati-j-m-24m-ip40\/","title":{"rendered":"KUTI AUTOMATI J\/M 24M IP40"},"content":{"rendered":"<p><strong data-start=\"183\" data-end=\"193\">Seria:<\/strong> 40 CD<br data-start=\"199\" data-end=\"202\" \/><strong data-start=\"202\" data-end=\"212\">Lloji:<\/strong> Tablo dekorative me mure t\u00eb l\u00ebmuara, e parapregatitur p\u00ebr bllok terminali \u2013 (12&#215;2) 24 module \u2013 IP40<br data-start=\"312\" data-end=\"315\" data-is-only-node=\"\" \/><strong data-start=\"315\" data-end=\"326\">Ngjyra:<\/strong> E bardh\u00eb (RAL 9016)<br data-start=\"346\" data-end=\"349\" \/><strong data-start=\"349\" data-end=\"363\">Materiali:<\/strong> PVC pa halogjen, n\u00eb p\u00ebrputhje me EN 60754-2<br data-start=\"407\" data-end=\"410\" \/><strong data-start=\"410\" data-end=\"421\">Finish:<\/strong> I shk\u00eblqyer (glossy)<br data-start=\"442\" data-end=\"445\" \/><strong data-start=\"445\" data-end=\"478\">P\u00ebrputhshm\u00ebria me standardet:<\/strong> CE, REACH<br data-start=\"488\" data-end=\"491\" \/><strong data-start=\"491\" data-end=\"515\">Temperatura e pun\u00ebs:<\/strong> \u201325\u202f\u00b0C deri +60\u202f\u00b0C<br data-start=\"534\" data-end=\"537\" \/><strong data-start=\"537\" data-end=\"560\">Rezistenca ndaj UV:<\/strong> Po<\/p>","protected":false},"excerpt":{"rendered":"<p>Seria: 40 CDLloji: Tablo dekorative me mure t\u00eb l\u00ebmuara, e parapregatitur p\u00ebr bllok terminali \u2013 (12&#215;2) 24 module \u2013 IP40Ngjyra: E bardh\u00eb (RAL 9016)Materiali: PVC pa halogjen, n\u00eb p\u00ebrputhje me EN 60754-2Finish: I shk\u00eblqyer (glossy)P\u00ebrputhshm\u00ebria me standardet: CE, REACHTemperatura e pun\u00ebs: \u201325\u202f\u00b0C deri +60\u202f\u00b0CRezistenca ndaj UV: Po<\/p>","protected":false},"featured_media":3397,"comment_status":"open","ping_status":"closed","template":"","meta":{"_acf_changed":false},"product_brand":[],"product_cat":[40,69],"product_tag":[],"class_list":{"0":"post-3396","1":"product","2":"type-product","3":"status-publish","4":"has-post-thumbnail","6":"product_cat-serite-civile","7":"product_cat-gewiss-system","9":"first","10":"instock","11":"shipping-taxable","12":"product-type-simple"},"acf":[],"_links":{"self":[{"href":"https:\/\/www.brikaelektrik.al\/al\/wp-json\/wp\/v2\/product\/3396","targetHints":{"allow":["GET"]}}],"collection":[{"href":"https:\/\/www.brikaelektrik.al\/al\/wp-json\/wp\/v2\/product"}],"about":[{"href":"https:\/\/www.brikaelektrik.al\/al\/wp-json\/wp\/v2\/types\/product"}],"replies":[{"embeddable":true,"href":"https:\/\/www.brikaelektrik.al\/al\/wp-json\/wp\/v2\/comments?post=3396"}],"wp:featuredmedia":[{"embeddable":true,"href":"https:\/\/www.brikaelektrik.al\/al\/wp-json\/wp\/v2\/media\/3397"}],"wp:attachment":[{"href":"https:\/\/www.brikaelektrik.al\/al\/wp-json\/wp\/v2\/media?parent=3396"}],"wp:term":[{"taxonomy":"product_brand","embeddable":true,"href":"https:\/\/www.brikaelektrik.al\/al\/wp-json\/wp\/v2\/product_brand?post=3396"},{"taxonomy":"product_cat","embeddable":true,"href":"https:\/\/www.brikaelektrik.al\/al\/wp-json\/wp\/v2\/product_cat?post=3396"},{"taxonomy":"product_tag","embeddable":true,"href":"https:\/\/www.brikaelektrik.al\/al\/wp-json\/wp\/v2\/product_tag?post=3396"}],"curies":[{"name":"wp","href":"https:\/\/api.w.org\/{rel}","templated":true}]}}