{"id":3398,"date":"2025-08-21T13:19:50","date_gmt":"2025-08-21T13:19:50","guid":{"rendered":"https:\/\/www.brikaelektrik.al\/?post_type=product&#038;p=3398"},"modified":"2025-08-21T13:19:50","modified_gmt":"2025-08-21T13:19:50","slug":"kuti-gipsi-cp-3-poste-jeshile-ipp180","status":"publish","type":"product","link":"https:\/\/www.brikaelektrik.al\/al\/produkt\/kuti-gipsi-cp-3-poste-jeshile-ipp180\/","title":{"rendered":"KUTI GIPSI C+P 3 POSTE JESHILE (IPP180)"},"content":{"rendered":"<p><strong data-start=\"206\" data-end=\"216\">Seria:<\/strong> Green Wall<br data-start=\"227\" data-end=\"230\" \/><strong data-start=\"230\" data-end=\"240\">Lloji:<\/strong> Kutia e madhe drejtk\u00ebndore me kapacitet t\u00eb lart\u00eb p\u00ebr mure gipsi, 3 module<br data-start=\"314\" data-end=\"317\" data-is-only-node=\"\" \/><strong data-start=\"317\" data-end=\"328\">Ngjyra:<\/strong> E gjelb\u00ebr (Green Wall)<br data-start=\"351\" data-end=\"354\" \/><strong data-start=\"354\" data-end=\"368\">Materiali:<\/strong> Technopolymer pa halogjen, rezistent ndaj nxeht\u00ebsis\u00eb deri 850 \u00b0C<br data-start=\"433\" data-end=\"436\" \/><strong data-start=\"436\" data-end=\"456\">P\u00ebrmasa (L\u00d7H\u00d7D):<\/strong> 110 \u00d7 73 \u00d7 50 mm<br data-start=\"473\" data-end=\"476\" \/><strong data-start=\"476\" data-end=\"502\">Nr. module (EN 50022):<\/strong> 3<br data-start=\"504\" data-end=\"507\" \/><strong data-start=\"507\" data-end=\"548\">Distanca mes mb\u00ebshtetjeve p\u00ebr fiksim:<\/strong> 83.5 mm<br data-start=\"556\" data-end=\"559\" \/><strong data-start=\"559\" data-end=\"584\">Ndarje e paracaktuar:<\/strong> 2<\/p>","protected":false},"excerpt":{"rendered":"<p>Seria: Green WallLloji: Kutia e madhe drejtk\u00ebndore me kapacitet t\u00eb lart\u00eb p\u00ebr mure gipsi, 3 moduleNgjyra: E gjelb\u00ebr (Green Wall)Materiali: Technopolymer pa halogjen, rezistent ndaj nxeht\u00ebsis\u00eb deri 850 \u00b0CP\u00ebrmasa (L\u00d7H\u00d7D): 110 \u00d7 73 \u00d7 50 mmNr. module (EN 50022): 3Distanca mes mb\u00ebshtetjeve p\u00ebr fiksim: 83.5 mmNdarje e paracaktuar: 2<\/p>","protected":false},"featured_media":3399,"comment_status":"open","ping_status":"closed","template":"","meta":{"_acf_changed":false},"product_brand":[],"product_cat":[40,69],"product_tag":[],"class_list":{"0":"post-3398","1":"product","2":"type-product","3":"status-publish","4":"has-post-thumbnail","6":"product_cat-serite-civile","7":"product_cat-gewiss-system","9":"first","10":"instock","11":"shipping-taxable","12":"product-type-simple"},"acf":[],"_links":{"self":[{"href":"https:\/\/www.brikaelektrik.al\/al\/wp-json\/wp\/v2\/product\/3398","targetHints":{"allow":["GET"]}}],"collection":[{"href":"https:\/\/www.brikaelektrik.al\/al\/wp-json\/wp\/v2\/product"}],"about":[{"href":"https:\/\/www.brikaelektrik.al\/al\/wp-json\/wp\/v2\/types\/product"}],"replies":[{"embeddable":true,"href":"https:\/\/www.brikaelektrik.al\/al\/wp-json\/wp\/v2\/comments?post=3398"}],"wp:featuredmedia":[{"embeddable":true,"href":"https:\/\/www.brikaelektrik.al\/al\/wp-json\/wp\/v2\/media\/3399"}],"wp:attachment":[{"href":"https:\/\/www.brikaelektrik.al\/al\/wp-json\/wp\/v2\/media?parent=3398"}],"wp:term":[{"taxonomy":"product_brand","embeddable":true,"href":"https:\/\/www.brikaelektrik.al\/al\/wp-json\/wp\/v2\/product_brand?post=3398"},{"taxonomy":"product_cat","embeddable":true,"href":"https:\/\/www.brikaelektrik.al\/al\/wp-json\/wp\/v2\/product_cat?post=3398"},{"taxonomy":"product_tag","embeddable":true,"href":"https:\/\/www.brikaelektrik.al\/al\/wp-json\/wp\/v2\/product_tag?post=3398"}],"curies":[{"name":"wp","href":"https:\/\/api.w.org\/{rel}","templated":true}]}}