{"id":3400,"date":"2025-08-21T13:22:09","date_gmt":"2025-08-21T13:22:09","guid":{"rendered":"https:\/\/www.brikaelektrik.al\/?post_type=product&#038;p=3400"},"modified":"2025-08-21T13:22:09","modified_gmt":"2025-08-21T13:22:09","slug":"kuti-cp-4p-b-m-ipp135","status":"publish","type":"product","link":"https:\/\/www.brikaelektrik.al\/al\/produkt\/kuti-cp-4p-b-m-ipp135\/","title":{"rendered":"KUTI C+P 4P B\/M (IPP135)"},"content":{"rendered":"<p><strong data-start=\"164\" data-end=\"174\">Seria:<\/strong> 24 SC<br data-start=\"180\" data-end=\"183\" \/><strong data-start=\"183\" data-end=\"193\">Lloji:<\/strong> Kutia flush-mount p\u00ebr mure muri tulli \u2013 High Capacity Big Box, 4-module<br data-start=\"265\" data-end=\"268\" data-is-only-node=\"\" \/><strong data-start=\"268\" data-end=\"279\">Ngjyra:<\/strong> Portokalli (RAL 2001)<br data-start=\"301\" data-end=\"304\" \/><strong data-start=\"304\" data-end=\"318\">Materiali:<\/strong> Technopolymer GW PLAST halogen-free<br data-start=\"354\" data-end=\"357\" \/><strong data-start=\"357\" data-end=\"370\">Mbrojtje:<\/strong> IP40<br data-start=\"375\" data-end=\"378\" \/><strong data-start=\"378\" data-end=\"398\">P\u00ebrmasa (L\u00d7H\u00d7D):<\/strong> 144 \u00d7 85 \u00d7 50 mm<br data-start=\"415\" data-end=\"418\" \/><strong data-start=\"418\" data-end=\"461\">Distanca mes mb\u00ebshtet\u00ebseve t\u00eb fiksimit:<\/strong> 108.5 mm<\/p>","protected":false},"excerpt":{"rendered":"<p>Seria: 24 SCLloji: Kutia flush-mount p\u00ebr mure muri tulli \u2013 High Capacity Big Box, 4-moduleNgjyra: Portokalli (RAL 2001)Materiali: Technopolymer GW PLAST halogen-freeMbrojtje: IP40P\u00ebrmasa (L\u00d7H\u00d7D): 144 \u00d7 85 \u00d7 50 mmDistanca mes mb\u00ebshtet\u00ebseve t\u00eb fiksimit: 108.5 mm<\/p>","protected":false},"featured_media":3401,"comment_status":"open","ping_status":"closed","template":"","meta":{"_acf_changed":false},"product_brand":[],"product_cat":[40,69],"product_tag":[],"class_list":{"0":"post-3400","1":"product","2":"type-product","3":"status-publish","4":"has-post-thumbnail","6":"product_cat-serite-civile","7":"product_cat-gewiss-system","9":"first","10":"instock","11":"shipping-taxable","12":"product-type-simple"},"acf":[],"_links":{"self":[{"href":"https:\/\/www.brikaelektrik.al\/al\/wp-json\/wp\/v2\/product\/3400","targetHints":{"allow":["GET"]}}],"collection":[{"href":"https:\/\/www.brikaelektrik.al\/al\/wp-json\/wp\/v2\/product"}],"about":[{"href":"https:\/\/www.brikaelektrik.al\/al\/wp-json\/wp\/v2\/types\/product"}],"replies":[{"embeddable":true,"href":"https:\/\/www.brikaelektrik.al\/al\/wp-json\/wp\/v2\/comments?post=3400"}],"wp:featuredmedia":[{"embeddable":true,"href":"https:\/\/www.brikaelektrik.al\/al\/wp-json\/wp\/v2\/media\/3401"}],"wp:attachment":[{"href":"https:\/\/www.brikaelektrik.al\/al\/wp-json\/wp\/v2\/media?parent=3400"}],"wp:term":[{"taxonomy":"product_brand","embeddable":true,"href":"https:\/\/www.brikaelektrik.al\/al\/wp-json\/wp\/v2\/product_brand?post=3400"},{"taxonomy":"product_cat","embeddable":true,"href":"https:\/\/www.brikaelektrik.al\/al\/wp-json\/wp\/v2\/product_cat?post=3400"},{"taxonomy":"product_tag","embeddable":true,"href":"https:\/\/www.brikaelektrik.al\/al\/wp-json\/wp\/v2\/product_tag?post=3400"}],"curies":[{"name":"wp","href":"https:\/\/api.w.org\/{rel}","templated":true}]}}