{"id":3402,"date":"2025-08-21T13:23:30","date_gmt":"2025-08-21T13:23:30","guid":{"rendered":"https:\/\/www.brikaelektrik.al\/?post_type=product&#038;p=3402"},"modified":"2025-08-21T13:23:31","modified_gmt":"2025-08-21T13:23:31","slug":"kuti-gipsi-cp-4-poste-jeshile-ipp120","status":"publish","type":"product","link":"https:\/\/www.brikaelektrik.al\/al\/produkt\/kuti-gipsi-cp-4-poste-jeshile-ipp120\/","title":{"rendered":"KUTI GIPSI C+P 4 POSTE JESHILE (IPP120)"},"content":{"rendered":"<p><strong data-start=\"181\" data-end=\"191\">Seria:<\/strong> Green Wall<br data-start=\"202\" data-end=\"205\" \/><strong data-start=\"205\" data-end=\"215\" data-is-only-node=\"\">Lloji:<\/strong> Kutia flush-mount p\u00ebr mure kartoni-gips, High-Capacity Rectangular Box 4-modul<br data-start=\"294\" data-end=\"297\" \/><strong data-start=\"297\" data-end=\"308\">Ngjyra:<\/strong> E gjelb\u00ebr (Green Wall)<br data-start=\"331\" data-end=\"334\" \/><strong data-start=\"334\" data-end=\"348\">Materiali:<\/strong> Technopolymer pa halogjen, rezistent ndaj temperatures 850 \u00b0C<br data-start=\"410\" data-end=\"413\" \/><strong data-start=\"413\" data-end=\"434\">Numri i moduleve:<\/strong> 4<br data-start=\"436\" data-end=\"439\" \/><strong data-start=\"439\" data-end=\"459\">P\u00ebrmasa (G\u00d7L\u00d7T):<\/strong> 133 \u00d7 73 \u00d7 50 mm<br data-start=\"476\" data-end=\"479\" \/><strong data-start=\"479\" data-end=\"492\">Mbrojtja:<\/strong> IP40<\/p>","protected":false},"excerpt":{"rendered":"<p>Seria: Green WallLloji: Kutia flush-mount p\u00ebr mure kartoni-gips, High-Capacity Rectangular Box 4-modulNgjyra: E gjelb\u00ebr (Green Wall)Materiali: Technopolymer pa halogjen, rezistent ndaj temperatures 850 \u00b0CNumri i moduleve: 4P\u00ebrmasa (G\u00d7L\u00d7T): 133 \u00d7 73 \u00d7 50 mmMbrojtja: IP40<\/p>","protected":false},"featured_media":3403,"comment_status":"open","ping_status":"closed","template":"","meta":{"_acf_changed":false},"product_brand":[],"product_cat":[40,69],"product_tag":[],"class_list":{"0":"post-3402","1":"product","2":"type-product","3":"status-publish","4":"has-post-thumbnail","6":"product_cat-serite-civile","7":"product_cat-gewiss-system","9":"first","10":"instock","11":"shipping-taxable","12":"product-type-simple"},"acf":[],"_links":{"self":[{"href":"https:\/\/www.brikaelektrik.al\/al\/wp-json\/wp\/v2\/product\/3402","targetHints":{"allow":["GET"]}}],"collection":[{"href":"https:\/\/www.brikaelektrik.al\/al\/wp-json\/wp\/v2\/product"}],"about":[{"href":"https:\/\/www.brikaelektrik.al\/al\/wp-json\/wp\/v2\/types\/product"}],"replies":[{"embeddable":true,"href":"https:\/\/www.brikaelektrik.al\/al\/wp-json\/wp\/v2\/comments?post=3402"}],"wp:featuredmedia":[{"embeddable":true,"href":"https:\/\/www.brikaelektrik.al\/al\/wp-json\/wp\/v2\/media\/3403"}],"wp:attachment":[{"href":"https:\/\/www.brikaelektrik.al\/al\/wp-json\/wp\/v2\/media?parent=3402"}],"wp:term":[{"taxonomy":"product_brand","embeddable":true,"href":"https:\/\/www.brikaelektrik.al\/al\/wp-json\/wp\/v2\/product_brand?post=3402"},{"taxonomy":"product_cat","embeddable":true,"href":"https:\/\/www.brikaelektrik.al\/al\/wp-json\/wp\/v2\/product_cat?post=3402"},{"taxonomy":"product_tag","embeddable":true,"href":"https:\/\/www.brikaelektrik.al\/al\/wp-json\/wp\/v2\/product_tag?post=3402"}],"curies":[{"name":"wp","href":"https:\/\/api.w.org\/{rel}","templated":true}]}}