{"id":3404,"date":"2025-08-21T13:29:14","date_gmt":"2025-08-21T13:29:14","guid":{"rendered":"https:\/\/www.brikaelektrik.al\/?post_type=product&#038;p=3404"},"modified":"2025-08-21T13:29:14","modified_gmt":"2025-08-21T13:29:14","slug":"suport-kapak-inkaso-2p-hermetik-ip65","status":"publish","type":"product","link":"https:\/\/www.brikaelektrik.al\/al\/produkt\/suport-kapak-inkaso-2p-hermetik-ip65\/","title":{"rendered":"SUPORT + KAPAK INKASO 2P HERMETIK IP65"},"content":{"rendered":"<p><strong data-start=\"176\" data-end=\"186\">Seria:<\/strong> 68 Q-DIN<br data-start=\"195\" data-end=\"198\" \/><strong data-start=\"198\" data-end=\"208\">Lloji:<\/strong> Kutia flush-mount me kapak zall p\u00ebr 2 module, e pap\u00ebrshkueshme nga uji (IP55)<br data-start=\"286\" data-end=\"289\" data-is-only-node=\"\" \/><strong data-start=\"289\" data-end=\"300\">Ngjyra:<\/strong> Gri (RAL 7035)<br data-start=\"315\" data-end=\"318\" \/><strong data-start=\"318\" data-end=\"332\">Materiali:<\/strong> Technopolymer pa halogjen<br data-start=\"358\" data-end=\"361\" \/><strong data-start=\"361\" data-end=\"374\">Mbrojtje:<\/strong> IP55<br data-start=\"379\" data-end=\"382\" \/><strong data-start=\"382\" data-end=\"406\">Rezistenca mekanike:<\/strong> IK07<br data-start=\"411\" data-end=\"414\" \/><strong data-start=\"414\" data-end=\"434\">P\u00ebrmasa (G \u00d7 H):<\/strong> 75 \u00d7 85 mm<br data-start=\"445\" data-end=\"448\" \/><strong data-start=\"448\" data-end=\"467\">Klasa izoluese:<\/strong> II<br data-start=\"470\" data-end=\"473\" \/><strong data-start=\"473\" data-end=\"491\">Teste termike:<\/strong> Glow Wire 650 \u00b0C \u2022 Ball Pressure 70 \u00b0C<br data-start=\"530\" data-end=\"533\" \/><strong data-start=\"533\" data-end=\"565\">Temperatur\u00eb inst. operative:<\/strong> \u201325 \u00b0C deri +60 \u00b0C<br data-start=\"584\" data-end=\"587\" \/><strong data-start=\"587\" data-end=\"601\">Standardi:<\/strong> EN 60669-1<\/p>","protected":false},"excerpt":{"rendered":"<p>Seria: 68 Q-DINLloji: Kutia flush-mount me kapak zall p\u00ebr 2 module, e pap\u00ebrshkueshme nga uji (IP55)Ngjyra: Gri (RAL 7035)Materiali: Technopolymer pa halogjenMbrojtje: IP55Rezistenca mekanike: IK07P\u00ebrmasa (G \u00d7 H): 75 \u00d7 85 mmKlasa izoluese: IITeste termike: Glow Wire 650 \u00b0C \u2022 Ball Pressure 70 \u00b0CTemperatur\u00eb inst. operative: \u201325 \u00b0C deri +60 \u00b0CStandardi: EN 60669-1<\/p>","protected":false},"featured_media":3405,"comment_status":"open","ping_status":"closed","template":"","meta":{"_acf_changed":false},"product_brand":[],"product_cat":[40,69],"product_tag":[],"class_list":{"0":"post-3404","1":"product","2":"type-product","3":"status-publish","4":"has-post-thumbnail","6":"product_cat-serite-civile","7":"product_cat-gewiss-system","9":"first","10":"instock","11":"shipping-taxable","12":"product-type-simple"},"acf":[],"_links":{"self":[{"href":"https:\/\/www.brikaelektrik.al\/al\/wp-json\/wp\/v2\/product\/3404","targetHints":{"allow":["GET"]}}],"collection":[{"href":"https:\/\/www.brikaelektrik.al\/al\/wp-json\/wp\/v2\/product"}],"about":[{"href":"https:\/\/www.brikaelektrik.al\/al\/wp-json\/wp\/v2\/types\/product"}],"replies":[{"embeddable":true,"href":"https:\/\/www.brikaelektrik.al\/al\/wp-json\/wp\/v2\/comments?post=3404"}],"wp:featuredmedia":[{"embeddable":true,"href":"https:\/\/www.brikaelektrik.al\/al\/wp-json\/wp\/v2\/media\/3405"}],"wp:attachment":[{"href":"https:\/\/www.brikaelektrik.al\/al\/wp-json\/wp\/v2\/media?parent=3404"}],"wp:term":[{"taxonomy":"product_brand","embeddable":true,"href":"https:\/\/www.brikaelektrik.al\/al\/wp-json\/wp\/v2\/product_brand?post=3404"},{"taxonomy":"product_cat","embeddable":true,"href":"https:\/\/www.brikaelektrik.al\/al\/wp-json\/wp\/v2\/product_cat?post=3404"},{"taxonomy":"product_tag","embeddable":true,"href":"https:\/\/www.brikaelektrik.al\/al\/wp-json\/wp\/v2\/product_tag?post=3404"}],"curies":[{"name":"wp","href":"https:\/\/api.w.org\/{rel}","templated":true}]}}