{"id":3407,"date":"2025-08-21T13:34:37","date_gmt":"2025-08-21T13:34:37","guid":{"rendered":"https:\/\/www.brikaelektrik.al\/?post_type=product&#038;p=3407"},"modified":"2025-08-21T13:34:37","modified_gmt":"2025-08-21T13:34:37","slug":"adaptor-1-hyrje-2-dalje-4x16","status":"publish","type":"product","link":"https:\/\/www.brikaelektrik.al\/al\/produkt\/adaptor-1-hyrje-2-dalje-4x16\/","title":{"rendered":"ADAPTOR 1 HYRJE 2 DALJE 4X16"},"content":{"rendered":"<p><strong data-start=\"182\" data-end=\"192\">Seria:<\/strong> IEC 309 MA<br data-start=\"203\" data-end=\"206\" \/><strong data-start=\"206\" data-end=\"216\">Lloji:<\/strong> Multiplues mobil i pap\u00ebrshkuesh\u00ebm nga uji (IP67) me priz\u00eb 16 A dhe 2 dalje me priz\u00eb 3P+N+E, 400 V, referenc\u00eb 6H<br data-start=\"328\" data-end=\"331\" data-is-only-node=\"\" \/><strong data-start=\"331\" data-end=\"342\">Ngjyra:<\/strong> E kuqe<br data-start=\"349\" data-end=\"352\" \/><strong data-start=\"352\" data-end=\"381\">Numri i daljeve (output):<\/strong> 2<br data-start=\"383\" data-end=\"386\" \/><strong data-start=\"386\" data-end=\"414\">P\u00ebrputhshm\u00ebria elektrik:<\/strong> 16 A, 400 V, 50\/60 Hz<br data-start=\"436\" data-end=\"439\" \/><strong data-start=\"439\" data-end=\"452\">Mbrojtja:<\/strong> IP67 (i pap\u00ebrshkuesh\u00ebm nga uji dhe pluhuri)<\/p>","protected":false},"excerpt":{"rendered":"<p>Seria: IEC 309 MALloji: Multiplues mobil i pap\u00ebrshkuesh\u00ebm nga uji (IP67) me priz\u00eb 16 A dhe 2 dalje me priz\u00eb 3P+N+E, 400 V, referenc\u00eb 6HNgjyra: E kuqeNumri i daljeve (output): 2P\u00ebrputhshm\u00ebria elektrik: 16 A, 400 V, 50\/60 HzMbrojtja: IP67 (i pap\u00ebrshkuesh\u00ebm nga uji dhe pluhuri)<\/p>","protected":false},"featured_media":3408,"comment_status":"open","ping_status":"closed","template":"","meta":{"_acf_changed":false},"product_brand":[],"product_cat":[40,69],"product_tag":[],"class_list":{"0":"post-3407","1":"product","2":"type-product","3":"status-publish","4":"has-post-thumbnail","6":"product_cat-serite-civile","7":"product_cat-gewiss-system","9":"first","10":"instock","11":"shipping-taxable","12":"product-type-simple"},"acf":[],"_links":{"self":[{"href":"https:\/\/www.brikaelektrik.al\/al\/wp-json\/wp\/v2\/product\/3407","targetHints":{"allow":["GET"]}}],"collection":[{"href":"https:\/\/www.brikaelektrik.al\/al\/wp-json\/wp\/v2\/product"}],"about":[{"href":"https:\/\/www.brikaelektrik.al\/al\/wp-json\/wp\/v2\/types\/product"}],"replies":[{"embeddable":true,"href":"https:\/\/www.brikaelektrik.al\/al\/wp-json\/wp\/v2\/comments?post=3407"}],"wp:featuredmedia":[{"embeddable":true,"href":"https:\/\/www.brikaelektrik.al\/al\/wp-json\/wp\/v2\/media\/3408"}],"wp:attachment":[{"href":"https:\/\/www.brikaelektrik.al\/al\/wp-json\/wp\/v2\/media?parent=3407"}],"wp:term":[{"taxonomy":"product_brand","embeddable":true,"href":"https:\/\/www.brikaelektrik.al\/al\/wp-json\/wp\/v2\/product_brand?post=3407"},{"taxonomy":"product_cat","embeddable":true,"href":"https:\/\/www.brikaelektrik.al\/al\/wp-json\/wp\/v2\/product_cat?post=3407"},{"taxonomy":"product_tag","embeddable":true,"href":"https:\/\/www.brikaelektrik.al\/al\/wp-json\/wp\/v2\/product_tag?post=3407"}],"curies":[{"name":"wp","href":"https:\/\/api.w.org\/{rel}","templated":true}]}}