{"id":3412,"date":"2025-08-21T13:41:02","date_gmt":"2025-08-21T13:41:02","guid":{"rendered":"https:\/\/www.brikaelektrik.al\/?post_type=product&#038;p=3412"},"modified":"2025-08-21T13:41:03","modified_gmt":"2025-08-21T13:41:03","slug":"salvavit-monobllok-4p","status":"publish","type":"product","link":"https:\/\/www.brikaelektrik.al\/al\/produkt\/salvavit-monobllok-4p\/","title":{"rendered":"SALVAVIT MONOBLLOK 4P"},"content":{"rendered":"<p><strong data-start=\"155\" data-end=\"165\">Seria:<\/strong> 90 MCB Range \u2013 MTHP 160<br data-start=\"189\" data-end=\"192\" \/><strong data-start=\"192\" data-end=\"202\">Lloji:<\/strong> Circuit breaker miniature performanc\u00eb t\u00eb lart\u00eb, 4-pole, 80 A, karakteristik\u00eb C<br data-start=\"281\" data-end=\"284\" data-is-only-node=\"\" \/><strong data-start=\"284\" data-end=\"316\">Numri i moduleve (EN 50022):<\/strong> 6<br data-start=\"318\" data-end=\"321\" \/><strong data-start=\"321\" data-end=\"342\">Tensioni nominal:<\/strong> 230\u2013400 V AC, 50\/60 Hz<br data-start=\"365\" data-end=\"368\" \/><strong data-start=\"368\" data-end=\"396\">Kapaciteti i shk\u00ebputjes:<\/strong><br data-start=\"396\" data-end=\"399\" \/>\u2022 EN 60898-1 (Icn): 10 kA (230 V &amp; 400 V)<br data-start=\"440\" data-end=\"443\" \/>\u2022 IEC\/EN 60947-2 (Icu): 20 kA (230 V), 16 kA (400 V); Ics = 50% e Icu<br data-start=\"512\" data-end=\"515\" \/><strong data-start=\"515\" data-end=\"540\">Tension izolues (Ui):<\/strong> 500 V<br data-start=\"546\" data-end=\"549\" \/><strong data-start=\"549\" data-end=\"577\">Tension impulsiv (Uimp):<\/strong> 6 kV<br data-start=\"582\" data-end=\"585\" \/><strong data-start=\"585\" data-end=\"599\">Enduranca:<\/strong> Elektrike \u226510 000 cikle, Mekanike \u226520 000 cikle<br data-start=\"647\" data-end=\"650\" \/><strong data-start=\"650\" data-end=\"660\">Kabuj:<\/strong><br data-start=\"660\" data-end=\"663\" \/>\u2022 Rigid: \u22641&#215;70, \u22642&#215;25, \u22642&#215;25+1&#215;10 mm\u00b2<br data-start=\"700\" data-end=\"703\" \/>\u2022 Fleksib\u00ebl: \u22641&#215;50, \u22642&#215;25, \u22643&#215;16 mm\u00b2<br data-start=\"739\" data-end=\"742\" \/><strong data-start=\"742\" data-end=\"764\">Moment shtr\u00ebngimi:<\/strong> 3.5 Nm (terminalet)<br data-start=\"784\" data-end=\"787\" \/><strong data-start=\"787\" data-end=\"808\">Temperatura pune:<\/strong> \u201325 \u00b0C deri +60 \u00b0C<\/p>","protected":false},"excerpt":{"rendered":"<p>Seria: 90 MCB Range \u2013 MTHP 160Lloji: Circuit breaker miniature performanc\u00eb t\u00eb lart\u00eb, 4-pole, 80 A, karakteristik\u00eb CNumri i moduleve (EN 50022): 6Tensioni nominal: 230\u2013400 V AC, 50\/60 HzKapaciteti i shk\u00ebputjes:\u2022 EN 60898-1 (Icn): 10 kA (230 V &amp; 400 V)\u2022 IEC\/EN 60947-2 (Icu): 20 kA (230 V), 16 kA (400 V); Ics = 50% [&hellip;]<\/p>","protected":false},"featured_media":3413,"comment_status":"open","ping_status":"closed","template":"","meta":{"_acf_changed":false},"product_brand":[],"product_cat":[40,69],"product_tag":[],"class_list":{"0":"post-3412","1":"product","2":"type-product","3":"status-publish","4":"has-post-thumbnail","6":"product_cat-serite-civile","7":"product_cat-gewiss-system","9":"first","10":"instock","11":"shipping-taxable","12":"product-type-simple"},"acf":[],"_links":{"self":[{"href":"https:\/\/www.brikaelektrik.al\/al\/wp-json\/wp\/v2\/product\/3412","targetHints":{"allow":["GET"]}}],"collection":[{"href":"https:\/\/www.brikaelektrik.al\/al\/wp-json\/wp\/v2\/product"}],"about":[{"href":"https:\/\/www.brikaelektrik.al\/al\/wp-json\/wp\/v2\/types\/product"}],"replies":[{"embeddable":true,"href":"https:\/\/www.brikaelektrik.al\/al\/wp-json\/wp\/v2\/comments?post=3412"}],"wp:featuredmedia":[{"embeddable":true,"href":"https:\/\/www.brikaelektrik.al\/al\/wp-json\/wp\/v2\/media\/3413"}],"wp:attachment":[{"href":"https:\/\/www.brikaelektrik.al\/al\/wp-json\/wp\/v2\/media?parent=3412"}],"wp:term":[{"taxonomy":"product_brand","embeddable":true,"href":"https:\/\/www.brikaelektrik.al\/al\/wp-json\/wp\/v2\/product_brand?post=3412"},{"taxonomy":"product_cat","embeddable":true,"href":"https:\/\/www.brikaelektrik.al\/al\/wp-json\/wp\/v2\/product_cat?post=3412"},{"taxonomy":"product_tag","embeddable":true,"href":"https:\/\/www.brikaelektrik.al\/al\/wp-json\/wp\/v2\/product_tag?post=3412"}],"curies":[{"name":"wp","href":"https:\/\/api.w.org\/{rel}","templated":true}]}}