{"id":3418,"date":"2025-08-21T13:52:18","date_gmt":"2025-08-21T13:52:18","guid":{"rendered":"https:\/\/www.brikaelektrik.al\/?post_type=product&#038;p=3418"},"modified":"2025-08-21T13:52:18","modified_gmt":"2025-08-21T13:52:18","slug":"suport-sigurese-1pn","status":"publish","type":"product","link":"https:\/\/www.brikaelektrik.al\/al\/produkt\/suport-sigurese-1pn\/","title":{"rendered":"SUPORT SIGURESE 1P+N"},"content":{"rendered":"<p><strong data-start=\"200\" data-end=\"210\">Seria:<\/strong> 90 AM<br data-start=\"216\" data-end=\"219\" \/><strong data-start=\"219\" data-end=\"229\">Lloji:<\/strong> Portafusib\u00eb i shk\u00ebputsh\u00ebm 1P+N p\u00ebr fuse cilindrike 10,3\u00d738\u202fmm, 690\u202fV, 32\u202fA<br data-start=\"304\" data-end=\"307\" \/><strong data-start=\"307\" data-end=\"326\" data-is-only-node=\"\">Numri i poleve:<\/strong> 1P+N<br data-start=\"331\" data-end=\"334\" \/><strong data-start=\"334\" data-end=\"355\">Tensioni nominal:<\/strong> 690\u202fV AC<br data-start=\"364\" data-end=\"367\" \/><strong data-start=\"367\" data-end=\"386\">Rryma nominale:<\/strong> 32\u202fA<br data-start=\"391\" data-end=\"394\" \/><strong data-start=\"394\" data-end=\"421\">P\u00ebrmasat e fuse-s (mm):<\/strong> 10,3\u00d738<br data-start=\"429\" data-end=\"432\" \/><strong data-start=\"432\" data-end=\"464\">Numri i moduleve (EN\u202f50022):<\/strong> 1<br data-start=\"466\" data-end=\"469\" \/><strong data-start=\"469\" data-end=\"482\">Aplikime:<\/strong> Mbrojtje nga mbingarkesat e tensionit t\u00eb ul\u00ebt n\u00eb aplikime industriale dhe terciar t\u00eb avancuara me rryma t\u00eb larta shkarkimi<br data-start=\"605\" data-end=\"608\" \/><strong data-start=\"608\" data-end=\"635\">Kategoria e p\u00ebrdorimit:<\/strong> AC-22B<\/p>","protected":false},"excerpt":{"rendered":"<p>Seria: 90 AMLloji: Portafusib\u00eb i shk\u00ebputsh\u00ebm 1P+N p\u00ebr fuse cilindrike 10,3\u00d738\u202fmm, 690\u202fV, 32\u202fANumri i poleve: 1P+NTensioni nominal: 690\u202fV ACRryma nominale: 32\u202fAP\u00ebrmasat e fuse-s (mm): 10,3\u00d738Numri i moduleve (EN\u202f50022): 1Aplikime: Mbrojtje nga mbingarkesat e tensionit t\u00eb ul\u00ebt n\u00eb aplikime industriale dhe terciar t\u00eb avancuara me rryma t\u00eb larta shkarkimiKategoria e p\u00ebrdorimit: AC-22B<\/p>","protected":false},"featured_media":3419,"comment_status":"open","ping_status":"closed","template":"","meta":{"_acf_changed":false},"product_brand":[],"product_cat":[40,69],"product_tag":[],"class_list":{"0":"post-3418","1":"product","2":"type-product","3":"status-publish","4":"has-post-thumbnail","6":"product_cat-serite-civile","7":"product_cat-gewiss-system","9":"first","10":"instock","11":"shipping-taxable","12":"product-type-simple"},"acf":[],"_links":{"self":[{"href":"https:\/\/www.brikaelektrik.al\/al\/wp-json\/wp\/v2\/product\/3418","targetHints":{"allow":["GET"]}}],"collection":[{"href":"https:\/\/www.brikaelektrik.al\/al\/wp-json\/wp\/v2\/product"}],"about":[{"href":"https:\/\/www.brikaelektrik.al\/al\/wp-json\/wp\/v2\/types\/product"}],"replies":[{"embeddable":true,"href":"https:\/\/www.brikaelektrik.al\/al\/wp-json\/wp\/v2\/comments?post=3418"}],"wp:featuredmedia":[{"embeddable":true,"href":"https:\/\/www.brikaelektrik.al\/al\/wp-json\/wp\/v2\/media\/3419"}],"wp:attachment":[{"href":"https:\/\/www.brikaelektrik.al\/al\/wp-json\/wp\/v2\/media?parent=3418"}],"wp:term":[{"taxonomy":"product_brand","embeddable":true,"href":"https:\/\/www.brikaelektrik.al\/al\/wp-json\/wp\/v2\/product_brand?post=3418"},{"taxonomy":"product_cat","embeddable":true,"href":"https:\/\/www.brikaelektrik.al\/al\/wp-json\/wp\/v2\/product_cat?post=3418"},{"taxonomy":"product_tag","embeddable":true,"href":"https:\/\/www.brikaelektrik.al\/al\/wp-json\/wp\/v2\/product_tag?post=3418"}],"curies":[{"name":"wp","href":"https:\/\/api.w.org\/{rel}","templated":true}]}}