{"id":3424,"date":"2025-08-21T14:13:30","date_gmt":"2025-08-21T14:13:30","guid":{"rendered":"https:\/\/www.brikaelektrik.al\/?post_type=product&#038;p=3424"},"modified":"2025-08-21T14:13:30","modified_gmt":"2025-08-21T14:13:30","slug":"kuti-industriale-4p-8-module","status":"publish","type":"product","link":"https:\/\/www.brikaelektrik.al\/al\/produkt\/kuti-industriale-4p-8-module\/","title":{"rendered":"KUTI INDUSTRIALE 4P 8 MODULE"},"content":{"rendered":"<p><strong data-start=\"171\" data-end=\"181\">Seria:<\/strong> <span class=\"relative -mx-px my-[-0.2rem] rounded px-px py-[0.2rem] transition-colors duration-100 ease-in-out\">68 Q-DIN Range<\/span><br data-start=\"219\" data-end=\"222\" \/><strong data-start=\"222\" data-end=\"232\">Lloji:<\/strong> <span class=\"relative -mx-px my-[-0.2rem] rounded px-px py-[0.2rem] transition-colors duration-100 ease-in-out\">Panel shp\u00ebrndar\u00ebs i papajisur, 10 module, me 4 flanxha p\u00ebr montim t\u00eb socket-outlet-ve IEC 16A dhe 16\/32A<\/span><br data-start=\"272\" data-end=\"275\" \/><strong data-start=\"275\" data-end=\"309\">Dimensionet e jashtme (L\u00d7H\u00d7D):<\/strong> <span class=\"relative -mx-px my-[-0.2rem] rounded px-px py-[0.2rem] transition-colors duration-100 ease-in-out\">220\u00d7435\u00d796 mm<\/span><br data-start=\"349\" data-end=\"352\" \/><strong data-start=\"352\" data-end=\"366\">Materiali:<\/strong> <span class=\"relative -mx-px my-[-0.2rem] rounded px-px py-[0.2rem] transition-colors duration-100 ease-in-out\">Plastik halogen-free sipas standardit EN 60754-2<\/span><br data-start=\"406\" data-end=\"409\" \/><strong data-start=\"409\" data-end=\"429\">Grada mbrojt\u00ebse:<\/strong> <span class=\"relative -mx-px my-[-0.2rem] rounded px-px py-[0.2rem] transition-colors duration-100 ease-in-out\">IP65 (me mbulesa t\u00eb plota t\u00eb flanxhave)<\/span><br data-start=\"469\" data-end=\"472\" \/><strong data-start=\"472\" data-end=\"498\">Temperatura operative:<\/strong> <span class=\"relative -mx-px my-[-0.2rem] rounded px-px py-[0.2rem] transition-colors duration-100 ease-in-out\">\u201325 \u00b0C deri +60 \u00b0C<\/span><br data-start=\"538\" data-end=\"541\" \/><strong data-start=\"541\" data-end=\"556\">Standardet:<\/strong> <span class=\"relative -mx-px my-[-0.2rem] rounded px-px py-[0.2rem] transition-colors duration-100 ease-in-out\">P\u00ebrputhshm\u00ebri me standardet nd\u00ebrkomb\u00ebtare p\u00ebr shp\u00ebrndar\u00ebsit e energjis\u00eb<\/span><\/p>","protected":false},"excerpt":{"rendered":"<p>Seria: 68 Q-DIN RangeLloji: Panel shp\u00ebrndar\u00ebs i papajisur, 10 module, me 4 flanxha p\u00ebr montim t\u00eb socket-outlet-ve IEC 16A dhe 16\/32ADimensionet e jashtme (L\u00d7H\u00d7D): 220\u00d7435\u00d796 mmMateriali: Plastik halogen-free sipas standardit EN 60754-2Grada mbrojt\u00ebse: IP65 (me mbulesa t\u00eb plota t\u00eb flanxhave)Temperatura operative: \u201325 \u00b0C deri +60 \u00b0CStandardet: P\u00ebrputhshm\u00ebri me standardet nd\u00ebrkomb\u00ebtare p\u00ebr shp\u00ebrndar\u00ebsit e energjis\u00eb<\/p>","protected":false},"featured_media":3425,"comment_status":"open","ping_status":"closed","template":"","meta":{"_acf_changed":false},"product_brand":[],"product_cat":[40,69],"product_tag":[],"class_list":{"0":"post-3424","1":"product","2":"type-product","3":"status-publish","4":"has-post-thumbnail","6":"product_cat-serite-civile","7":"product_cat-gewiss-system","9":"first","10":"instock","11":"shipping-taxable","12":"product-type-simple"},"acf":[],"_links":{"self":[{"href":"https:\/\/www.brikaelektrik.al\/al\/wp-json\/wp\/v2\/product\/3424","targetHints":{"allow":["GET"]}}],"collection":[{"href":"https:\/\/www.brikaelektrik.al\/al\/wp-json\/wp\/v2\/product"}],"about":[{"href":"https:\/\/www.brikaelektrik.al\/al\/wp-json\/wp\/v2\/types\/product"}],"replies":[{"embeddable":true,"href":"https:\/\/www.brikaelektrik.al\/al\/wp-json\/wp\/v2\/comments?post=3424"}],"wp:featuredmedia":[{"embeddable":true,"href":"https:\/\/www.brikaelektrik.al\/al\/wp-json\/wp\/v2\/media\/3425"}],"wp:attachment":[{"href":"https:\/\/www.brikaelektrik.al\/al\/wp-json\/wp\/v2\/media?parent=3424"}],"wp:term":[{"taxonomy":"product_brand","embeddable":true,"href":"https:\/\/www.brikaelektrik.al\/al\/wp-json\/wp\/v2\/product_brand?post=3424"},{"taxonomy":"product_cat","embeddable":true,"href":"https:\/\/www.brikaelektrik.al\/al\/wp-json\/wp\/v2\/product_cat?post=3424"},{"taxonomy":"product_tag","embeddable":true,"href":"https:\/\/www.brikaelektrik.al\/al\/wp-json\/wp\/v2\/product_tag?post=3424"}],"curies":[{"name":"wp","href":"https:\/\/api.w.org\/{rel}","templated":true}]}}