{"id":3427,"date":"2025-08-21T14:15:22","date_gmt":"2025-08-21T14:15:22","guid":{"rendered":"https:\/\/www.brikaelektrik.al\/?post_type=product&#038;p=3427"},"modified":"2025-08-21T14:15:22","modified_gmt":"2025-08-21T14:15:22","slug":"suport-8-poste","status":"publish","type":"product","link":"https:\/\/www.brikaelektrik.al\/al\/produkt\/suport-8-poste\/","title":{"rendered":"SUPORT 8 POSTE"},"content":{"rendered":"<p><strong data-start=\"171\" data-end=\"181\">Seria:<\/strong> <span class=\"relative -mx-px my-[-0.2rem] rounded px-px py-[0.2rem] transition-colors duration-100 ease-in-out\">CHORUSMART \u2013 Domestic Range<\/span><br data-start=\"219\" data-end=\"222\" \/><strong data-start=\"222\" data-end=\"232\">Lloji:<\/strong> <span class=\"relative -mx-px my-[-0.2rem] rounded px-px py-[0.2rem] transition-colors duration-100 ease-in-out\">Mb\u00ebshtetje italiane standard p\u00ebr 8 module (4+4), p\u00ebr kutit\u00eb e montimit t\u00eb thell\u00eb<\/span><br data-start=\"272\" data-end=\"275\" \/><strong data-start=\"275\" data-end=\"289\">Materiali:<\/strong> <span class=\"relative -mx-px my-[-0.2rem] rounded px-px py-[0.2rem] transition-colors duration-100 ease-in-out\">Polistiren (PS) i zi, halogen-free<\/span><br data-start=\"329\" data-end=\"332\" \/><strong data-start=\"332\" data-end=\"365\">Madh\u00ebsit\u00eb e kutis\u00eb p\u00ebrkat\u00ebse:<\/strong> <span class=\"relative -mx-px my-[-0.2rem] rounded px-px py-[0.2rem] transition-colors duration-100 ease-in-out\">131\u00d7129\u00d753 mm<\/span><br data-start=\"405\" data-end=\"408\" \/><strong data-start=\"408\" data-end=\"460\">Temperatura e testit t\u00eb flak\u00ebs (Glow Wire Test):<\/strong> <span class=\"relative -mx-px my-[-0.2rem] rounded px-px py-[0.2rem] transition-colors duration-100 ease-in-out\">650\u202f\u00b0C<\/span><br data-start=\"500\" data-end=\"503\" \/><strong data-start=\"503\" data-end=\"553\">Testi i presionit termik (Ball Pressure Test):<\/strong> <span class=\"relative -mx-px my-[-0.2rem] rounded px-px py-[0.2rem] transition-colors duration-100 ease-in-out\">70\u202f\u00b0C<\/span><\/p>","protected":false},"excerpt":{"rendered":"<p>Seria: CHORUSMART \u2013 Domestic RangeLloji: Mb\u00ebshtetje italiane standard p\u00ebr 8 module (4+4), p\u00ebr kutit\u00eb e montimit t\u00eb thell\u00ebMateriali: Polistiren (PS) i zi, halogen-freeMadh\u00ebsit\u00eb e kutis\u00eb p\u00ebrkat\u00ebse: 131\u00d7129\u00d753 mmTemperatura e testit t\u00eb flak\u00ebs (Glow Wire Test): 650\u202f\u00b0CTesti i presionit termik (Ball Pressure Test): 70\u202f\u00b0C<\/p>","protected":false},"featured_media":3428,"comment_status":"open","ping_status":"closed","template":"","meta":{"_acf_changed":false},"product_brand":[],"product_cat":[40,69],"product_tag":[],"class_list":{"0":"post-3427","1":"product","2":"type-product","3":"status-publish","4":"has-post-thumbnail","6":"product_cat-serite-civile","7":"product_cat-gewiss-system","9":"first","10":"instock","11":"shipping-taxable","12":"product-type-simple"},"acf":[],"_links":{"self":[{"href":"https:\/\/www.brikaelektrik.al\/al\/wp-json\/wp\/v2\/product\/3427","targetHints":{"allow":["GET"]}}],"collection":[{"href":"https:\/\/www.brikaelektrik.al\/al\/wp-json\/wp\/v2\/product"}],"about":[{"href":"https:\/\/www.brikaelektrik.al\/al\/wp-json\/wp\/v2\/types\/product"}],"replies":[{"embeddable":true,"href":"https:\/\/www.brikaelektrik.al\/al\/wp-json\/wp\/v2\/comments?post=3427"}],"wp:featuredmedia":[{"embeddable":true,"href":"https:\/\/www.brikaelektrik.al\/al\/wp-json\/wp\/v2\/media\/3428"}],"wp:attachment":[{"href":"https:\/\/www.brikaelektrik.al\/al\/wp-json\/wp\/v2\/media?parent=3427"}],"wp:term":[{"taxonomy":"product_brand","embeddable":true,"href":"https:\/\/www.brikaelektrik.al\/al\/wp-json\/wp\/v2\/product_brand?post=3427"},{"taxonomy":"product_cat","embeddable":true,"href":"https:\/\/www.brikaelektrik.al\/al\/wp-json\/wp\/v2\/product_cat?post=3427"},{"taxonomy":"product_tag","embeddable":true,"href":"https:\/\/www.brikaelektrik.al\/al\/wp-json\/wp\/v2\/product_tag?post=3427"}],"curies":[{"name":"wp","href":"https:\/\/api.w.org\/{rel}","templated":true}]}}