{"id":3435,"date":"2025-08-22T11:59:11","date_gmt":"2025-08-22T11:59:11","guid":{"rendered":"https:\/\/www.brikaelektrik.al\/?post_type=product&#038;p=3435"},"modified":"2025-08-22T11:59:43","modified_gmt":"2025-08-22T11:59:43","slug":"kapak-gri-3p-msl","status":"publish","type":"product","link":"https:\/\/www.brikaelektrik.al\/al\/produkt\/kapak-gri-3p-msl\/","title":{"rendered":"KAPAK GRI 3P MSL"},"content":{"rendered":"<p><strong data-start=\"169\" data-end=\"179\">Seria:<\/strong> Matrix<br data-start=\"186\" data-end=\"189\" \/><strong data-start=\"189\" data-end=\"199\">Lloji:<\/strong> Pllak\u00eb mbuluese per 3 module<br data-start=\"236\" data-end=\"239\" data-is-only-node=\"\" \/><strong data-start=\"239\" data-end=\"250\">Ngjyra:<\/strong> Gri (silver)<br data-start=\"273\" data-end=\"276\" \/><strong data-start=\"276\" data-end=\"290\">Materiali:<\/strong> Teknopolimer\u00a0<br data-start=\"328\" data-end=\"331\" \/><strong data-start=\"331\" data-end=\"341\">Forma:<\/strong> Virna\u00a0<br data-start=\"436\" data-end=\"439\" \/><strong data-start=\"439\" data-end=\"460\">Numri i moduleve:<\/strong> 3<br data-start=\"462\" data-end=\"465\" \/><strong data-start=\"465\" data-end=\"479\">Standardi:<\/strong> CE i certifikuar<br \/>\n<strong data-start=\"450\" data-end=\"463\">P\u00ebrmasat:<\/strong> Gjer\u00ebsia 120 mm Lart\u00ebsia 84 mm<\/p>","protected":false},"excerpt":{"rendered":"<p>Seria: MatrixLloji: Pllak\u00eb mbuluese per 3 moduleNgjyra: Gri (silver)Materiali: Teknopolimer\u00a0Forma: Virna\u00a0Numri i moduleve: 3Standardi: CE i certifikuar P\u00ebrmasat: Gjer\u00ebsia 120 mm Lart\u00ebsia 84 mm<\/p>","protected":false},"featured_media":3436,"comment_status":"open","ping_status":"closed","template":"","meta":{"_acf_changed":false},"product_brand":[],"product_cat":[40,66],"product_tag":[],"class_list":{"0":"post-3435","1":"product","2":"type-product","3":"status-publish","4":"has-post-thumbnail","6":"product_cat-serite-civile","7":"product_cat-matix","9":"first","10":"instock","11":"shipping-taxable","12":"product-type-simple"},"acf":[],"_links":{"self":[{"href":"https:\/\/www.brikaelektrik.al\/al\/wp-json\/wp\/v2\/product\/3435","targetHints":{"allow":["GET"]}}],"collection":[{"href":"https:\/\/www.brikaelektrik.al\/al\/wp-json\/wp\/v2\/product"}],"about":[{"href":"https:\/\/www.brikaelektrik.al\/al\/wp-json\/wp\/v2\/types\/product"}],"replies":[{"embeddable":true,"href":"https:\/\/www.brikaelektrik.al\/al\/wp-json\/wp\/v2\/comments?post=3435"}],"wp:featuredmedia":[{"embeddable":true,"href":"https:\/\/www.brikaelektrik.al\/al\/wp-json\/wp\/v2\/media\/3436"}],"wp:attachment":[{"href":"https:\/\/www.brikaelektrik.al\/al\/wp-json\/wp\/v2\/media?parent=3435"}],"wp:term":[{"taxonomy":"product_brand","embeddable":true,"href":"https:\/\/www.brikaelektrik.al\/al\/wp-json\/wp\/v2\/product_brand?post=3435"},{"taxonomy":"product_cat","embeddable":true,"href":"https:\/\/www.brikaelektrik.al\/al\/wp-json\/wp\/v2\/product_cat?post=3435"},{"taxonomy":"product_tag","embeddable":true,"href":"https:\/\/www.brikaelektrik.al\/al\/wp-json\/wp\/v2\/product_tag?post=3435"}],"curies":[{"name":"wp","href":"https:\/\/api.w.org\/{rel}","templated":true}]}}