{"id":3451,"date":"2025-08-22T12:35:54","date_gmt":"2025-08-22T12:35:54","guid":{"rendered":"https:\/\/www.brikaelektrik.al\/?post_type=product&#038;p=3451"},"modified":"2025-08-22T12:35:54","modified_gmt":"2025-08-22T12:35:54","slug":"badge-holder-pocket-rfid","status":"publish","type":"product","link":"https:\/\/www.brikaelektrik.al\/al\/produkt\/badge-holder-pocket-rfid\/","title":{"rendered":"BADGE HOLDER POCKET RFID"},"content":{"rendered":"<p>Seria: Living Now BTicino<br data-start=\"107\" data-end=\"110\" \/>Lloji: Tasca portabadge me RFID p\u00ebr kontrollin e furnizimit n\u00eb dhomat e hotelit me drit\u00eb sinjalizuese t\u00eb integruar<br data-start=\"224\" data-end=\"227\" data-is-only-node=\"\" \/>P\u00ebrmasat totale: Nuk specifikohet nga burimet zyrtare<br data-start=\"280\" data-end=\"283\" \/>Materiali: Plastik\u00eb termoplastike<br data-start=\"316\" data-end=\"319\" \/>Ngjyra: E bardh\u00eb<br data-start=\"335\" data-end=\"338\" \/>Mbrojtja: IP20<br data-start=\"352\" data-end=\"355\" \/>Temperatura e pun\u00ebs: Nga 10 \u00b0C deri n\u00eb +55 \u00b0C<br data-start=\"400\" data-end=\"403\" \/>Rezistenca ndaj goditjeve: Nuk specifikohet<br data-start=\"446\" data-end=\"449\" \/>Kapaciteti i modulit: Kontakti normalisht i hapur (NO), 30 V~, 2 A ose 60 VA<br data-start=\"525\" data-end=\"528\" \/>P\u00ebrputhshm\u00ebria me DIN Rail: Nuk aplikon<br data-start=\"567\" data-end=\"570\" \/>Aksesueshm\u00ebria e lidhjeve: Lidhje elektrike tradicionale me terminale vid\u00eb<br data-start=\"644\" data-end=\"647\" \/>Aksesueshm\u00ebria e kapakut: Nuk aplikon<br data-start=\"684\" data-end=\"687\" \/>P\u00ebrdorimi: Ideal p\u00ebr sistemet hoteliere p\u00ebr aktivizimin dhe menaxhimin e furnizimit elektrik n\u00eb dhomat e hotelit p\u00ebrmes kartave RFID<\/p>","protected":false},"excerpt":{"rendered":"<p>Seria: Living Now BTicinoLloji: Tasca portabadge me RFID p\u00ebr kontrollin e furnizimit n\u00eb dhomat e hotelit me drit\u00eb sinjalizuese t\u00eb integruarP\u00ebrmasat totale: Nuk specifikohet nga burimet zyrtareMateriali: Plastik\u00eb termoplastikeNgjyra: E bardh\u00ebMbrojtja: IP20Temperatura e pun\u00ebs: Nga 10 \u00b0C deri n\u00eb +55 \u00b0CRezistenca ndaj goditjeve: Nuk specifikohetKapaciteti i modulit: Kontakti normalisht i hapur (NO), 30 V~, 2 [&hellip;]<\/p>","protected":false},"featured_media":3452,"comment_status":"open","ping_status":"closed","template":"","meta":{"_acf_changed":false},"product_brand":[],"product_cat":[40,64],"product_tag":[],"class_list":{"0":"post-3451","1":"product","2":"type-product","3":"status-publish","4":"has-post-thumbnail","6":"product_cat-serite-civile","7":"product_cat-living-now","9":"first","10":"instock","11":"shipping-taxable","12":"product-type-simple"},"acf":[],"_links":{"self":[{"href":"https:\/\/www.brikaelektrik.al\/al\/wp-json\/wp\/v2\/product\/3451","targetHints":{"allow":["GET"]}}],"collection":[{"href":"https:\/\/www.brikaelektrik.al\/al\/wp-json\/wp\/v2\/product"}],"about":[{"href":"https:\/\/www.brikaelektrik.al\/al\/wp-json\/wp\/v2\/types\/product"}],"replies":[{"embeddable":true,"href":"https:\/\/www.brikaelektrik.al\/al\/wp-json\/wp\/v2\/comments?post=3451"}],"wp:featuredmedia":[{"embeddable":true,"href":"https:\/\/www.brikaelektrik.al\/al\/wp-json\/wp\/v2\/media\/3452"}],"wp:attachment":[{"href":"https:\/\/www.brikaelektrik.al\/al\/wp-json\/wp\/v2\/media?parent=3451"}],"wp:term":[{"taxonomy":"product_brand","embeddable":true,"href":"https:\/\/www.brikaelektrik.al\/al\/wp-json\/wp\/v2\/product_brand?post=3451"},{"taxonomy":"product_cat","embeddable":true,"href":"https:\/\/www.brikaelektrik.al\/al\/wp-json\/wp\/v2\/product_cat?post=3451"},{"taxonomy":"product_tag","embeddable":true,"href":"https:\/\/www.brikaelektrik.al\/al\/wp-json\/wp\/v2\/product_tag?post=3451"}],"curies":[{"name":"wp","href":"https:\/\/api.w.org\/{rel}","templated":true}]}}