{"id":3456,"date":"2025-08-22T12:44:33","date_gmt":"2025-08-22T12:44:33","guid":{"rendered":"https:\/\/www.brikaelektrik.al\/?post_type=product&#038;p=3456"},"modified":"2025-08-22T12:44:34","modified_gmt":"2025-08-22T12:44:34","slug":"bivalente-2pt-16a-e-bardhe","status":"publish","type":"product","link":"https:\/\/www.brikaelektrik.al\/al\/produkt\/bivalente-2pt-16a-e-bardhe\/","title":{"rendered":"BIVALENTE 2P+T 16A E BARDH\u00cb"},"content":{"rendered":"<p><strong data-start=\"70\" data-end=\"80\">Seria:<\/strong> <span class=\"relative -mx-px my-[-0.2rem] rounded px-px py-[0.2rem] transition-colors duration-100 ease-in-out\">Living Now BTicino<\/span><br data-start=\"118\" data-end=\"121\" \/><strong data-start=\"121\" data-end=\"131\">Lloji:<\/strong> <span class=\"relative -mx-px my-[-0.2rem] rounded px-px py-[0.2rem] transition-colors duration-100 ease-in-out\">Presa standarde italiane 2P+T 10\/16A, 250 Vac, 1 modul, ngjyr\u00eb e bardh\u00eb<\/span><br data-start=\"169\" data-end=\"172\" \/><strong data-start=\"172\" data-end=\"192\" data-is-only-node=\"\">P\u00ebrmasat totale:<\/strong> <span class=\"relative -mx-px my-[-0.2rem] rounded px-px py-[0.2rem] transition-colors duration-100 ease-in-out\">22.1 mm (gjer\u00ebsi) x 45.1 mm (lart\u00ebsi) x 37.7 mm (thell\u00ebsi)<\/span><br data-start=\"230\" data-end=\"233\" \/><strong data-start=\"233\" data-end=\"247\">Materiali:<\/strong> <span class=\"relative -mx-px my-[-0.2rem] rounded px-px py-[0.2rem] transition-colors duration-100 ease-in-out\">Plastik\u00eb termoplastike pa halogjen<\/span><br data-start=\"287\" data-end=\"290\" \/><strong data-start=\"290\" data-end=\"301\">Ngjyra:<\/strong> <span class=\"relative -mx-px my-[-0.2rem] rounded px-px py-[0.2rem] transition-colors duration-100 ease-in-out\">E bardh\u00eb (RAL 9007)<\/span><br data-start=\"341\" data-end=\"344\" \/><strong data-start=\"344\" data-end=\"357\">Mbrojtja:<\/strong> IP20<br data-start=\"362\" data-end=\"365\" \/><strong data-start=\"365\" data-end=\"389\">Temperatura e pun\u00ebs:<\/strong> <span class=\"relative -mx-px my-[-0.2rem] rounded px-px py-[0.2rem] transition-colors duration-100 ease-in-out\">Nga -5 \u00b0C deri n\u00eb +35 \u00b0C<\/span><br data-start=\"429\" data-end=\"432\" \/><strong data-start=\"432\" data-end=\"462\">Rezistenca ndaj goditjeve:<\/strong> IK04<br data-start=\"467\" data-end=\"470\" \/><strong data-start=\"470\" data-end=\"495\">Kapaciteti i modulit:<\/strong> <span class=\"relative -mx-px my-[-0.2rem] rounded px-px py-[0.2rem] transition-colors duration-100 ease-in-out\">1 modul<\/span><br data-start=\"535\" data-end=\"538\" \/><strong data-start=\"538\" data-end=\"569\">P\u00ebrputhshm\u00ebria me DIN Rail:<\/strong> Jo<br data-start=\"572\" data-end=\"575\" \/><strong data-start=\"575\" data-end=\"605\">Aksesueshm\u00ebria e lidhjeve:<\/strong> <span class=\"relative -mx-px my-[-0.2rem] rounded px-px py-[0.2rem] transition-colors duration-100 ease-in-out\">Terminale me vida p\u00ebr kabllo nga 2.5 deri n\u00eb 4 mm\u00b2<\/span><br data-start=\"645\" data-end=\"648\" \/><strong data-start=\"648\" data-end=\"677\">Aksesueshm\u00ebria e kapakut:<\/strong> <span class=\"relative -mx-px my-[-0.2rem] rounded px-px py-[0.2rem] transition-colors duration-100 ease-in-out\">Nuk ka<\/span><br data-start=\"717\" data-end=\"720\" \/><strong data-start=\"720\" data-end=\"734\">P\u00ebrdorimi:<\/strong> <span class=\"relative -mx-px my-[-0.2rem] rounded px-px py-[0.2rem] transition-colors duration-100 ease-in-out\">Ideal p\u00ebr instalime elektrike n\u00eb mjedise rezidenciale dhe komerciale, p\u00ebr lidhjen e pajisjeve elektrike me standard italian 2P+T<\/span><\/p>","protected":false},"excerpt":{"rendered":"<p>Seria: Living Now BTicinoLloji: Presa standarde italiane 2P+T 10\/16A, 250 Vac, 1 modul, ngjyr\u00eb e bardh\u00ebP\u00ebrmasat totale: 22.1 mm (gjer\u00ebsi) x 45.1 mm (lart\u00ebsi) x 37.7 mm (thell\u00ebsi)Materiali: Plastik\u00eb termoplastike pa halogjenNgjyra: E bardh\u00eb (RAL 9007)Mbrojtja: IP20Temperatura e pun\u00ebs: Nga -5 \u00b0C deri n\u00eb +35 \u00b0CRezistenca ndaj goditjeve: IK04Kapaciteti i modulit: 1 modulP\u00ebrputhshm\u00ebria me DIN [&hellip;]<\/p>","protected":false},"featured_media":3457,"comment_status":"open","ping_status":"closed","template":"","meta":{"_acf_changed":false},"product_brand":[],"product_cat":[40,64],"product_tag":[],"class_list":{"0":"post-3456","1":"product","2":"type-product","3":"status-publish","4":"has-post-thumbnail","6":"product_cat-serite-civile","7":"product_cat-living-now","9":"first","10":"instock","11":"shipping-taxable","12":"product-type-simple"},"acf":[],"_links":{"self":[{"href":"https:\/\/www.brikaelektrik.al\/al\/wp-json\/wp\/v2\/product\/3456","targetHints":{"allow":["GET"]}}],"collection":[{"href":"https:\/\/www.brikaelektrik.al\/al\/wp-json\/wp\/v2\/product"}],"about":[{"href":"https:\/\/www.brikaelektrik.al\/al\/wp-json\/wp\/v2\/types\/product"}],"replies":[{"embeddable":true,"href":"https:\/\/www.brikaelektrik.al\/al\/wp-json\/wp\/v2\/comments?post=3456"}],"wp:featuredmedia":[{"embeddable":true,"href":"https:\/\/www.brikaelektrik.al\/al\/wp-json\/wp\/v2\/media\/3457"}],"wp:attachment":[{"href":"https:\/\/www.brikaelektrik.al\/al\/wp-json\/wp\/v2\/media?parent=3456"}],"wp:term":[{"taxonomy":"product_brand","embeddable":true,"href":"https:\/\/www.brikaelektrik.al\/al\/wp-json\/wp\/v2\/product_brand?post=3456"},{"taxonomy":"product_cat","embeddable":true,"href":"https:\/\/www.brikaelektrik.al\/al\/wp-json\/wp\/v2\/product_cat?post=3456"},{"taxonomy":"product_tag","embeddable":true,"href":"https:\/\/www.brikaelektrik.al\/al\/wp-json\/wp\/v2\/product_tag?post=3456"}],"curies":[{"name":"wp","href":"https:\/\/api.w.org\/{rel}","templated":true}]}}