{"id":3458,"date":"2025-08-22T12:49:46","date_gmt":"2025-08-22T12:49:46","guid":{"rendered":"https:\/\/www.brikaelektrik.al\/?post_type=product&#038;p=3458"},"modified":"2025-08-22T12:49:46","modified_gmt":"2025-08-22T12:49:46","slug":"bivalente-2pt-16a-e-zeze","status":"publish","type":"product","link":"https:\/\/www.brikaelektrik.al\/al\/produkt\/bivalente-2pt-16a-e-zeze\/","title":{"rendered":"BIVALENTE 2P+T 16A E ZEZ\u00cb"},"content":{"rendered":"<p><strong data-start=\"110\" data-end=\"120\">Seria:<\/strong> <span class=\"relative -mx-px my-[-0.2rem] rounded px-px py-[0.2rem] transition-colors duration-100 ease-in-out\">Living Now BTicino<\/span><br data-start=\"158\" data-end=\"161\" \/><strong data-start=\"161\" data-end=\"171\">Lloji:<\/strong> <span class=\"relative -mx-px my-[-0.2rem] rounded px-px py-[0.2rem] transition-colors duration-100 ease-in-out\">Presa standard italiane 2P+T 10\/16A, 250 Vac, 1 modul, ngjyr\u00eb e zez\u00eb (RAL 7019)<\/span><br data-start=\"209\" data-end=\"212\" \/><strong data-start=\"212\" data-end=\"232\">P\u00ebrmasat totale:<\/strong> <span class=\"relative -mx-px my-[-0.2rem] rounded px-px py-[0.2rem] transition-colors duration-100 ease-in-out\">22 mm (gjer\u00ebsi) x 45 mm (lart\u00ebsi) x 38 mm (thell\u00ebsi)<\/span><br data-start=\"270\" data-end=\"273\" \/><strong data-start=\"273\" data-end=\"287\">Materiali:<\/strong> <span class=\"relative -mx-px my-[-0.2rem] rounded px-px py-[0.2rem] transition-colors duration-100 ease-in-out\">Plastik\u00eb termoplastike pa halogjen<\/span><br data-start=\"327\" data-end=\"330\" \/><strong data-start=\"330\" data-end=\"341\">Ngjyra:<\/strong> <span class=\"relative -mx-px my-[-0.2rem] rounded px-px py-[0.2rem] transition-colors duration-100 ease-in-out\">E zez\u00eb (RAL 7019)<\/span><br data-start=\"381\" data-end=\"384\" \/><strong data-start=\"384\" data-end=\"397\">Mbrojtja:<\/strong> IP20<br data-start=\"402\" data-end=\"405\" \/><strong data-start=\"405\" data-end=\"429\">Temperatura e pun\u00ebs:<\/strong> <span class=\"relative -mx-px my-[-0.2rem] rounded px-px py-[0.2rem] transition-colors duration-100 ease-in-out\">Nga -5 \u00b0C deri n\u00eb +35 \u00b0C<\/span><br data-start=\"469\" data-end=\"472\" \/><strong data-start=\"472\" data-end=\"502\">Rezistenca ndaj goditjeve:<\/strong> IK04<br data-start=\"507\" data-end=\"510\" \/><strong data-start=\"510\" data-end=\"535\">Kapaciteti i modulit:<\/strong> <span class=\"relative -mx-px my-[-0.2rem] rounded px-px py-[0.2rem] transition-colors duration-100 ease-in-out\">1 modul<\/span><br data-start=\"575\" data-end=\"578\" \/><strong data-start=\"578\" data-end=\"609\">P\u00ebrputhshm\u00ebria me DIN Rail:<\/strong> Jo<br data-start=\"612\" data-end=\"615\" \/><strong data-start=\"615\" data-end=\"645\">Aksesueshm\u00ebria e lidhjeve:<\/strong> <span class=\"relative -mx-px my-[-0.2rem] rounded px-px py-[0.2rem] transition-colors duration-100 ease-in-out\">Terminale me vida p\u00ebr kabllo nga 2.5 deri n\u00eb 4 mm\u00b2<\/span><br data-start=\"685\" data-end=\"688\" \/><strong data-start=\"688\" data-end=\"717\">Aksesueshm\u00ebria e kapakut:<\/strong> <span class=\"relative -mx-px my-[-0.2rem] rounded px-px py-[0.2rem] transition-colors duration-100 ease-in-out\">Nuk ka<\/span><br data-start=\"757\" data-end=\"760\" \/><strong data-start=\"760\" data-end=\"774\">P\u00ebrdorimi:<\/strong> <span class=\"relative -mx-px my-[-0.2rem] rounded px-px py-[0.2rem] transition-colors duration-100 ease-in-out\">Ideal p\u00ebr instalime elektrike n\u00eb mjedise rezidenciale dhe komerciale, p\u00ebr lidhjen e pajisjeve elektrike me standard italian 2P+T<\/span><\/p>","protected":false},"excerpt":{"rendered":"<p>Seria: Living Now BTicinoLloji: Presa standard italiane 2P+T 10\/16A, 250 Vac, 1 modul, ngjyr\u00eb e zez\u00eb (RAL 7019)P\u00ebrmasat totale: 22 mm (gjer\u00ebsi) x 45 mm (lart\u00ebsi) x 38 mm (thell\u00ebsi)Materiali: Plastik\u00eb termoplastike pa halogjenNgjyra: E zez\u00eb (RAL 7019)Mbrojtja: IP20Temperatura e pun\u00ebs: Nga -5 \u00b0C deri n\u00eb +35 \u00b0CRezistenca ndaj goditjeve: IK04Kapaciteti i modulit: 1 modulP\u00ebrputhshm\u00ebria [&hellip;]<\/p>","protected":false},"featured_media":3460,"comment_status":"open","ping_status":"closed","template":"","meta":{"_acf_changed":false},"product_brand":[],"product_cat":[40,64],"product_tag":[],"class_list":{"0":"post-3458","1":"product","2":"type-product","3":"status-publish","4":"has-post-thumbnail","6":"product_cat-serite-civile","7":"product_cat-living-now","9":"first","10":"instock","11":"shipping-taxable","12":"product-type-simple"},"acf":[],"_links":{"self":[{"href":"https:\/\/www.brikaelektrik.al\/al\/wp-json\/wp\/v2\/product\/3458","targetHints":{"allow":["GET"]}}],"collection":[{"href":"https:\/\/www.brikaelektrik.al\/al\/wp-json\/wp\/v2\/product"}],"about":[{"href":"https:\/\/www.brikaelektrik.al\/al\/wp-json\/wp\/v2\/types\/product"}],"replies":[{"embeddable":true,"href":"https:\/\/www.brikaelektrik.al\/al\/wp-json\/wp\/v2\/comments?post=3458"}],"wp:featuredmedia":[{"embeddable":true,"href":"https:\/\/www.brikaelektrik.al\/al\/wp-json\/wp\/v2\/media\/3460"}],"wp:attachment":[{"href":"https:\/\/www.brikaelektrik.al\/al\/wp-json\/wp\/v2\/media?parent=3458"}],"wp:term":[{"taxonomy":"product_brand","embeddable":true,"href":"https:\/\/www.brikaelektrik.al\/al\/wp-json\/wp\/v2\/product_brand?post=3458"},{"taxonomy":"product_cat","embeddable":true,"href":"https:\/\/www.brikaelektrik.al\/al\/wp-json\/wp\/v2\/product_cat?post=3458"},{"taxonomy":"product_tag","embeddable":true,"href":"https:\/\/www.brikaelektrik.al\/al\/wp-json\/wp\/v2\/product_tag?post=3458"}],"curies":[{"name":"wp","href":"https:\/\/api.w.org\/{rel}","templated":true}]}}