{"id":3461,"date":"2025-08-22T12:54:43","date_gmt":"2025-08-22T12:54:43","guid":{"rendered":"https:\/\/www.brikaelektrik.al\/?post_type=product&#038;p=3461"},"modified":"2025-08-22T12:54:43","modified_gmt":"2025-08-22T12:54:43","slug":"bivalente-2pt-16a-sabbia","status":"publish","type":"product","link":"https:\/\/www.brikaelektrik.al\/al\/produkt\/bivalente-2pt-16a-sabbia\/","title":{"rendered":"BIVALENTE 2P+T 16A SABBIA"},"content":{"rendered":"<p><strong data-start=\"110\" data-end=\"120\">Seria:<\/strong> Living Now BTicino<br data-start=\"139\" data-end=\"142\" \/><strong data-start=\"142\" data-end=\"152\">Lloji:<\/strong> <span class=\"relative -mx-px my-[-0.2rem] rounded px-px py-[0.2rem] transition-colors duration-100 ease-in-out\">Presa standard italiane 2P+T 10\/16A, 250 Vac, 1 modul, ngjyr\u00eb e bardh\u00eb (RAL 1013)<\/span><br data-start=\"190\" data-end=\"193\" \/><strong data-start=\"193\" data-end=\"213\">P\u00ebrmasat totale:<\/strong> <span class=\"relative -mx-px my-[-0.2rem] rounded px-px py-[0.2rem] transition-colors duration-100 ease-in-out\">22 mm (gjer\u00ebsi) x 45 mm (lart\u00ebsi) x 38 mm (thell\u00ebsi)<\/span><br data-start=\"251\" data-end=\"254\" data-is-only-node=\"\" \/><strong data-start=\"254\" data-end=\"268\">Materiali:<\/strong> <span class=\"relative -mx-px my-[-0.2rem] rounded px-px py-[0.2rem] transition-colors duration-100 ease-in-out\">Plastik\u00eb termoplastike pa halogjen<\/span><br data-start=\"306\" data-end=\"309\" \/><strong data-start=\"309\" data-end=\"320\">Ngjyra:<\/strong> <span class=\"relative -mx-px my-[-0.2rem] rounded px-px py-[0.2rem] transition-colors duration-100 ease-in-out\">E bardh\u00eb (RAL 1013)<\/span><br data-start=\"360\" data-end=\"363\" \/><strong data-start=\"363\" data-end=\"376\">Mbrojtja:<\/strong> IP20<br data-start=\"381\" data-end=\"384\" \/><strong data-start=\"384\" data-end=\"408\">Temperatura e pun\u00ebs:<\/strong> <span class=\"relative -mx-px my-[-0.2rem] rounded px-px py-[0.2rem] transition-colors duration-100 ease-in-out\">Nga -5 \u00b0C deri n\u00eb +35 \u00b0C<\/span><br data-start=\"448\" data-end=\"451\" \/><strong data-start=\"451\" data-end=\"481\">Rezistenca ndaj goditjeve:<\/strong> IK04<br data-start=\"486\" data-end=\"489\" \/><strong data-start=\"489\" data-end=\"514\">Kapaciteti i modulit:<\/strong> <span class=\"relative -mx-px my-[-0.2rem] rounded px-px py-[0.2rem] transition-colors duration-100 ease-in-out\">1 modul<\/span><br data-start=\"554\" data-end=\"557\" \/><strong data-start=\"557\" data-end=\"588\">P\u00ebrputhshm\u00ebria me DIN Rail:<\/strong> Jo<br data-start=\"591\" data-end=\"594\" \/><strong data-start=\"594\" data-end=\"624\">Aksesueshm\u00ebria e lidhjeve:<\/strong> <span class=\"relative -mx-px my-[-0.2rem] rounded px-px py-[0.2rem] transition-colors duration-100 ease-in-out\">Terminale me vida p\u00ebr kabllo nga 2.5 deri n\u00eb 4 mm\u00b2<\/span><br data-start=\"664\" data-end=\"667\" \/><strong data-start=\"667\" data-end=\"696\">Aksesueshm\u00ebria e kapakut:<\/strong> <span class=\"relative -mx-px my-[-0.2rem] rounded px-px py-[0.2rem] transition-colors duration-100 ease-in-out\">Nuk ka<\/span><br data-start=\"736\" data-end=\"739\" \/><strong data-start=\"739\" data-end=\"753\">P\u00ebrdorimi:<\/strong> <span class=\"relative -mx-px my-[-0.2rem] rounded px-px py-[0.2rem] transition-colors duration-100 ease-in-out\">Ideal p\u00ebr instalime elektrike n\u00eb mjedise rezidenciale dhe komerciale, p\u00ebr lidhjen e pajisjeve elektrike me standard italian 2P+T<\/span><\/p>","protected":false},"excerpt":{"rendered":"<p>Seria: Living Now BTicinoLloji: Presa standard italiane 2P+T 10\/16A, 250 Vac, 1 modul, ngjyr\u00eb e bardh\u00eb (RAL 1013)P\u00ebrmasat totale: 22 mm (gjer\u00ebsi) x 45 mm (lart\u00ebsi) x 38 mm (thell\u00ebsi)Materiali: Plastik\u00eb termoplastike pa halogjenNgjyra: E bardh\u00eb (RAL 1013)Mbrojtja: IP20Temperatura e pun\u00ebs: Nga -5 \u00b0C deri n\u00eb +35 \u00b0CRezistenca ndaj goditjeve: IK04Kapaciteti i modulit: 1 modulP\u00ebrputhshm\u00ebria [&hellip;]<\/p>","protected":false},"featured_media":3462,"comment_status":"open","ping_status":"closed","template":"","meta":{"_acf_changed":false},"product_brand":[],"product_cat":[40,64],"product_tag":[],"class_list":{"0":"post-3461","1":"product","2":"type-product","3":"status-publish","4":"has-post-thumbnail","6":"product_cat-serite-civile","7":"product_cat-living-now","9":"first","10":"instock","11":"shipping-taxable","12":"product-type-simple"},"acf":[],"_links":{"self":[{"href":"https:\/\/www.brikaelektrik.al\/al\/wp-json\/wp\/v2\/product\/3461","targetHints":{"allow":["GET"]}}],"collection":[{"href":"https:\/\/www.brikaelektrik.al\/al\/wp-json\/wp\/v2\/product"}],"about":[{"href":"https:\/\/www.brikaelektrik.al\/al\/wp-json\/wp\/v2\/types\/product"}],"replies":[{"embeddable":true,"href":"https:\/\/www.brikaelektrik.al\/al\/wp-json\/wp\/v2\/comments?post=3461"}],"wp:featuredmedia":[{"embeddable":true,"href":"https:\/\/www.brikaelektrik.al\/al\/wp-json\/wp\/v2\/media\/3462"}],"wp:attachment":[{"href":"https:\/\/www.brikaelektrik.al\/al\/wp-json\/wp\/v2\/media?parent=3461"}],"wp:term":[{"taxonomy":"product_brand","embeddable":true,"href":"https:\/\/www.brikaelektrik.al\/al\/wp-json\/wp\/v2\/product_brand?post=3461"},{"taxonomy":"product_cat","embeddable":true,"href":"https:\/\/www.brikaelektrik.al\/al\/wp-json\/wp\/v2\/product_cat?post=3461"},{"taxonomy":"product_tag","embeddable":true,"href":"https:\/\/www.brikaelektrik.al\/al\/wp-json\/wp\/v2\/product_tag?post=3461"}],"curies":[{"name":"wp","href":"https:\/\/api.w.org\/{rel}","templated":true}]}}