{"id":3463,"date":"2025-08-22T12:57:47","date_gmt":"2025-08-22T12:57:47","guid":{"rendered":"https:\/\/www.brikaelektrik.al\/?post_type=product&#038;p=3463"},"modified":"2025-08-22T12:57:47","modified_gmt":"2025-08-22T12:57:47","slug":"celes-day-night-wi-fi-2m","status":"publish","type":"product","link":"https:\/\/www.brikaelektrik.al\/al\/produkt\/celes-day-night-wi-fi-2m\/","title":{"rendered":"\u00c7EL\u00cbS (DAY\/NIGHT) Wi-Fi 2M"},"content":{"rendered":"<p><strong data-start=\"111\" data-end=\"121\">Seria:<\/strong> <span class=\"relative -mx-px my-[-0.2rem] rounded px-px py-[0.2rem] transition-colors duration-100 ease-in-out\">Living Now BTicino<\/span><br data-start=\"159\" data-end=\"162\" \/><strong data-start=\"162\" data-end=\"172\">Lloji:<\/strong> <span class=\"relative -mx-px my-[-0.2rem] rounded px-px py-[0.2rem] transition-colors duration-100 ease-in-out\">Kontrollues pa tel p\u00ebr skenar\u00ebt Wake Up \/ Sleep me 2 butona, 2 module<\/span><br data-start=\"210\" data-end=\"213\" \/><strong data-start=\"213\" data-end=\"233\">P\u00ebrmasat totale:<\/strong> <span class=\"relative -mx-px my-[-0.2rem] rounded px-px py-[0.2rem] transition-colors duration-100 ease-in-out\">76 mm (gjer\u00ebsi) x 73 mm (lart\u00ebsi) x 9 mm (thell\u00ebsi)<\/span><br data-start=\"271\" data-end=\"274\" \/><strong data-start=\"274\" data-end=\"288\">Materiali:<\/strong> <span class=\"relative -mx-px my-[-0.2rem] rounded px-px py-[0.2rem] transition-colors duration-100 ease-in-out\">Plastik\u00eb termoplastike pa halogjen<\/span><br data-start=\"328\" data-end=\"331\" \/><strong data-start=\"331\" data-end=\"342\">Ngjyra:<\/strong> <span class=\"relative -mx-px my-[-0.2rem] rounded px-px py-[0.2rem] transition-colors duration-100 ease-in-out\">Gri (RAL 7015)<\/span><br data-start=\"382\" data-end=\"385\" \/><strong data-start=\"385\" data-end=\"398\">Mbrojtja:<\/strong> IP20<br data-start=\"403\" data-end=\"406\" \/><strong data-start=\"406\" data-end=\"430\">Temperatura e pun\u00ebs:<\/strong> <span class=\"relative -mx-px my-[-0.2rem] rounded px-px py-[0.2rem] transition-colors duration-100 ease-in-out\">Nga 5 \u00b0C deri n\u00eb +45 \u00b0C<\/span><br data-start=\"470\" data-end=\"473\" \/><strong data-start=\"473\" data-end=\"503\">Rezistenca ndaj goditjeve:<\/strong> IK02<br data-start=\"508\" data-end=\"511\" \/><strong data-start=\"511\" data-end=\"536\">Kapaciteti i modulit:<\/strong> <span class=\"relative -mx-px my-[-0.2rem] rounded px-px py-[0.2rem] transition-colors duration-100 ease-in-out\">2 module<\/span><br data-start=\"576\" data-end=\"579\" \/><strong data-start=\"579\" data-end=\"610\">P\u00ebrputhshm\u00ebria me DIN Rail:<\/strong> Jo<br data-start=\"613\" data-end=\"616\" \/><strong data-start=\"616\" data-end=\"646\">Aksesueshm\u00ebria e lidhjeve:<\/strong> <span class=\"relative -mx-px my-[-0.2rem] rounded px-px py-[0.2rem] transition-colors duration-100 ease-in-out\">Pa lidhje kabllore, funksionon me val\u00eb<\/span><br data-start=\"686\" data-end=\"689\" \/><strong data-start=\"689\" data-end=\"718\">Aksesueshm\u00ebria e kapakut:<\/strong> <span class=\"relative -mx-px my-[-0.2rem] rounded px-px py-[0.2rem] transition-colors duration-100 ease-in-out\">Nuk ka<\/span><br data-start=\"758\" data-end=\"761\" \/><strong data-start=\"761\" data-end=\"775\">P\u00ebrdorimi:<\/strong> <span class=\"relative -mx-px my-[-0.2rem] rounded px-px py-[0.2rem] transition-colors duration-100 ease-in-out\">Ideal p\u00ebr aktivizimin e skenar\u00ebve t\u00eb menaxhimit t\u00eb ndri\u00e7imit, si Wake Up dhe Sleep, p\u00ebrmes aplikacionit Home + Control<\/span><\/p>","protected":false},"excerpt":{"rendered":"<p>Seria: Living Now BTicinoLloji: Kontrollues pa tel p\u00ebr skenar\u00ebt Wake Up \/ Sleep me 2 butona, 2 moduleP\u00ebrmasat totale: 76 mm (gjer\u00ebsi) x 73 mm (lart\u00ebsi) x 9 mm (thell\u00ebsi)Materiali: Plastik\u00eb termoplastike pa halogjenNgjyra: Gri (RAL 7015)Mbrojtja: IP20Temperatura e pun\u00ebs: Nga 5 \u00b0C deri n\u00eb +45 \u00b0CRezistenca ndaj goditjeve: IK02Kapaciteti i modulit: 2 moduleP\u00ebrputhshm\u00ebria me [&hellip;]<\/p>","protected":false},"featured_media":3465,"comment_status":"open","ping_status":"closed","template":"","meta":{"_acf_changed":false},"product_brand":[],"product_cat":[40,64],"product_tag":[],"class_list":{"0":"post-3463","1":"product","2":"type-product","3":"status-publish","4":"has-post-thumbnail","6":"product_cat-serite-civile","7":"product_cat-living-now","9":"first","10":"instock","11":"shipping-taxable","12":"product-type-simple"},"acf":[],"_links":{"self":[{"href":"https:\/\/www.brikaelektrik.al\/al\/wp-json\/wp\/v2\/product\/3463","targetHints":{"allow":["GET"]}}],"collection":[{"href":"https:\/\/www.brikaelektrik.al\/al\/wp-json\/wp\/v2\/product"}],"about":[{"href":"https:\/\/www.brikaelektrik.al\/al\/wp-json\/wp\/v2\/types\/product"}],"replies":[{"embeddable":true,"href":"https:\/\/www.brikaelektrik.al\/al\/wp-json\/wp\/v2\/comments?post=3463"}],"wp:featuredmedia":[{"embeddable":true,"href":"https:\/\/www.brikaelektrik.al\/al\/wp-json\/wp\/v2\/media\/3465"}],"wp:attachment":[{"href":"https:\/\/www.brikaelektrik.al\/al\/wp-json\/wp\/v2\/media?parent=3463"}],"wp:term":[{"taxonomy":"product_brand","embeddable":true,"href":"https:\/\/www.brikaelektrik.al\/al\/wp-json\/wp\/v2\/product_brand?post=3463"},{"taxonomy":"product_cat","embeddable":true,"href":"https:\/\/www.brikaelektrik.al\/al\/wp-json\/wp\/v2\/product_cat?post=3463"},{"taxonomy":"product_tag","embeddable":true,"href":"https:\/\/www.brikaelektrik.al\/al\/wp-json\/wp\/v2\/product_tag?post=3463"}],"curies":[{"name":"wp","href":"https:\/\/api.w.org\/{rel}","templated":true}]}}