{"id":3466,"date":"2025-08-22T13:02:52","date_gmt":"2025-08-22T13:02:52","guid":{"rendered":"https:\/\/www.brikaelektrik.al\/?post_type=product&#038;p=3466"},"modified":"2025-08-22T13:02:53","modified_gmt":"2025-08-22T13:02:53","slug":"celes-bipolar-2p-16a-i-bardhe","status":"publish","type":"product","link":"https:\/\/www.brikaelektrik.al\/al\/produkt\/celes-bipolar-2p-16a-i-bardhe\/","title":{"rendered":"\u00c7EL\u00cbS BIPOLAR 2P 16A I BARDH\u00cb"},"content":{"rendered":"<p><strong data-start=\"111\" data-end=\"121\">Seria:<\/strong> <span class=\"relative -mx-px my-[-0.2rem] rounded px-px py-[0.2rem] transition-colors duration-100 ease-in-out\">Living Now BTicino<\/span><br data-start=\"159\" data-end=\"162\" \/><strong data-start=\"162\" data-end=\"172\">Lloji:<\/strong> <span class=\"relative -mx-px my-[-0.2rem] rounded px-px py-[0.2rem] transition-colors duration-100 ease-in-out\">Nd\u00ebrprer\u00ebs bipolar 2P 16A, 250 Vac, i ndri\u00e7uar, 1 modul, ngjyr\u00eb e bardh\u00eb (RAL 9003)<\/span><br data-start=\"210\" data-end=\"213\" \/><strong data-start=\"213\" data-end=\"233\">P\u00ebrmasat totale:<\/strong> <span class=\"relative -mx-px my-[-0.2rem] rounded px-px py-[0.2rem] transition-colors duration-100 ease-in-out\">22 mm (gjer\u00ebsi) x 45 mm (lart\u00ebsi) x 41 mm (thell\u00ebsi)<\/span><br data-start=\"271\" data-end=\"274\" \/><strong data-start=\"274\" data-end=\"288\">Materiali:<\/strong> <span class=\"relative -mx-px my-[-0.2rem] rounded px-px py-[0.2rem] transition-colors duration-100 ease-in-out\">Plastik\u00eb termoplastike pa halogjen<\/span><br data-start=\"328\" data-end=\"331\" \/><strong data-start=\"331\" data-end=\"342\">Ngjyra:<\/strong> <span class=\"relative -mx-px my-[-0.2rem] rounded px-px py-[0.2rem] transition-colors duration-100 ease-in-out\">E bardh\u00eb (RAL 9003)<\/span><br data-start=\"382\" data-end=\"385\" \/><strong data-start=\"385\" data-end=\"398\">Mbrojtja:<\/strong> IP21<br data-start=\"403\" data-end=\"406\" \/><strong data-start=\"406\" data-end=\"430\">Temperatura e pun\u00ebs:<\/strong> <span class=\"relative -mx-px my-[-0.2rem] rounded px-px py-[0.2rem] transition-colors duration-100 ease-in-out\">Nga -5 \u00b0C deri n\u00eb +35 \u00b0C<\/span><br data-start=\"470\" data-end=\"473\" \/><strong data-start=\"473\" data-end=\"503\">Rezistenca ndaj goditjeve:<\/strong> IK04<br data-start=\"508\" data-end=\"511\" \/><strong data-start=\"511\" data-end=\"536\">Kapaciteti i modulit:<\/strong> <span class=\"relative -mx-px my-[-0.2rem] rounded px-px py-[0.2rem] transition-colors duration-100 ease-in-out\">1 modul<\/span><br data-start=\"576\" data-end=\"579\" \/><strong data-start=\"579\" data-end=\"610\">P\u00ebrputhshm\u00ebria me DIN Rail:<\/strong> Jo<br data-start=\"613\" data-end=\"616\" \/><strong data-start=\"616\" data-end=\"646\">Aksesueshm\u00ebria e lidhjeve:<\/strong> <span class=\"relative -mx-px my-[-0.2rem] rounded px-px py-[0.2rem] transition-colors duration-100 ease-in-out\">Terminale me vida p\u00ebr kabllo deri n\u00eb 2.5 mm\u00b2<\/span><br data-start=\"686\" data-end=\"689\" \/><strong data-start=\"689\" data-end=\"718\">Aksesueshm\u00ebria e kapakut:<\/strong> <span class=\"relative -mx-px my-[-0.2rem] rounded px-px py-[0.2rem] transition-colors duration-100 ease-in-out\">Nuk ka<\/span><br data-start=\"758\" data-end=\"761\" \/><strong data-start=\"761\" data-end=\"775\">P\u00ebrdorimi:<\/strong> <span class=\"relative -mx-px my-[-0.2rem] rounded px-px py-[0.2rem] transition-colors duration-100 ease-in-out\">Ideal p\u00ebr instalime elektrike n\u00eb mjedise rezidenciale dhe komerciale, p\u00ebr nd\u00ebrprerjen e linjave elektrike me standard italian 2P<\/span><\/p>","protected":false},"excerpt":{"rendered":"<p>Seria: Living Now BTicinoLloji: Nd\u00ebrprer\u00ebs bipolar 2P 16A, 250 Vac, i ndri\u00e7uar, 1 modul, ngjyr\u00eb e bardh\u00eb (RAL 9003)P\u00ebrmasat totale: 22 mm (gjer\u00ebsi) x 45 mm (lart\u00ebsi) x 41 mm (thell\u00ebsi)Materiali: Plastik\u00eb termoplastike pa halogjenNgjyra: E bardh\u00eb (RAL 9003)Mbrojtja: IP21Temperatura e pun\u00ebs: Nga -5 \u00b0C deri n\u00eb +35 \u00b0CRezistenca ndaj goditjeve: IK04Kapaciteti i modulit: 1 [&hellip;]<\/p>","protected":false},"featured_media":3467,"comment_status":"open","ping_status":"closed","template":"","meta":{"_acf_changed":false},"product_brand":[],"product_cat":[40,64],"product_tag":[],"class_list":{"0":"post-3466","1":"product","2":"type-product","3":"status-publish","4":"has-post-thumbnail","6":"product_cat-serite-civile","7":"product_cat-living-now","9":"first","10":"instock","11":"shipping-taxable","12":"product-type-simple"},"acf":[],"_links":{"self":[{"href":"https:\/\/www.brikaelektrik.al\/al\/wp-json\/wp\/v2\/product\/3466","targetHints":{"allow":["GET"]}}],"collection":[{"href":"https:\/\/www.brikaelektrik.al\/al\/wp-json\/wp\/v2\/product"}],"about":[{"href":"https:\/\/www.brikaelektrik.al\/al\/wp-json\/wp\/v2\/types\/product"}],"replies":[{"embeddable":true,"href":"https:\/\/www.brikaelektrik.al\/al\/wp-json\/wp\/v2\/comments?post=3466"}],"wp:featuredmedia":[{"embeddable":true,"href":"https:\/\/www.brikaelektrik.al\/al\/wp-json\/wp\/v2\/media\/3467"}],"wp:attachment":[{"href":"https:\/\/www.brikaelektrik.al\/al\/wp-json\/wp\/v2\/media?parent=3466"}],"wp:term":[{"taxonomy":"product_brand","embeddable":true,"href":"https:\/\/www.brikaelektrik.al\/al\/wp-json\/wp\/v2\/product_brand?post=3466"},{"taxonomy":"product_cat","embeddable":true,"href":"https:\/\/www.brikaelektrik.al\/al\/wp-json\/wp\/v2\/product_cat?post=3466"},{"taxonomy":"product_tag","embeddable":true,"href":"https:\/\/www.brikaelektrik.al\/al\/wp-json\/wp\/v2\/product_tag?post=3466"}],"curies":[{"name":"wp","href":"https:\/\/api.w.org\/{rel}","templated":true}]}}