{"id":3468,"date":"2025-08-22T13:09:21","date_gmt":"2025-08-22T13:09:21","guid":{"rendered":"https:\/\/www.brikaelektrik.al\/?post_type=product&#038;p=3468"},"modified":"2025-08-22T13:09:21","modified_gmt":"2025-08-22T13:09:21","slug":"celes-bipolar-2p-16a-i-zi","status":"publish","type":"product","link":"https:\/\/www.brikaelektrik.al\/al\/produkt\/celes-bipolar-2p-16a-i-zi\/","title":{"rendered":"\u00c7EL\u00cbS BIPOLAR 2P 16A I ZI"},"content":{"rendered":"<p><strong data-start=\"71\" data-end=\"81\">Seria:<\/strong> <span class=\"relative -mx-px my-[-0.2rem] rounded px-px py-[0.2rem] transition-colors duration-100 ease-in-out\">Living Now BTicino<\/span><br data-start=\"119\" data-end=\"122\" \/><strong data-start=\"122\" data-end=\"132\">Lloji:<\/strong> <span class=\"relative -mx-px my-[-0.2rem] rounded px-px py-[0.2rem] transition-colors duration-100 ease-in-out\">Nd\u00ebrprer\u00ebs bipolar 2P 16A, 250 Vac, i ndri\u00e7uar, 1 modul, ngjyr\u00eb e zez\u00eb (RAL 9005)<\/span><br data-start=\"170\" data-end=\"173\" \/><strong data-start=\"173\" data-end=\"193\" data-is-only-node=\"\">P\u00ebrmasat totale:<\/strong> <span class=\"relative -mx-px my-[-0.2rem] rounded px-px py-[0.2rem] transition-colors duration-100 ease-in-out\">22 mm (gjer\u00ebsi) x 45 mm (lart\u00ebsi) x 41 mm (thell\u00ebsi)<\/span><br data-start=\"231\" data-end=\"234\" \/><strong data-start=\"234\" data-end=\"248\">Materiali:<\/strong> <span class=\"relative -mx-px my-[-0.2rem] rounded px-px py-[0.2rem] transition-colors duration-100 ease-in-out\">Plastik\u00eb termoplastike pa halogjen<\/span><br data-start=\"288\" data-end=\"291\" \/><strong data-start=\"291\" data-end=\"302\">Ngjyra:<\/strong> <span class=\"relative -mx-px my-[-0.2rem] rounded px-px py-[0.2rem] transition-colors duration-100 ease-in-out\">E zez\u00eb (RAL 9005)<\/span><br data-start=\"342\" data-end=\"345\" \/><strong data-start=\"345\" data-end=\"358\">Mbrojtja:<\/strong> IP21<br data-start=\"363\" data-end=\"366\" \/><strong data-start=\"366\" data-end=\"390\">Temperatura e pun\u00ebs:<\/strong> <span class=\"relative -mx-px my-[-0.2rem] rounded px-px py-[0.2rem] transition-colors duration-100 ease-in-out\">Nga -5 \u00b0C deri n\u00eb +35 \u00b0C<\/span><br data-start=\"430\" data-end=\"433\" \/><strong data-start=\"433\" data-end=\"463\">Rezistenca ndaj goditjeve:<\/strong> IK04<br data-start=\"468\" data-end=\"471\" \/><strong data-start=\"471\" data-end=\"496\">Kapaciteti i modulit:<\/strong> <span class=\"relative -mx-px my-[-0.2rem] rounded px-px py-[0.2rem] transition-colors duration-100 ease-in-out\">1 modul<\/span><br data-start=\"536\" data-end=\"539\" \/><strong data-start=\"539\" data-end=\"570\">P\u00ebrputhshm\u00ebria me DIN Rail:<\/strong> Jo<br data-start=\"573\" data-end=\"576\" \/><strong data-start=\"576\" data-end=\"606\">Aksesueshm\u00ebria e lidhjeve:<\/strong> <span class=\"relative -mx-px my-[-0.2rem] rounded px-px py-[0.2rem] transition-colors duration-100 ease-in-out\">Terminale me vida p\u00ebr kabllo deri n\u00eb 2.5 mm\u00b2<\/span><br data-start=\"646\" data-end=\"649\" \/><strong data-start=\"649\" data-end=\"678\">Aksesueshm\u00ebria e kapakut:<\/strong> <span class=\"relative -mx-px my-[-0.2rem] rounded px-px py-[0.2rem] transition-colors duration-100 ease-in-out\">Nuk ka<\/span><br data-start=\"718\" data-end=\"721\" \/><strong data-start=\"721\" data-end=\"735\">P\u00ebrdorimi:<\/strong> <span class=\"relative -mx-px my-[-0.2rem] rounded px-px py-[0.2rem] transition-colors duration-100 ease-in-out\">Ideal p\u00ebr instalime elektrike n\u00eb mjedise rezidenciale dhe komerciale, p\u00ebr nd\u00ebrprerjen e linjave elektrike me standard italian 2P<\/span><\/p>","protected":false},"excerpt":{"rendered":"<p>Seria: Living Now BTicinoLloji: Nd\u00ebrprer\u00ebs bipolar 2P 16A, 250 Vac, i ndri\u00e7uar, 1 modul, ngjyr\u00eb e zez\u00eb (RAL 9005)P\u00ebrmasat totale: 22 mm (gjer\u00ebsi) x 45 mm (lart\u00ebsi) x 41 mm (thell\u00ebsi)Materiali: Plastik\u00eb termoplastike pa halogjenNgjyra: E zez\u00eb (RAL 9005)Mbrojtja: IP21Temperatura e pun\u00ebs: Nga -5 \u00b0C deri n\u00eb +35 \u00b0CRezistenca ndaj goditjeve: IK04Kapaciteti i modulit: 1 [&hellip;]<\/p>","protected":false},"featured_media":3471,"comment_status":"open","ping_status":"closed","template":"","meta":{"_acf_changed":false},"product_brand":[],"product_cat":[40,64],"product_tag":[],"class_list":{"0":"post-3468","1":"product","2":"type-product","3":"status-publish","4":"has-post-thumbnail","6":"product_cat-serite-civile","7":"product_cat-living-now","9":"first","10":"instock","11":"shipping-taxable","12":"product-type-simple"},"acf":[],"_links":{"self":[{"href":"https:\/\/www.brikaelektrik.al\/al\/wp-json\/wp\/v2\/product\/3468","targetHints":{"allow":["GET"]}}],"collection":[{"href":"https:\/\/www.brikaelektrik.al\/al\/wp-json\/wp\/v2\/product"}],"about":[{"href":"https:\/\/www.brikaelektrik.al\/al\/wp-json\/wp\/v2\/types\/product"}],"replies":[{"embeddable":true,"href":"https:\/\/www.brikaelektrik.al\/al\/wp-json\/wp\/v2\/comments?post=3468"}],"wp:featuredmedia":[{"embeddable":true,"href":"https:\/\/www.brikaelektrik.al\/al\/wp-json\/wp\/v2\/media\/3471"}],"wp:attachment":[{"href":"https:\/\/www.brikaelektrik.al\/al\/wp-json\/wp\/v2\/media?parent=3468"}],"wp:term":[{"taxonomy":"product_brand","embeddable":true,"href":"https:\/\/www.brikaelektrik.al\/al\/wp-json\/wp\/v2\/product_brand?post=3468"},{"taxonomy":"product_cat","embeddable":true,"href":"https:\/\/www.brikaelektrik.al\/al\/wp-json\/wp\/v2\/product_cat?post=3468"},{"taxonomy":"product_tag","embeddable":true,"href":"https:\/\/www.brikaelektrik.al\/al\/wp-json\/wp\/v2\/product_tag?post=3468"}],"curies":[{"name":"wp","href":"https:\/\/api.w.org\/{rel}","templated":true}]}}