{"id":3472,"date":"2025-08-22T13:13:54","date_gmt":"2025-08-22T13:13:54","guid":{"rendered":"https:\/\/www.brikaelektrik.al\/?post_type=product&#038;p=3472"},"modified":"2025-08-22T13:13:54","modified_gmt":"2025-08-22T13:13:54","slug":"celes-bipolar-2p-16a-sabbia","status":"publish","type":"product","link":"https:\/\/www.brikaelektrik.al\/al\/produkt\/celes-bipolar-2p-16a-sabbia\/","title":{"rendered":"\u00c7EL\u00cbS BIPOLAR 2P 16A SABBIA"},"content":{"rendered":"<p><strong data-start=\"88\" data-end=\"98\">Seria:<\/strong> Living Now BTicino<br data-start=\"117\" data-end=\"120\" \/><strong data-start=\"120\" data-end=\"130\">Lloji:<\/strong> Nd\u00ebrprer\u00ebs bipolar 2P 16A 250 Vac i ndri\u00e7uar 1 modul ngjyr\u00eb sand<br data-start=\"195\" data-end=\"198\" \/><strong data-start=\"198\" data-end=\"218\" data-is-only-node=\"\">P\u00ebrmasat totale:<\/strong> 22 mm gjer\u00ebsi x 45 mm lart\u00ebsi x 41 mm thell\u00ebsi<br data-start=\"265\" data-end=\"268\" \/><strong data-start=\"268\" data-end=\"282\">Materiali:<\/strong> Plastik\u00eb termoplastike pa halogjen<br data-start=\"317\" data-end=\"320\" \/><strong data-start=\"320\" data-end=\"331\">Ngjyra:<\/strong> Sand (bezh\u00eb)<br data-start=\"344\" data-end=\"347\" \/><strong data-start=\"347\" data-end=\"360\">Mbrojtja:<\/strong> IP21<br data-start=\"365\" data-end=\"368\" \/><strong data-start=\"368\" data-end=\"392\">Temperatura e pun\u00ebs:<\/strong> Nga -5 \u00b0C deri n\u00eb +35 \u00b0C<br data-start=\"417\" data-end=\"420\" \/><strong data-start=\"420\" data-end=\"450\">Rezistenca ndaj goditjeve:<\/strong> IK04<br data-start=\"455\" data-end=\"458\" \/><strong data-start=\"458\" data-end=\"483\">Kapaciteti i modulit:<\/strong> 1 modul<br data-start=\"491\" data-end=\"494\" \/><strong data-start=\"494\" data-end=\"525\">P\u00ebrputhshm\u00ebria me DIN Rail:<\/strong> Jo<br data-start=\"528\" data-end=\"531\" \/><strong data-start=\"531\" data-end=\"561\">Aksesueshm\u00ebria e lidhjeve:<\/strong> Terminale me vida p\u00ebr kabllo deri n\u00eb 2.5 mm\u00b2<br data-start=\"606\" data-end=\"609\" \/><strong data-start=\"609\" data-end=\"638\">Aksesueshm\u00ebria e kapakut:<\/strong> Nuk ka<br data-start=\"645\" data-end=\"648\" \/><strong data-start=\"648\" data-end=\"662\">P\u00ebrdorimi:<\/strong> P\u00ebr nd\u00ebrprerjen e linjave elektrike n\u00eb ambiente t\u00eb brendshme me orientim LED opsional<\/p>","protected":false},"excerpt":{"rendered":"<p>Seria: Living Now BTicinoLloji: Nd\u00ebrprer\u00ebs bipolar 2P 16A 250 Vac i ndri\u00e7uar 1 modul ngjyr\u00eb sandP\u00ebrmasat totale: 22 mm gjer\u00ebsi x 45 mm lart\u00ebsi x 41 mm thell\u00ebsiMateriali: Plastik\u00eb termoplastike pa halogjenNgjyra: Sand (bezh\u00eb)Mbrojtja: IP21Temperatura e pun\u00ebs: Nga -5 \u00b0C deri n\u00eb +35 \u00b0CRezistenca ndaj goditjeve: IK04Kapaciteti i modulit: 1 modulP\u00ebrputhshm\u00ebria me DIN Rail: JoAksesueshm\u00ebria [&hellip;]<\/p>","protected":false},"featured_media":3473,"comment_status":"open","ping_status":"closed","template":"","meta":{"_acf_changed":false},"product_brand":[],"product_cat":[40,64],"product_tag":[],"class_list":{"0":"post-3472","1":"product","2":"type-product","3":"status-publish","4":"has-post-thumbnail","6":"product_cat-serite-civile","7":"product_cat-living-now","9":"first","10":"instock","11":"shipping-taxable","12":"product-type-simple"},"acf":[],"_links":{"self":[{"href":"https:\/\/www.brikaelektrik.al\/al\/wp-json\/wp\/v2\/product\/3472","targetHints":{"allow":["GET"]}}],"collection":[{"href":"https:\/\/www.brikaelektrik.al\/al\/wp-json\/wp\/v2\/product"}],"about":[{"href":"https:\/\/www.brikaelektrik.al\/al\/wp-json\/wp\/v2\/types\/product"}],"replies":[{"embeddable":true,"href":"https:\/\/www.brikaelektrik.al\/al\/wp-json\/wp\/v2\/comments?post=3472"}],"wp:featuredmedia":[{"embeddable":true,"href":"https:\/\/www.brikaelektrik.al\/al\/wp-json\/wp\/v2\/media\/3473"}],"wp:attachment":[{"href":"https:\/\/www.brikaelektrik.al\/al\/wp-json\/wp\/v2\/media?parent=3472"}],"wp:term":[{"taxonomy":"product_brand","embeddable":true,"href":"https:\/\/www.brikaelektrik.al\/al\/wp-json\/wp\/v2\/product_brand?post=3472"},{"taxonomy":"product_cat","embeddable":true,"href":"https:\/\/www.brikaelektrik.al\/al\/wp-json\/wp\/v2\/product_cat?post=3472"},{"taxonomy":"product_tag","embeddable":true,"href":"https:\/\/www.brikaelektrik.al\/al\/wp-json\/wp\/v2\/product_tag?post=3472"}],"curies":[{"name":"wp","href":"https:\/\/api.w.org\/{rel}","templated":true}]}}