{"id":3474,"date":"2025-08-22T13:17:01","date_gmt":"2025-08-22T13:17:01","guid":{"rendered":"https:\/\/www.brikaelektrik.al\/?post_type=product&#038;p=3474"},"modified":"2025-08-22T13:17:01","modified_gmt":"2025-08-22T13:17:01","slug":"celes-devijat-smart-1p-1m-10a","status":"publish","type":"product","link":"https:\/\/www.brikaelektrik.al\/al\/produkt\/celes-devijat-smart-1p-1m-10a\/","title":{"rendered":"\u00c7EL\u00cbS DEVIJAT SMART 1P 1M 10A"},"content":{"rendered":"<p><strong data-start=\"81\" data-end=\"91\">Seria:<\/strong> Living Now BTicino<br data-start=\"110\" data-end=\"113\" \/><strong data-start=\"113\" data-end=\"123\">Lloji:<\/strong> Nd\u00ebrprer\u00ebs i lidhur dykah\u00ebsh connected 1 modul<br data-start=\"170\" data-end=\"173\" \/><strong data-start=\"173\" data-end=\"193\" data-is-only-node=\"\">P\u00ebrmasat totale:<\/strong> 22 mm gjer\u00ebsi x 45 mm lart\u00ebsi x 42 mm thell\u00ebsi<br data-start=\"240\" data-end=\"243\" \/><strong data-start=\"243\" data-end=\"257\">Materiali:<\/strong> Plastik\u00eb termoplastike pa halogjen<br data-start=\"292\" data-end=\"295\" \/><strong data-start=\"295\" data-end=\"306\">Ngjyra:<\/strong> E zez\u00eb (RAL 9005)<br data-start=\"324\" data-end=\"327\" \/><strong data-start=\"327\" data-end=\"340\">Mbrojtja:<\/strong> IP20<br data-start=\"345\" data-end=\"348\" \/><strong data-start=\"348\" data-end=\"372\">Temperatura e pun\u00ebs:<\/strong> Nga 5 \u00b0C deri n\u00eb +45 \u00b0C<br data-start=\"396\" data-end=\"399\" \/><strong data-start=\"399\" data-end=\"429\">Rezistenca ndaj goditjeve:<\/strong> IK04<br data-start=\"434\" data-end=\"437\" \/><strong data-start=\"437\" data-end=\"462\">Kapaciteti i modulit:<\/strong> 1 modul<br data-start=\"470\" data-end=\"473\" \/><strong data-start=\"473\" data-end=\"504\">P\u00ebrputhshm\u00ebria me DIN Rail:<\/strong> Jo<br data-start=\"507\" data-end=\"510\" \/><strong data-start=\"510\" data-end=\"540\">Aksesueshm\u00ebria e lidhjeve:<\/strong> Terminale me vida p\u00ebr kabllo 0.75 deri n\u00eb 2.5 mm\u00b2 k\u00ebrkohet lidhje me neutral<br data-start=\"617\" data-end=\"620\" \/><strong data-start=\"620\" data-end=\"649\">Aksesueshm\u00ebria e kapakut:<\/strong> Nuk ka<br data-start=\"656\" data-end=\"659\" \/><strong data-start=\"659\" data-end=\"673\">P\u00ebrdorimi:<\/strong> Lejon kontroll lokal dhe n\u00eb distanc\u00eb t\u00eb ndri\u00e7imit n\u00eb instalime tradicionale p\u00ebrmes aplikacionit Home + Control dhe pajisjeve smart<\/p>","protected":false},"excerpt":{"rendered":"<p>Seria: Living Now BTicinoLloji: Nd\u00ebrprer\u00ebs i lidhur dykah\u00ebsh connected 1 modulP\u00ebrmasat totale: 22 mm gjer\u00ebsi x 45 mm lart\u00ebsi x 42 mm thell\u00ebsiMateriali: Plastik\u00eb termoplastike pa halogjenNgjyra: E zez\u00eb (RAL 9005)Mbrojtja: IP20Temperatura e pun\u00ebs: Nga 5 \u00b0C deri n\u00eb +45 \u00b0CRezistenca ndaj goditjeve: IK04Kapaciteti i modulit: 1 modulP\u00ebrputhshm\u00ebria me DIN Rail: JoAksesueshm\u00ebria e lidhjeve: Terminale [&hellip;]<\/p>","protected":false},"featured_media":3475,"comment_status":"open","ping_status":"closed","template":"","meta":{"_acf_changed":false},"product_brand":[],"product_cat":[40,64],"product_tag":[],"class_list":{"0":"post-3474","1":"product","2":"type-product","3":"status-publish","4":"has-post-thumbnail","6":"product_cat-serite-civile","7":"product_cat-living-now","9":"first","10":"instock","11":"shipping-taxable","12":"product-type-simple"},"acf":[],"_links":{"self":[{"href":"https:\/\/www.brikaelektrik.al\/al\/wp-json\/wp\/v2\/product\/3474","targetHints":{"allow":["GET"]}}],"collection":[{"href":"https:\/\/www.brikaelektrik.al\/al\/wp-json\/wp\/v2\/product"}],"about":[{"href":"https:\/\/www.brikaelektrik.al\/al\/wp-json\/wp\/v2\/types\/product"}],"replies":[{"embeddable":true,"href":"https:\/\/www.brikaelektrik.al\/al\/wp-json\/wp\/v2\/comments?post=3474"}],"wp:featuredmedia":[{"embeddable":true,"href":"https:\/\/www.brikaelektrik.al\/al\/wp-json\/wp\/v2\/media\/3475"}],"wp:attachment":[{"href":"https:\/\/www.brikaelektrik.al\/al\/wp-json\/wp\/v2\/media?parent=3474"}],"wp:term":[{"taxonomy":"product_brand","embeddable":true,"href":"https:\/\/www.brikaelektrik.al\/al\/wp-json\/wp\/v2\/product_brand?post=3474"},{"taxonomy":"product_cat","embeddable":true,"href":"https:\/\/www.brikaelektrik.al\/al\/wp-json\/wp\/v2\/product_cat?post=3474"},{"taxonomy":"product_tag","embeddable":true,"href":"https:\/\/www.brikaelektrik.al\/al\/wp-json\/wp\/v2\/product_tag?post=3474"}],"curies":[{"name":"wp","href":"https:\/\/api.w.org\/{rel}","templated":true}]}}