{"id":3476,"date":"2025-08-22T13:20:10","date_gmt":"2025-08-22T13:20:10","guid":{"rendered":"https:\/\/www.brikaelektrik.al\/?post_type=product&#038;p=3476"},"modified":"2025-08-22T13:23:00","modified_gmt":"2025-08-22T13:23:00","slug":"celes-grile-me-2-butona-smart","status":"publish","type":"product","link":"https:\/\/www.brikaelektrik.al\/al\/produkt\/celes-grile-me-2-butona-smart\/","title":{"rendered":"\u00c7EL\u00cbS GRILE ME 2 BUTONA SMART"},"content":{"rendered":"<hr data-start=\"105\" data-end=\"108\" \/>\n<p data-start=\"110\" data-end=\"1119\"><strong data-start=\"110\" data-end=\"120\">Seria:<\/strong> Living Now BTicino<br data-start=\"139\" data-end=\"142\" \/><strong data-start=\"142\" data-end=\"152\">Lloji:<\/strong> Kontrollues i lidhur p\u00ebr tapparelle (connected shutter control) q\u00eb lejon kontroll lokal ose nga distanca t\u00eb hapjes dhe mbylljes s\u00eb tapparellave<br data-start=\"296\" data-end=\"299\" \/><strong data-start=\"299\" data-end=\"325\">Tensioni i furnizimit:<\/strong> 100\u2013240\u202fV\u202fAC<br data-start=\"338\" data-end=\"341\" data-is-only-node=\"\" \/><strong data-start=\"341\" data-end=\"368\">Kapaciteti i ngarkes\u00ebs:<\/strong> Maksimum 500\u202fVA p\u00ebr motor\u00ebt standard\u00eb t\u00eb tapparellave (me limite t\u00eb mekanik\u00eb ose elektronik\u00eb)<br data-start=\"462\" data-end=\"465\" \/><strong data-start=\"465\" data-end=\"486\">Numri i moduleve:<\/strong> 1 modul<br data-start=\"494\" data-end=\"497\" \/><strong data-start=\"497\" data-end=\"539\">P\u00ebrputhshm\u00ebria me sistemet ekzistuese:<\/strong> Kompatibil me motor\u00ebt kabllor\u00eb t\u00eb tapparellave; nuk \u00ebsht\u00eb i p\u00ebrshtatsh\u00ebm p\u00ebr motor\u00eb me telekomand\u00eb apo kontroll pulsues<br data-start=\"659\" data-end=\"662\" \/><strong data-start=\"662\" data-end=\"691\">Aksesor\u00eb t\u00eb disponuesh\u00ebm:<\/strong> Mund t\u00eb kombinohet me panelet wireless K4027CW dhe cover-a t\u00eb ndri\u00e7uesh\u00ebm t\u00eb ndrysh\u00ebm p\u00ebr t\u00eb sinkronizuar ngjyrat apo funksionalitetet estetike<br data-start=\"835\" data-end=\"838\" \/><strong data-start=\"838\" data-end=\"869\">P\u00ebrputhshm\u00ebria me DIN Rail:<\/strong> Jo i p\u00ebrshtatsh\u00ebm<br data-start=\"887\" data-end=\"890\" \/><strong data-start=\"890\" data-end=\"904\">P\u00ebrdorimi:<\/strong> Ideal p\u00ebr automatizim t\u00eb tapparellave n\u00eb banesa ose ambiente rezidenciale, duke mund\u00ebsuar funksionim inteligjent dhe t\u00eb integruar<\/p>","protected":false},"excerpt":{"rendered":"<p>Seria: Living Now BTicinoLloji: Kontrollues i lidhur p\u00ebr tapparelle (connected shutter control) q\u00eb lejon kontroll lokal ose nga distanca t\u00eb hapjes dhe mbylljes s\u00eb tapparellaveTensioni i furnizimit: 100\u2013240\u202fV\u202fACKapaciteti i ngarkes\u00ebs: Maksimum 500\u202fVA p\u00ebr motor\u00ebt standard\u00eb t\u00eb tapparellave (me limite t\u00eb mekanik\u00eb ose elektronik\u00eb)Numri i moduleve: 1 modulP\u00ebrputhshm\u00ebria me sistemet ekzistuese: Kompatibil me motor\u00ebt kabllor\u00eb t\u00eb [&hellip;]<\/p>","protected":false},"featured_media":3477,"comment_status":"open","ping_status":"closed","template":"","meta":{"_acf_changed":false},"product_brand":[],"product_cat":[40,64],"product_tag":[],"class_list":{"0":"post-3476","1":"product","2":"type-product","3":"status-publish","4":"has-post-thumbnail","6":"product_cat-serite-civile","7":"product_cat-living-now","9":"first","10":"instock","11":"shipping-taxable","12":"product-type-simple"},"acf":[],"_links":{"self":[{"href":"https:\/\/www.brikaelektrik.al\/al\/wp-json\/wp\/v2\/product\/3476","targetHints":{"allow":["GET"]}}],"collection":[{"href":"https:\/\/www.brikaelektrik.al\/al\/wp-json\/wp\/v2\/product"}],"about":[{"href":"https:\/\/www.brikaelektrik.al\/al\/wp-json\/wp\/v2\/types\/product"}],"replies":[{"embeddable":true,"href":"https:\/\/www.brikaelektrik.al\/al\/wp-json\/wp\/v2\/comments?post=3476"}],"wp:featuredmedia":[{"embeddable":true,"href":"https:\/\/www.brikaelektrik.al\/al\/wp-json\/wp\/v2\/media\/3477"}],"wp:attachment":[{"href":"https:\/\/www.brikaelektrik.al\/al\/wp-json\/wp\/v2\/media?parent=3476"}],"wp:term":[{"taxonomy":"product_brand","embeddable":true,"href":"https:\/\/www.brikaelektrik.al\/al\/wp-json\/wp\/v2\/product_brand?post=3476"},{"taxonomy":"product_cat","embeddable":true,"href":"https:\/\/www.brikaelektrik.al\/al\/wp-json\/wp\/v2\/product_cat?post=3476"},{"taxonomy":"product_tag","embeddable":true,"href":"https:\/\/www.brikaelektrik.al\/al\/wp-json\/wp\/v2\/product_tag?post=3476"}],"curies":[{"name":"wp","href":"https:\/\/api.w.org\/{rel}","templated":true}]}}