{"id":3478,"date":"2025-08-22T13:25:18","date_gmt":"2025-08-22T13:25:18","guid":{"rendered":"https:\/\/www.brikaelektrik.al\/?post_type=product&#038;p=3478"},"modified":"2025-08-22T13:25:18","modified_gmt":"2025-08-22T13:25:18","slug":"celes-i-thjeshte-smart-1p-1m-10a","status":"publish","type":"product","link":"https:\/\/www.brikaelektrik.al\/al\/produkt\/celes-i-thjeshte-smart-1p-1m-10a\/","title":{"rendered":"\u00c7EL\u00cbS I THJESHT\u00cb SMART 1P 1M 10A"},"content":{"rendered":"<p><strong data-start=\"108\" data-end=\"118\">Seria:<\/strong> Living Now BTicino<br data-start=\"137\" data-end=\"140\" \/><strong data-start=\"140\" data-end=\"150\">Lloji:<\/strong> Nd\u00ebrprer\u00ebs i lidhur 1-kah\u00ebsh connected 1 modul<br data-start=\"197\" data-end=\"200\" \/><strong data-start=\"200\" data-end=\"220\" data-is-only-node=\"\">P\u00ebrmasat totale:<\/strong> 22 mm gjer\u00ebsi x 45 mm lart\u00ebsi x 42 mm thell\u00ebsi<br data-start=\"267\" data-end=\"270\" \/><strong data-start=\"270\" data-end=\"284\">Materiali:<\/strong> Plastik\u00eb termoplastike pa halogjen<br data-start=\"319\" data-end=\"322\" \/><strong data-start=\"322\" data-end=\"333\">Ngjyra:<\/strong> E zez\u00eb<br data-start=\"340\" data-end=\"343\" \/><strong data-start=\"343\" data-end=\"356\">Mbrojtja:<\/strong> IP20<br data-start=\"361\" data-end=\"364\" \/><strong data-start=\"364\" data-end=\"388\">Temperatura e pun\u00ebs:<\/strong> Nga 5 \u00b0C deri n\u00eb +45 \u00b0C<br data-start=\"412\" data-end=\"415\" \/><strong data-start=\"415\" data-end=\"445\">Rezistenca ndaj goditjeve:<\/strong> IK04<br data-start=\"450\" data-end=\"453\" \/><strong data-start=\"453\" data-end=\"478\">Kapaciteti i modulit:<\/strong> 1 modul<br data-start=\"486\" data-end=\"489\" \/><strong data-start=\"489\" data-end=\"520\">P\u00ebrputhshm\u00ebria me DIN Rail:<\/strong> Jo<br data-start=\"523\" data-end=\"526\" \/><strong data-start=\"526\" data-end=\"556\">Aksesueshm\u00ebria e lidhjeve:<\/strong> Terminale me vida p\u00ebr kabllo 0.75 deri n\u00eb 2.5 mm\u00b2 k\u00ebrkohet lidhje me neutral<br data-start=\"633\" data-end=\"636\" \/><strong data-start=\"636\" data-end=\"665\">Aksesueshm\u00ebria e kapakut:<\/strong> Nuk ka<br data-start=\"672\" data-end=\"675\" \/><strong data-start=\"675\" data-end=\"689\">P\u00ebrdorimi:<\/strong> P\u00ebr ndezjen dhe fikjen e ndri\u00e7imit me komandim lokal ose n\u00eb distanc\u00eb p\u00ebrmes aplikacionit Home + Control ose asistent\u00ebve zanor\u00eb<\/p>","protected":false},"excerpt":{"rendered":"<p>Seria: Living Now BTicinoLloji: Nd\u00ebrprer\u00ebs i lidhur 1-kah\u00ebsh connected 1 modulP\u00ebrmasat totale: 22 mm gjer\u00ebsi x 45 mm lart\u00ebsi x 42 mm thell\u00ebsiMateriali: Plastik\u00eb termoplastike pa halogjenNgjyra: E zez\u00ebMbrojtja: IP20Temperatura e pun\u00ebs: Nga 5 \u00b0C deri n\u00eb +45 \u00b0CRezistenca ndaj goditjeve: IK04Kapaciteti i modulit: 1 modulP\u00ebrputhshm\u00ebria me DIN Rail: JoAksesueshm\u00ebria e lidhjeve: Terminale me vida [&hellip;]<\/p>","protected":false},"featured_media":3479,"comment_status":"open","ping_status":"closed","template":"","meta":{"_acf_changed":false},"product_brand":[],"product_cat":[40,64],"product_tag":[],"class_list":{"0":"post-3478","1":"product","2":"type-product","3":"status-publish","4":"has-post-thumbnail","6":"product_cat-serite-civile","7":"product_cat-living-now","9":"first","10":"instock","11":"shipping-taxable","12":"product-type-simple"},"acf":[],"_links":{"self":[{"href":"https:\/\/www.brikaelektrik.al\/al\/wp-json\/wp\/v2\/product\/3478","targetHints":{"allow":["GET"]}}],"collection":[{"href":"https:\/\/www.brikaelektrik.al\/al\/wp-json\/wp\/v2\/product"}],"about":[{"href":"https:\/\/www.brikaelektrik.al\/al\/wp-json\/wp\/v2\/types\/product"}],"replies":[{"embeddable":true,"href":"https:\/\/www.brikaelektrik.al\/al\/wp-json\/wp\/v2\/comments?post=3478"}],"wp:featuredmedia":[{"embeddable":true,"href":"https:\/\/www.brikaelektrik.al\/al\/wp-json\/wp\/v2\/media\/3479"}],"wp:attachment":[{"href":"https:\/\/www.brikaelektrik.al\/al\/wp-json\/wp\/v2\/media?parent=3478"}],"wp:term":[{"taxonomy":"product_brand","embeddable":true,"href":"https:\/\/www.brikaelektrik.al\/al\/wp-json\/wp\/v2\/product_brand?post=3478"},{"taxonomy":"product_cat","embeddable":true,"href":"https:\/\/www.brikaelektrik.al\/al\/wp-json\/wp\/v2\/product_cat?post=3478"},{"taxonomy":"product_tag","embeddable":true,"href":"https:\/\/www.brikaelektrik.al\/al\/wp-json\/wp\/v2\/product_tag?post=3478"}],"curies":[{"name":"wp","href":"https:\/\/api.w.org\/{rel}","templated":true}]}}