{"id":3480,"date":"2025-08-22T13:29:22","date_gmt":"2025-08-22T13:29:22","guid":{"rendered":"https:\/\/www.brikaelektrik.al\/?post_type=product&#038;p=3480"},"modified":"2025-08-22T13:29:22","modified_gmt":"2025-08-22T13:29:22","slug":"celes-i-thjeshte-1p-10a","status":"publish","type":"product","link":"https:\/\/www.brikaelektrik.al\/al\/produkt\/celes-i-thjeshte-1p-10a\/","title":{"rendered":"\u00c7EL\u00cbS I THJESHT\u00cb 1P 10A"},"content":{"rendered":"<p><strong data-start=\"104\" data-end=\"114\">Seria:<\/strong> Living Now BTicino<br data-start=\"133\" data-end=\"136\" \/><strong data-start=\"136\" data-end=\"146\">Lloji:<\/strong> Nd\u00ebrprer\u00ebs 1-kah\u00ebsh 1P 10AX 250V AC i ndri\u00e7uesh\u00ebm<br data-start=\"196\" data-end=\"199\" \/><strong data-start=\"199\" data-end=\"219\" data-is-only-node=\"\">P\u00ebrmasat totale:<\/strong> 22 mm gjer\u00ebsi x 45 mm lart\u00ebsi x 34 mm thell\u00ebsi<br data-start=\"266\" data-end=\"269\" \/><strong data-start=\"269\" data-end=\"283\">Materiali:<\/strong> Plastik\u00eb termoplastike pa halogjen<br data-start=\"318\" data-end=\"321\" \/><strong data-start=\"321\" data-end=\"332\">Ngjyra:<\/strong> E zez\u00eb<br data-start=\"339\" data-end=\"342\" \/><strong data-start=\"342\" data-end=\"355\">Mbrojtja:<\/strong> IP20<br data-start=\"360\" data-end=\"363\" \/><strong data-start=\"363\" data-end=\"387\">Temperatura e pun\u00ebs:<\/strong> Nga -5 \u00b0C deri n\u00eb +35 \u00b0C<br data-start=\"412\" data-end=\"415\" \/><strong data-start=\"415\" data-end=\"445\">Rezistenca ndaj goditjeve:<\/strong> IK04<br data-start=\"450\" data-end=\"453\" \/><strong data-start=\"453\" data-end=\"478\">Kapaciteti i modulit:<\/strong> 1 modul<br data-start=\"486\" data-end=\"489\" \/><strong data-start=\"489\" data-end=\"520\">P\u00ebrputhshm\u00ebria me DIN Rail:<\/strong> Jo<br data-start=\"523\" data-end=\"526\" \/><strong data-start=\"526\" data-end=\"556\">Aksesueshm\u00ebria e lidhjeve:<\/strong> Terminale me vida p\u00ebr kabllo 1.5 deri n\u00eb 2.5 mm\u00b2<br data-start=\"605\" data-end=\"608\" \/><strong data-start=\"608\" data-end=\"637\">Aksesueshm\u00ebria e kapakut:<\/strong> Nuk ka kapak t\u00eb integruar montimi b\u00ebhet me korniz\u00eb dhe mbules\u00eb t\u00eb ve\u00e7ant\u00eb<br data-start=\"711\" data-end=\"714\" \/><strong data-start=\"714\" data-end=\"728\">P\u00ebrdorimi:<\/strong> P\u00ebrdoret p\u00ebr ndezje dhe fikje t\u00eb dritave n\u00eb instalime elektrike t\u00eb brendshme n\u00ebp\u00ebrmjet komand\u00ebs manuale<\/p>","protected":false},"excerpt":{"rendered":"<p>Seria: Living Now BTicinoLloji: Nd\u00ebrprer\u00ebs 1-kah\u00ebsh 1P 10AX 250V AC i ndri\u00e7uesh\u00ebmP\u00ebrmasat totale: 22 mm gjer\u00ebsi x 45 mm lart\u00ebsi x 34 mm thell\u00ebsiMateriali: Plastik\u00eb termoplastike pa halogjenNgjyra: E zez\u00ebMbrojtja: IP20Temperatura e pun\u00ebs: Nga -5 \u00b0C deri n\u00eb +35 \u00b0CRezistenca ndaj goditjeve: IK04Kapaciteti i modulit: 1 modulP\u00ebrputhshm\u00ebria me DIN Rail: JoAksesueshm\u00ebria e lidhjeve: Terminale me [&hellip;]<\/p>","protected":false},"featured_media":3481,"comment_status":"open","ping_status":"closed","template":"","meta":{"_acf_changed":false},"product_brand":[],"product_cat":[40,64],"product_tag":[],"class_list":{"0":"post-3480","1":"product","2":"type-product","3":"status-publish","4":"has-post-thumbnail","6":"product_cat-serite-civile","7":"product_cat-living-now","9":"first","10":"instock","11":"shipping-taxable","12":"product-type-simple"},"acf":[],"_links":{"self":[{"href":"https:\/\/www.brikaelektrik.al\/al\/wp-json\/wp\/v2\/product\/3480","targetHints":{"allow":["GET"]}}],"collection":[{"href":"https:\/\/www.brikaelektrik.al\/al\/wp-json\/wp\/v2\/product"}],"about":[{"href":"https:\/\/www.brikaelektrik.al\/al\/wp-json\/wp\/v2\/types\/product"}],"replies":[{"embeddable":true,"href":"https:\/\/www.brikaelektrik.al\/al\/wp-json\/wp\/v2\/comments?post=3480"}],"wp:featuredmedia":[{"embeddable":true,"href":"https:\/\/www.brikaelektrik.al\/al\/wp-json\/wp\/v2\/media\/3481"}],"wp:attachment":[{"href":"https:\/\/www.brikaelektrik.al\/al\/wp-json\/wp\/v2\/media?parent=3480"}],"wp:term":[{"taxonomy":"product_brand","embeddable":true,"href":"https:\/\/www.brikaelektrik.al\/al\/wp-json\/wp\/v2\/product_brand?post=3480"},{"taxonomy":"product_cat","embeddable":true,"href":"https:\/\/www.brikaelektrik.al\/al\/wp-json\/wp\/v2\/product_cat?post=3480"},{"taxonomy":"product_tag","embeddable":true,"href":"https:\/\/www.brikaelektrik.al\/al\/wp-json\/wp\/v2\/product_tag?post=3480"}],"curies":[{"name":"wp","href":"https:\/\/api.w.org\/{rel}","templated":true}]}}