{"id":3482,"date":"2025-08-22T13:34:01","date_gmt":"2025-08-22T13:34:01","guid":{"rendered":"https:\/\/www.brikaelektrik.al\/?post_type=product&#038;p=3482"},"modified":"2025-08-22T13:37:22","modified_gmt":"2025-08-22T13:37:22","slug":"cover-bipolar-bivalente-pulsant-litar-1m-16a","status":"publish","type":"product","link":"https:\/\/www.brikaelektrik.al\/al\/produkt\/cover-bipolar-bivalente-pulsant-litar-1m-16a\/","title":{"rendered":"COVER BIPOLAR + BIVALENTE + PULSANT LITAR 1M 16A E ZEZ\u00cb"},"content":{"rendered":"<p><strong data-start=\"141\" data-end=\"151\">Seria:<\/strong> Living\u202fNow\u202fBTicino<br data-start=\"170\" data-end=\"173\" \/><strong data-start=\"173\" data-end=\"183\">Lloji:<\/strong> Cover (mbules\u00eb) p\u00ebr priz\u00eb standard italiane, buton me val\u00eb t\u00ebrheq\u00ebse ose nd\u00ebrprer\u00ebs bipolar (1 modul)<br data-start=\"285\" data-end=\"288\" \/><strong data-start=\"288\" data-end=\"308\">P\u00ebrmasat totale:<\/strong> Gjer\u00ebsi 22\u202fmm \u00d7 lart\u00ebsi 86\u202fmm \u00d7 thell\u00ebsi 7\u202fmm<br data-start=\"354\" data-end=\"357\" data-is-only-node=\"\" \/><strong data-start=\"357\" data-end=\"371\">Materiali:<\/strong> Plastik\u00eb termoplastike pa halogjen, sip\u00ebrfaqe matte, pa trajtim antibakterial<br data-start=\"449\" data-end=\"452\" \/><strong data-start=\"452\" data-end=\"463\">Ngjyra:<\/strong> E zez\u00eb (ngjyr\u00eb shum\u00eb e ngjashme me RAL\u202f7015)<br data-start=\"508\" data-end=\"511\" \/><strong data-start=\"511\" data-end=\"524\">Mbrojtja:<\/strong> IP20<br data-start=\"529\" data-end=\"532\" \/><strong data-start=\"532\" data-end=\"562\">Rezistenca ndaj goditjeve:<\/strong> IK00<br data-start=\"567\" data-end=\"570\" \/><strong data-start=\"570\" data-end=\"594\">Temperatura e pun\u00ebs:<\/strong> Nga \u20135\u202f\u00b0C deri n\u00eb +50\u202f\u00b0C<br data-start=\"619\" data-end=\"622\" \/><strong data-start=\"622\" data-end=\"652\">Temperatura e magazinimit:<\/strong> Nga \u201310\u202f\u00b0C deri n\u00eb +70\u202f\u00b0C<br data-start=\"678\" data-end=\"681\" \/><strong data-start=\"681\" data-end=\"712\">Karakteristikat e montimit:<\/strong> Montim me kapje (snap\u2011on) p\u00ebr nj\u00eb modul<br data-start=\"752\" data-end=\"755\" \/><strong data-start=\"826\" data-end=\"840\">P\u00ebrdorimi:<\/strong> Mbules\u00eb estetike dhe mbrojt\u00ebse p\u00ebr pran\u00eb Art. KG4033 (button me val\u00eb), KG4002 (nd\u00ebrprer\u00ebs bipolar), KG4113 (priz\u00eb 2P+T 10\u202fA) dhe KG4180 (priz\u00eb bipasso 2P+T 10\/16\u202fA)<\/p>","protected":false},"excerpt":{"rendered":"<p>Seria: Living\u202fNow\u202fBTicinoLloji: Cover (mbules\u00eb) p\u00ebr priz\u00eb standard italiane, buton me val\u00eb t\u00ebrheq\u00ebse ose nd\u00ebrprer\u00ebs bipolar (1 modul)P\u00ebrmasat totale: Gjer\u00ebsi 22\u202fmm \u00d7 lart\u00ebsi 86\u202fmm \u00d7 thell\u00ebsi 7\u202fmmMateriali: Plastik\u00eb termoplastike pa halogjen, sip\u00ebrfaqe matte, pa trajtim antibakterialNgjyra: E zez\u00eb (ngjyr\u00eb shum\u00eb e ngjashme me RAL\u202f7015)Mbrojtja: IP20Rezistenca ndaj goditjeve: IK00Temperatura e pun\u00ebs: Nga \u20135\u202f\u00b0C deri n\u00eb +50\u202f\u00b0CTemperatura e [&hellip;]<\/p>","protected":false},"featured_media":3483,"comment_status":"open","ping_status":"closed","template":"","meta":{"_acf_changed":false},"product_brand":[],"product_cat":[40,64],"product_tag":[],"class_list":{"0":"post-3482","1":"product","2":"type-product","3":"status-publish","4":"has-post-thumbnail","6":"product_cat-serite-civile","7":"product_cat-living-now","9":"first","10":"instock","11":"shipping-taxable","12":"product-type-simple"},"acf":[],"_links":{"self":[{"href":"https:\/\/www.brikaelektrik.al\/al\/wp-json\/wp\/v2\/product\/3482","targetHints":{"allow":["GET"]}}],"collection":[{"href":"https:\/\/www.brikaelektrik.al\/al\/wp-json\/wp\/v2\/product"}],"about":[{"href":"https:\/\/www.brikaelektrik.al\/al\/wp-json\/wp\/v2\/types\/product"}],"replies":[{"embeddable":true,"href":"https:\/\/www.brikaelektrik.al\/al\/wp-json\/wp\/v2\/comments?post=3482"}],"wp:featuredmedia":[{"embeddable":true,"href":"https:\/\/www.brikaelektrik.al\/al\/wp-json\/wp\/v2\/media\/3483"}],"wp:attachment":[{"href":"https:\/\/www.brikaelektrik.al\/al\/wp-json\/wp\/v2\/media?parent=3482"}],"wp:term":[{"taxonomy":"product_brand","embeddable":true,"href":"https:\/\/www.brikaelektrik.al\/al\/wp-json\/wp\/v2\/product_brand?post=3482"},{"taxonomy":"product_cat","embeddable":true,"href":"https:\/\/www.brikaelektrik.al\/al\/wp-json\/wp\/v2\/product_cat?post=3482"},{"taxonomy":"product_tag","embeddable":true,"href":"https:\/\/www.brikaelektrik.al\/al\/wp-json\/wp\/v2\/product_tag?post=3482"}],"curies":[{"name":"wp","href":"https:\/\/api.w.org\/{rel}","templated":true}]}}