{"id":3484,"date":"2025-08-22T13:35:54","date_gmt":"2025-08-22T13:35:54","guid":{"rendered":"https:\/\/www.brikaelektrik.al\/?post_type=product&#038;p=3484"},"modified":"2025-08-22T13:35:54","modified_gmt":"2025-08-22T13:35:54","slug":"cover-bipolar-bivalente-pulsant-me-litar-1m-16a-sabbia","status":"publish","type":"product","link":"https:\/\/www.brikaelektrik.al\/al\/produkt\/cover-bipolar-bivalente-pulsant-me-litar-1m-16a-sabbia\/","title":{"rendered":"COVER BIPOLAR + BIVALENTE + PULSANT ME LITAR 1M 16A SABBIA"},"content":{"rendered":"<p><strong data-start=\"115\" data-end=\"125\">Seria:<\/strong> Living Now BTicino<br data-start=\"144\" data-end=\"147\" \/><strong data-start=\"147\" data-end=\"157\">Lloji:<\/strong> Mbules\u00eb (cover) p\u00ebr priz\u00eb standarde italiane, buton me val\u00eb t\u00ebrheq\u00ebse ose nd\u00ebrprer\u00ebs bipolar (1 modul)<br data-start=\"260\" data-end=\"263\" \/><strong data-start=\"263\" data-end=\"283\">P\u00ebrmasat totale:<\/strong> Gjer\u00ebsi 22\u202fmm \u00d7 lart\u00ebsi 86\u202fmm \u00d7 thell\u00ebsi 7\u202fmm<br data-start=\"329\" data-end=\"332\" \/><strong data-start=\"332\" data-end=\"346\" data-is-only-node=\"\">Materiali:<\/strong> Plastik\u00eb termoplastike pa halogjen, sip\u00ebrfaqe matte<br data-start=\"398\" data-end=\"401\" \/><strong data-start=\"401\" data-end=\"412\">Ngjyra:<\/strong> E zez\u00eb (ngjyr\u00eb shum\u00eb e ngjashme me RAL\u202f7015)<br data-start=\"457\" data-end=\"460\" \/><strong data-start=\"460\" data-end=\"473\">Mbrojtja:<\/strong> IP20<br data-start=\"478\" data-end=\"481\" \/><strong data-start=\"481\" data-end=\"505\">Temperatura e pun\u00ebs:<\/strong> Nga \u20135\u202f\u00b0C deri n\u00eb +50\u202f\u00b0C<br data-start=\"530\" data-end=\"533\" \/><strong data-start=\"533\" data-end=\"563\">Temperatura e magazinimit:<\/strong> Nga \u201310\u202f\u00b0C deri n\u00eb +70\u202f\u00b0C<br data-start=\"589\" data-end=\"592\" \/><strong data-start=\"592\" data-end=\"623\">Karakteristikat e montimit:<\/strong> Montim me kapje (snap-on) p\u00ebr nj\u00eb modul<br data-start=\"663\" data-end=\"666\" \/><strong data-start=\"666\" data-end=\"696\">Aksesueshm\u00ebria e lidhjeve:<\/strong> Nuk aplikohet (p\u00ebrmban vet\u00ebm mbules\u00eb)<br data-start=\"734\" data-end=\"737\" \/><strong data-start=\"737\" data-end=\"751\">P\u00ebrdorimi:<\/strong> Mbules\u00eb estetike dhe mbrojt\u00ebse p\u00ebr pran\u00eb Art. KG4033 (button me val\u00eb), KG4002 (nd\u00ebrprer\u00ebs bipolar), KG4113 (priz\u00eb 2P+T 10\u202fA) dhe KG4180 (priz\u00eb bipasso 2P+T 10\/16\u202fA)<\/p>","protected":false},"excerpt":{"rendered":"<p>Seria: Living Now BTicinoLloji: Mbules\u00eb (cover) p\u00ebr priz\u00eb standarde italiane, buton me val\u00eb t\u00ebrheq\u00ebse ose nd\u00ebrprer\u00ebs bipolar (1 modul)P\u00ebrmasat totale: Gjer\u00ebsi 22\u202fmm \u00d7 lart\u00ebsi 86\u202fmm \u00d7 thell\u00ebsi 7\u202fmmMateriali: Plastik\u00eb termoplastike pa halogjen, sip\u00ebrfaqe matteNgjyra: E zez\u00eb (ngjyr\u00eb shum\u00eb e ngjashme me RAL\u202f7015)Mbrojtja: IP20Temperatura e pun\u00ebs: Nga \u20135\u202f\u00b0C deri n\u00eb +50\u202f\u00b0CTemperatura e magazinimit: Nga \u201310\u202f\u00b0C deri [&hellip;]<\/p>","protected":false},"featured_media":3485,"comment_status":"open","ping_status":"closed","template":"","meta":{"_acf_changed":false},"product_brand":[],"product_cat":[40,64],"product_tag":[],"class_list":{"0":"post-3484","1":"product","2":"type-product","3":"status-publish","4":"has-post-thumbnail","6":"product_cat-serite-civile","7":"product_cat-living-now","9":"first","10":"instock","11":"shipping-taxable","12":"product-type-simple"},"acf":[],"_links":{"self":[{"href":"https:\/\/www.brikaelektrik.al\/al\/wp-json\/wp\/v2\/product\/3484","targetHints":{"allow":["GET"]}}],"collection":[{"href":"https:\/\/www.brikaelektrik.al\/al\/wp-json\/wp\/v2\/product"}],"about":[{"href":"https:\/\/www.brikaelektrik.al\/al\/wp-json\/wp\/v2\/types\/product"}],"replies":[{"embeddable":true,"href":"https:\/\/www.brikaelektrik.al\/al\/wp-json\/wp\/v2\/comments?post=3484"}],"wp:featuredmedia":[{"embeddable":true,"href":"https:\/\/www.brikaelektrik.al\/al\/wp-json\/wp\/v2\/media\/3485"}],"wp:attachment":[{"href":"https:\/\/www.brikaelektrik.al\/al\/wp-json\/wp\/v2\/media?parent=3484"}],"wp:term":[{"taxonomy":"product_brand","embeddable":true,"href":"https:\/\/www.brikaelektrik.al\/al\/wp-json\/wp\/v2\/product_brand?post=3484"},{"taxonomy":"product_cat","embeddable":true,"href":"https:\/\/www.brikaelektrik.al\/al\/wp-json\/wp\/v2\/product_cat?post=3484"},{"taxonomy":"product_tag","embeddable":true,"href":"https:\/\/www.brikaelektrik.al\/al\/wp-json\/wp\/v2\/product_tag?post=3484"}],"curies":[{"name":"wp","href":"https:\/\/api.w.org\/{rel}","templated":true}]}}