{"id":3491,"date":"2025-08-22T13:44:29","date_gmt":"2025-08-22T13:44:29","guid":{"rendered":"https:\/\/www.brikaelektrik.al\/?post_type=product&#038;p=3491"},"modified":"2025-08-22T13:44:29","modified_gmt":"2025-08-22T13:44:29","slug":"cover-celes-4001-4003-4004-4005-1m-i-bardhe","status":"publish","type":"product","link":"https:\/\/www.brikaelektrik.al\/al\/produkt\/cover-celes-4001-4003-4004-4005-1m-i-bardhe\/","title":{"rendered":"COVER \u00c7EL\u00cbS (4001 4003 4004 4005) 1M I BARDH\u00cb"},"content":{"rendered":"<p><strong data-start=\"223\" data-end=\"233\">Seria:<\/strong> Living Now BTicino<br data-start=\"252\" data-end=\"255\" \/><strong data-start=\"255\" data-end=\"265\">Lloji:<\/strong> Mbules\u00eb ndri\u00e7uese p\u00ebr nd\u00ebrprer\u00ebs, devijator dhe buton \u2013 1 modul \u2013 e bardh\u00eb<br data-start=\"340\" data-end=\"343\" \/><strong data-start=\"343\" data-end=\"363\">P\u00ebrmasat totale:<\/strong> 22 mm gjer\u00ebsi \u00d7 86 mm lart\u00ebsi \u00d7 7 mm thell\u00ebsi<br data-start=\"409\" data-end=\"412\" \/><strong data-start=\"412\" data-end=\"426\">Materiali:<\/strong> Termoplastik i bardh\u00eb me p\u00ebrfundim satin dhe ndjesi t\u00eb but\u00eb<br data-start=\"486\" data-end=\"489\" data-is-only-node=\"\" \/><strong data-start=\"489\" data-end=\"500\">Ngjyra:<\/strong> E bardh\u00eb (ngjyr\u00eb shum\u00eb e ngjashme me RAL\u202f9003)<br data-start=\"547\" data-end=\"550\" \/><strong data-start=\"550\" data-end=\"563\">Mbrojtja:<\/strong> IP20<br data-start=\"568\" data-end=\"571\" \/><strong data-start=\"571\" data-end=\"595\">Temperatura e pun\u00ebs:<\/strong> Nga \u20135\u202f\u00b0C deri n\u00eb +50\u202f\u00b0C<br data-start=\"620\" data-end=\"623\" \/><strong data-start=\"623\" data-end=\"653\">Temperatura e magazinimit:<\/strong> Nga \u201310\u202f\u00b0C deri n\u00eb +70\u202f\u00b0C<br data-start=\"679\" data-end=\"682\" \/><strong data-start=\"682\" data-end=\"713\">Karakteristikat e montimit:<\/strong> Montim me kapje (snap-on) p\u00ebr nj\u00eb modul<br data-start=\"753\" data-end=\"756\" \/><strong data-start=\"756\" data-end=\"786\">Aksesueshm\u00ebria e lidhjeve:<\/strong> Nuk aplikohet (p\u00ebrmban vet\u00ebm mbules\u00eb)<br data-start=\"824\" data-end=\"827\" \/><strong data-start=\"827\" data-end=\"841\">P\u00ebrdorimi:<\/strong> Mbules\u00eb estetike dhe mbrojt\u00ebse p\u00ebr pran\u00eb Art. K4001 (nd\u00ebrprer\u00ebs 1P 10\u202fA), K4003 (devijator 1P 10\u202fA), K4004 (invertues 10\u202fA), K4005 (buton 1P), K4034 (buton 10\u202fA)<br data-start=\"1003\" data-end=\"1006\" \/><strong data-start=\"1006\" data-end=\"1032\">Karakteristika shtes\u00eb:<\/strong> Material rezistent ndaj UV; pa halogjen; dizajn minimalist; e p\u00ebrshtatshme p\u00ebr kombinime me pajisje Living Now (cover i centralizuar moduli)<\/p>","protected":false},"excerpt":{"rendered":"<p>Seria: Living Now BTicinoLloji: Mbules\u00eb ndri\u00e7uese p\u00ebr nd\u00ebrprer\u00ebs, devijator dhe buton \u2013 1 modul \u2013 e bardh\u00ebP\u00ebrmasat totale: 22 mm gjer\u00ebsi \u00d7 86 mm lart\u00ebsi \u00d7 7 mm thell\u00ebsiMateriali: Termoplastik i bardh\u00eb me p\u00ebrfundim satin dhe ndjesi t\u00eb but\u00ebNgjyra: E bardh\u00eb (ngjyr\u00eb shum\u00eb e ngjashme me RAL\u202f9003)Mbrojtja: IP20Temperatura e pun\u00ebs: Nga \u20135\u202f\u00b0C deri n\u00eb +50\u202f\u00b0CTemperatura [&hellip;]<\/p>","protected":false},"featured_media":3492,"comment_status":"open","ping_status":"closed","template":"","meta":{"_acf_changed":false},"product_brand":[],"product_cat":[40,64],"product_tag":[],"class_list":{"0":"post-3491","1":"product","2":"type-product","3":"status-publish","4":"has-post-thumbnail","6":"product_cat-serite-civile","7":"product_cat-living-now","9":"first","10":"instock","11":"shipping-taxable","12":"product-type-simple"},"acf":[],"_links":{"self":[{"href":"https:\/\/www.brikaelektrik.al\/al\/wp-json\/wp\/v2\/product\/3491","targetHints":{"allow":["GET"]}}],"collection":[{"href":"https:\/\/www.brikaelektrik.al\/al\/wp-json\/wp\/v2\/product"}],"about":[{"href":"https:\/\/www.brikaelektrik.al\/al\/wp-json\/wp\/v2\/types\/product"}],"replies":[{"embeddable":true,"href":"https:\/\/www.brikaelektrik.al\/al\/wp-json\/wp\/v2\/comments?post=3491"}],"wp:featuredmedia":[{"embeddable":true,"href":"https:\/\/www.brikaelektrik.al\/al\/wp-json\/wp\/v2\/media\/3492"}],"wp:attachment":[{"href":"https:\/\/www.brikaelektrik.al\/al\/wp-json\/wp\/v2\/media?parent=3491"}],"wp:term":[{"taxonomy":"product_brand","embeddable":true,"href":"https:\/\/www.brikaelektrik.al\/al\/wp-json\/wp\/v2\/product_brand?post=3491"},{"taxonomy":"product_cat","embeddable":true,"href":"https:\/\/www.brikaelektrik.al\/al\/wp-json\/wp\/v2\/product_cat?post=3491"},{"taxonomy":"product_tag","embeddable":true,"href":"https:\/\/www.brikaelektrik.al\/al\/wp-json\/wp\/v2\/product_tag?post=3491"}],"curies":[{"name":"wp","href":"https:\/\/api.w.org\/{rel}","templated":true}]}}